{"id":2767,"date":"2022-05-13T22:50:58","date_gmt":"2022-05-13T19:50:58","guid":{"rendered":"https:\/\/bergamatiyatrofestivali.com\/?page_id=2767"},"modified":"2024-08-07T23:49:54","modified_gmt":"2024-08-07T20:49:54","slug":"bergama-muzesi","status":"publish","type":"page","link":"https:\/\/bergamatiyatrofestivali.com\/en\/bergama-muzesi\/","title":{"rendered":"Bergama M\u00fczesi"},"content":{"rendered":"<div class='flex_column av-rzna7-6d58b5c90d8aae1e9547c13ff94953f1 av_one_half  avia-builder-el-0  el_before_av_one_half  avia-builder-el-first  first flex_column_div'   ><p>\n<style type=\"text\/css\" data-created_by=\"avia_inline_auto\" id=\"style-css-av-6byain-10e5ee5a283b4057f487c8eb60d0942f\">\n.avia-image-container.av-6byain-10e5ee5a283b4057f487c8eb60d0942f .av-image-caption-overlay-center{\ncolor:#ffffff;\n}\n<\/style>\n<div  class='avia-image-container av-6byain-10e5ee5a283b4057f487c8eb60d0942f av-styling- avia-align-center  avia-builder-el-1  el_before_av_textblock  avia-builder-el-first'  itemprop=\"image\" itemscope=\"itemscope\" itemtype=\"https:\/\/schema.org\/ImageObject\" ><div class=\"avia-image-container-inner\"><div class=\"avia-image-overlay-wrap\"><img decoding=\"async\" class='wp-image-4491 avia-img-lazy-loading-not-4491 avia_image' src=\"https:\/\/bergamatiyatrofestivali.com\/wp-content\/uploads\/2024\/08\/1-berg-muzesi-eser-koleksiyon_mobilet-2.jpg\" alt='' title='1-berg mu\u0308zesi eser koleksiyon_mobilet (2)'  height=\"1095\" width=\"1948\"  itemprop=\"thumbnailUrl\" srcset=\"https:\/\/bergamatiyatrofestivali.com\/wp-content\/uploads\/2024\/08\/1-berg-muzesi-eser-koleksiyon_mobilet-2.jpg 1948w, https:\/\/bergamatiyatrofestivali.com\/wp-content\/uploads\/2024\/08\/1-berg-muzesi-eser-koleksiyon_mobilet-2-300x169.jpg 300w, https:\/\/bergamatiyatrofestivali.com\/wp-content\/uploads\/2024\/08\/1-berg-muzesi-eser-koleksiyon_mobilet-2-1030x579.jpg 1030w, https:\/\/bergamatiyatrofestivali.com\/wp-content\/uploads\/2024\/08\/1-berg-muzesi-eser-koleksiyon_mobilet-2-768x432.jpg 768w, https:\/\/bergamatiyatrofestivali.com\/wp-content\/uploads\/2024\/08\/1-berg-muzesi-eser-koleksiyon_mobilet-2-1536x863.jpg 1536w, https:\/\/bergamatiyatrofestivali.com\/wp-content\/uploads\/2024\/08\/1-berg-muzesi-eser-koleksiyon_mobilet-2-18x10.jpg 18w, https:\/\/bergamatiyatrofestivali.com\/wp-content\/uploads\/2024\/08\/1-berg-muzesi-eser-koleksiyon_mobilet-2-1500x843.jpg 1500w, https:\/\/bergamatiyatrofestivali.com\/wp-content\/uploads\/2024\/08\/1-berg-muzesi-eser-koleksiyon_mobilet-2-705x396.jpg 705w\" sizes=\"(max-width: 1948px) 100vw, 1948px\" \/><\/div><\/div><\/div><br \/>\n<section class=\"av_textblock_section\"  itemscope=\"itemscope\" itemtype=\"https:\/\/schema.org\/CreativeWork\" ><div class='avia_textblock  av_inherit_color'  style='color:#1d1d1b; '  itemprop=\"text\" ><h2><strong>Bergama M\u00fczesi Eser Koleksiyonu \u00dczerinden Kent Tarihi Anlat\u0131m\u0131<\/strong><\/h2>\n<h3><em><strong>Urban History Narration through the Bergama Museum Artifacts Collection\u00a0<\/strong><\/em><\/h3>\n<h3><span style=\"font-weight: 400;\">Nilg\u00fcn Ustura\u00a0<\/span><\/h3>\n<h4><span style=\"font-weight: 400;\">10 A\u011fustos &#8211; August \/ Cumartesi &#8211; Saturday, 12:00<\/span><\/h4>\n<h4><span style=\"font-weight: 400;\">11 A\u011fustos &#8211; August \/\u00a0 Pazar &#8211; Sunday, 12:00\u00a0<\/span><\/h4>\n<h5><span style=\"font-weight: 400;\">Bergama M\u00fczesi \/ Bergama Museum<\/span><\/h5>\n<\/div><\/section><\/p><\/div><div class='flex_column av-2m11pb-aee11b860956eaa773d42c7e0b81d899 av_one_half  avia-builder-el-3  el_after_av_one_half  avia-builder-el-last  flex_column_div'   ><p><section class=\"av_textblock_section\"  itemscope=\"itemscope\" itemtype=\"https:\/\/schema.org\/CreativeWork\" ><div class='avia_textblock  av_inherit_color'  style='color:#1d1d1b; '  itemprop=\"text\" ><p><span style=\"font-weight: 400;\">Anadolu&#8217;nun en erken m\u00fczelerinden biri olan Bergama Arkeoloji ve Etnografya M\u00fczesi\u2019nin eser koleksiyonu \u00fczerinden kent tarihi anlat\u0131m\u0131n\u0131 Bergama M\u00fcze M\u00fcd\u00fcr\u00fc Nilg\u00fcn Ustura\u2019dan dinleyece\u011fiz.<\/span><\/p>\n<p><span style=\"font-weight: 400;\">&#8211;<\/span><\/p>\n<p><span style=\"font-weight: 400;\">We will listen to the historical narrative of the city through the artifacts collection of the Bergama Archeology and Ethnography Museum, one of the earliest museums in Anatolia, by the Director of the Bergama Museum, Nilg\u00fcn Ustura.<\/span><\/p>\n<\/div><\/section><br \/>\n\n<style type=\"text\/css\" data-created_by=\"avia_inline_auto\" id=\"style-css-av-l34usmw0-b86d0e8f0020a760ecb1d0729304abc3\">\n#top .hr.hr-invisible.av-l34usmw0-b86d0e8f0020a760ecb1d0729304abc3{\nheight:20px;\n}\n<\/style>\n<div  class='hr av-l34usmw0-b86d0e8f0020a760ecb1d0729304abc3 hr-invisible  avia-builder-el-5  el_after_av_textblock  el_before_av_textblock'><span class='hr-inner'><span class=\"hr-inner-style\"><\/span><\/span><\/div><br \/>\n<section class=\"av_textblock_section\"  itemscope=\"itemscope\" itemtype=\"https:\/\/schema.org\/CreativeWork\" ><div class='avia_textblock  av_inherit_color'  style='color:#1d1d1b; '  itemprop=\"text\" ><p><b>Etkinlik S\u00fcresi \/ Event Duration: <\/b><span style=\"font-weight: 400;\">120\u2019<\/span><\/p>\n<p><b>Kat\u0131l\u0131mc\u0131 Say\u0131s\u0131 \/ Number of Participants:<\/b><span style=\"font-weight: 400;\"> 20<\/span><\/p>\n<\/div><\/section><\/p><\/div><\/p>","protected":false},"excerpt":{"rendered":"","protected":false},"author":1,"featured_media":0,"parent":0,"menu_order":0,"comment_status":"closed","ping_status":"closed","template":"","meta":{"footnotes":""},"class_list":["post-2767","page","type-page","status-publish","hentry"],"_links":{"self":[{"href":"https:\/\/bergamatiyatrofestivali.com\/en\/wp-json\/wp\/v2\/pages\/2767","targetHints":{"allow":["GET"]}}],"collection":[{"href":"https:\/\/bergamatiyatrofestivali.com\/en\/wp-json\/wp\/v2\/pages"}],"about":[{"href":"https:\/\/bergamatiyatrofestivali.com\/en\/wp-json\/wp\/v2\/types\/page"}],"author":[{"embeddable":true,"href":"https:\/\/bergamatiyatrofestivali.com\/en\/wp-json\/wp\/v2\/users\/1"}],"replies":[{"embeddable":true,"href":"https:\/\/bergamatiyatrofestivali.com\/en\/wp-json\/wp\/v2\/comments?post=2767"}],"version-history":[{"count":5,"href":"https:\/\/bergamatiyatrofestivali.com\/en\/wp-json\/wp\/v2\/pages\/2767\/revisions"}],"predecessor-version":[{"id":4561,"href":"https:\/\/bergamatiyatrofestivali.com\/en\/wp-json\/wp\/v2\/pages\/2767\/revisions\/4561"}],"wp:attachment":[{"href":"https:\/\/bergamatiyatrofestivali.com\/en\/wp-json\/wp\/v2\/media?parent=2767"}],"curies":[{"name":"wp","href":"https:\/\/api.w.org\/{rel}","templated":true}]}}