{"id":2760,"date":"2022-05-13T22:37:44","date_gmt":"2022-05-13T19:37:44","guid":{"rendered":"https:\/\/bergamatiyatrofestivali.com\/?page_id=2760"},"modified":"2022-05-30T19:02:43","modified_gmt":"2022-05-30T16:02:43","slug":"kulturel-diyalog-ve-etkilesim","status":"publish","type":"page","link":"https:\/\/bergamatiyatrofestivali.com\/en\/kulturel-diyalog-ve-etkilesim\/","title":{"rendered":"K\u00fclt\u00fcrel Diyalog ve Etkile\u015fim"},"content":{"rendered":"<div class='flex_column av-7grk14-c41946f56d0928af014307817af782b6 av_one_half  avia-builder-el-0  el_before_av_one_half  avia-builder-el-first  first flex_column_div'   ><p>\n<style type=\"text\/css\" data-created_by=\"avia_inline_auto\" id=\"style-css-av-5jzzns-1cd3ae6447718df070c57c77d3950917\">\n.avia-image-container.av-5jzzns-1cd3ae6447718df070c57c77d3950917 .av-image-caption-overlay-center{\ncolor:#ffffff;\n}\n<\/style>\n<div  class='avia-image-container av-5jzzns-1cd3ae6447718df070c57c77d3950917 av-styling- avia-align-center  avia-builder-el-1  el_before_av_textblock  avia-builder-el-first'  itemprop=\"image\" itemscope=\"itemscope\" itemtype=\"https:\/\/schema.org\/ImageObject\" ><div class=\"avia-image-container-inner\"><div class=\"avia-image-overlay-wrap\"><img decoding=\"async\" class='wp-image-3320 avia-img-lazy-loading-not-3320 avia_image' src=\"https:\/\/bergamatiyatrofestivali.com\/wp-content\/uploads\/2022\/05\/Kulturel-Diyalog-Post.png\" alt='' title='K\u00fclt\u00fcrel Diyalog - Post'  height=\"1080\" width=\"1080\"  itemprop=\"thumbnailUrl\" srcset=\"https:\/\/bergamatiyatrofestivali.com\/wp-content\/uploads\/2022\/05\/Kulturel-Diyalog-Post.png 1080w, https:\/\/bergamatiyatrofestivali.com\/wp-content\/uploads\/2022\/05\/Kulturel-Diyalog-Post-300x300.png 300w, https:\/\/bergamatiyatrofestivali.com\/wp-content\/uploads\/2022\/05\/Kulturel-Diyalog-Post-1030x1030.png 1030w, https:\/\/bergamatiyatrofestivali.com\/wp-content\/uploads\/2022\/05\/Kulturel-Diyalog-Post-80x80.png 80w, https:\/\/bergamatiyatrofestivali.com\/wp-content\/uploads\/2022\/05\/Kulturel-Diyalog-Post-768x768.png 768w, https:\/\/bergamatiyatrofestivali.com\/wp-content\/uploads\/2022\/05\/Kulturel-Diyalog-Post-12x12.png 12w, https:\/\/bergamatiyatrofestivali.com\/wp-content\/uploads\/2022\/05\/Kulturel-Diyalog-Post-36x36.png 36w, https:\/\/bergamatiyatrofestivali.com\/wp-content\/uploads\/2022\/05\/Kulturel-Diyalog-Post-180x180.png 180w, https:\/\/bergamatiyatrofestivali.com\/wp-content\/uploads\/2022\/05\/Kulturel-Diyalog-Post-705x705.png 705w\" sizes=\"(max-width: 1080px) 100vw, 1080px\" \/><\/div><\/div><\/div><br \/>\n<section class=\"av_textblock_section\"  itemscope=\"itemscope\" itemtype=\"https:\/\/schema.org\/CreativeWork\" ><div class='avia_textblock  av_inherit_color'  style='color:#1d1d1b; '  itemprop=\"text\" ><h2><strong>K\u00fclt\u00fcrel Diyalog ve Etkile\u015fim<\/strong><\/h2>\n<h3><em><strong>Cultural Dialogue and Interactions<\/strong><\/em><\/h3>\n<h4><span style=\"font-weight: 400;\"><b>Moderat\u00f6r &#8211; Moderator<\/b><\/span><\/h4>\n<ul>\n<li>\n<h4><span style=\"font-weight: 400;\">G\u00f6k\u00e7e Dervi\u015fo\u011flu Okandan (Akademisyen)<\/span><\/h4>\n<\/li>\n<\/ul>\n<h4><span style=\"font-weight: 400;\"><strong>Konu\u015fmac\u0131lar &#8211; Speakers<\/strong><\/span><\/h4>\n<ul>\n<li>\n<h4><span style=\"font-weight: 400;\">Mehmet Osman \u00c7etiner (Psikolojik Dan\u0131\u015fman)<\/span><\/h4>\n<\/li>\n<li>\n<h4><span style=\"font-weight: 400;\">Nazey Erdilek (Giri\u015fimci)<\/span><\/h4>\n<\/li>\n<li>\n<h4><span style=\"font-weight: 400;\">T. Melih G\u00f6rg\u00fcn (Sinopale Kurucusu, K\u00fcrat\u00f6r)<\/span><\/h4>\n<\/li>\n<\/ul>\n<h4><span style=\"font-weight: 400;\">3 Haziran &#8211; June \/ Cuma &#8211; Friday, 17:00\u00a0<\/span><\/h4>\n<h5><span style=\"font-weight: 400;\">Yabets Sinagogu &#8211; Yabets Synagogue<\/span><\/h5>\n<p><span style=\"font-weight: 400;\">\u00dccretsiz Etkinlik. This event is free.<\/span><\/p>\n<\/div><\/section><\/p><\/div><div class='flex_column av-3olajs-2208f0f238e284dce18a1d6438a7e83a av_one_half  avia-builder-el-3  el_after_av_one_half  avia-builder-el-last  flex_column_div'   ><p><section class=\"av_textblock_section\"  itemscope=\"itemscope\" itemtype=\"https:\/\/schema.org\/CreativeWork\" ><div class='avia_textblock'   itemprop=\"text\" ><p><span style=\"font-weight: 400;\">K\u00fclt\u00fcr etkinliklerinin, \u00fcr\u00fcnlerinin var olduklar\u0131 ortam ve ba\u011flamla kurdu\u011fu ili\u015fki, hem bu ortam\u0131n do\u011fal akt\u00f6rleri hem de d\u0131\u015far\u0131dan ortama dahil olan kat\u0131l\u0131mc\u0131larla \u015fekillenir. Konu\u015fmac\u0131lar\u0131n \u00f6zg\u00fcn deneyimleri kapsam\u0131nda, farkl\u0131 mekan ve zaman d\u00fczlemlerinde (2000&#8217;li y\u0131llar\u0131n ba\u015f\u0131ndan beri, T\u00fcrkiye&#8217;de farkl\u0131 geli\u015fmelerden bahsederek 2015&#8217;den itibaren \u00f6rnekler kapsam\u0131nda \u0130zmir ve Sinop \u00f6n planda tutularak) bu ili\u015fkilerin olu\u015fturulmas\u0131, beslenmesi, disiplinleraras\u0131 \u00f6\u011frenme ve farkl\u0131 gruplara aktar\u0131m yoluyla ki\u015fisel ve kurumsal belleklerin olu\u015fumu konusunda \u00f6rnekler tart\u0131\u015f\u0131lacakt\u0131r.<\/span><\/p>\n<p><span style=\"font-weight: 400;\">&#8211;<\/span><\/p>\n<p><span style=\"font-weight: 400;\">The relationship of cultural activities and products with the environment and context in which they exist is shaped by both the natural actors of this environment and the participants from the outside. Within the scope of the original experiences of the speakers, examples of the formation and nurturing of these relationships in different space and time planes (by mentioning different developments in Turkey since the beginning of the 2000s, by keeping \u0130zmir and Sinop at the forefront within the scope of examples from 2015 onwards), the formation of personal and institutional memories through interdisciplinary learning and transfer to different groups will be discussed.<\/span><\/p>\n<\/div><\/section><br \/>\n<div  class='hr av-8mueg-98d83290b70ee679d4788325e5c7c7bf hr-default  avia-builder-el-5  el_after_av_textblock  el_before_av_textblock'><span class='hr-inner'><span class=\"hr-inner-style\"><\/span><\/span><\/div><br \/>\n<section class=\"av_textblock_section\"  itemscope=\"itemscope\" itemtype=\"https:\/\/schema.org\/CreativeWork\" ><div class='avia_textblock  av_inherit_color'  style='color:#1d1d1b; '  itemprop=\"text\" ><p><b>Konu\u015fma S\u00fcresi \/ Talk Duration: <\/b><span style=\"font-weight: 400;\">90\u2019<\/span><\/p>\n<p><b>Kat\u0131l\u0131mc\u0131 Say\u0131s\u0131 \/ Number of Participants:<\/b><span style=\"font-weight: 400;\"> 50<\/span><\/p>\n<p><b>Ya\u015f \/ Age: <\/b><span style=\"font-weight: 400;\">+16<\/span><\/p>\n<\/div><\/section><\/p><\/div><\/p>","protected":false},"excerpt":{"rendered":"","protected":false},"author":1,"featured_media":0,"parent":0,"menu_order":0,"comment_status":"closed","ping_status":"closed","template":"","meta":{"footnotes":""},"class_list":["post-2760","page","type-page","status-publish","hentry"],"_links":{"self":[{"href":"https:\/\/bergamatiyatrofestivali.com\/en\/wp-json\/wp\/v2\/pages\/2760","targetHints":{"allow":["GET"]}}],"collection":[{"href":"https:\/\/bergamatiyatrofestivali.com\/en\/wp-json\/wp\/v2\/pages"}],"about":[{"href":"https:\/\/bergamatiyatrofestivali.com\/en\/wp-json\/wp\/v2\/types\/page"}],"author":[{"embeddable":true,"href":"https:\/\/bergamatiyatrofestivali.com\/en\/wp-json\/wp\/v2\/users\/1"}],"replies":[{"embeddable":true,"href":"https:\/\/bergamatiyatrofestivali.com\/en\/wp-json\/wp\/v2\/comments?post=2760"}],"version-history":[{"count":6,"href":"https:\/\/bergamatiyatrofestivali.com\/en\/wp-json\/wp\/v2\/pages\/2760\/revisions"}],"predecessor-version":[{"id":3321,"href":"https:\/\/bergamatiyatrofestivali.com\/en\/wp-json\/wp\/v2\/pages\/2760\/revisions\/3321"}],"wp:attachment":[{"href":"https:\/\/bergamatiyatrofestivali.com\/en\/wp-json\/wp\/v2\/media?parent=2760"}],"curies":[{"name":"wp","href":"https:\/\/api.w.org\/{rel}","templated":true}]}}