{"id":2757,"date":"2022-05-13T22:16:57","date_gmt":"2022-05-13T19:16:57","guid":{"rendered":"https:\/\/bergamatiyatrofestivali.com\/?page_id=2757"},"modified":"2022-05-30T18:53:12","modified_gmt":"2022-05-30T15:53:12","slug":"mesafe","status":"publish","type":"page","link":"https:\/\/bergamatiyatrofestivali.com\/en\/mesafe\/","title":{"rendered":"Distance"},"content":{"rendered":"<div class='flex_column av-8ra5it-7e829cb4e37498c31b1d3b088ac2ea15 av_one_half  avia-builder-el-0  el_before_av_one_half  avia-builder-el-first  first flex_column_div'   ><p>\n<style type=\"text\/css\" data-created_by=\"avia_inline_auto\" id=\"style-css-av-7wntvp-af0fb2d65364dedc95a020af7b2df547\">\n.avia-image-container.av-7wntvp-af0fb2d65364dedc95a020af7b2df547 .av-image-caption-overlay-center{\ncolor:#ffffff;\n}\n<\/style>\n<div  class='avia-image-container av-7wntvp-af0fb2d65364dedc95a020af7b2df547 av-styling- avia-align-center  avia-builder-el-1  el_before_av_textblock  avia-builder-el-first'  itemprop=\"image\" itemscope=\"itemscope\" itemtype=\"https:\/\/schema.org\/ImageObject\" ><div class=\"avia-image-container-inner\"><div class=\"avia-image-overlay-wrap\"><img decoding=\"async\" class='wp-image-3305 avia-img-lazy-loading-not-3305 avia_image' src=\"https:\/\/bergamatiyatrofestivali.com\/wp-content\/uploads\/2022\/05\/mesafe.png\" alt='' title='mesafe'  height=\"1080\" width=\"1080\"  itemprop=\"thumbnailUrl\" srcset=\"https:\/\/bergamatiyatrofestivali.com\/wp-content\/uploads\/2022\/05\/mesafe.png 1080w, https:\/\/bergamatiyatrofestivali.com\/wp-content\/uploads\/2022\/05\/mesafe-300x300.png 300w, https:\/\/bergamatiyatrofestivali.com\/wp-content\/uploads\/2022\/05\/mesafe-1030x1030.png 1030w, https:\/\/bergamatiyatrofestivali.com\/wp-content\/uploads\/2022\/05\/mesafe-80x80.png 80w, https:\/\/bergamatiyatrofestivali.com\/wp-content\/uploads\/2022\/05\/mesafe-768x768.png 768w, https:\/\/bergamatiyatrofestivali.com\/wp-content\/uploads\/2022\/05\/mesafe-12x12.png 12w, https:\/\/bergamatiyatrofestivali.com\/wp-content\/uploads\/2022\/05\/mesafe-36x36.png 36w, https:\/\/bergamatiyatrofestivali.com\/wp-content\/uploads\/2022\/05\/mesafe-180x180.png 180w, https:\/\/bergamatiyatrofestivali.com\/wp-content\/uploads\/2022\/05\/mesafe-705x705.png 705w\" sizes=\"(max-width: 1080px) 100vw, 1080px\" \/><\/div><\/div><\/div><br \/>\n<section class=\"av_textblock_section\"  itemscope=\"itemscope\" itemtype=\"https:\/\/schema.org\/CreativeWork\" ><div class='avia_textblock  av_inherit_color'  style='color:#1d1d1b; '  itemprop=\"text\" ><h2><strong>Distance<\/strong><\/h2>\n<h3><em><strong>Distance\u00a0<\/strong><\/em><\/h3>\n<h3><span style=\"font-weight: 400;\">PAL \u0130zmir\u00a0<\/span><\/h3>\n<h4><span style=\"font-weight: 400;\">3 Haziran\/June Cuma-Friday, 15:00<\/span><\/h4>\n<h4><span style=\"font-weight: 400;\">5 Haziran\/June &#8211; Pazar-Sunday, 13:00<\/span><\/h4>\n<h5><span style=\"font-weight: 400;\">K\u0131z\u0131lavlu \/ Red Hall Basilica<\/span><\/h5>\n<\/div><\/section><br \/>\n<div  class='hr av-578o5x-e81847a4cb4a9bc272bf8a5d46cdedcf hr-default  avia-builder-el-3  el_after_av_textblock  el_before_av_buttonrow'><span class='hr-inner'><span class=\"hr-inner-style\"><\/span><\/span><\/div><br \/>\n<div  class='avia-buttonrow-wrap av-l34tkru2-d8d00fb5ab84f16fc18bc5eac03df079 avia-buttonrow-left  avia-builder-el-4  el_after_av_hr  avia-builder-el-last'>\n\n<style type=\"text\/css\" data-created_by=\"avia_inline_auto\" id=\"style-css-av-l34tko4x-9e8bfc274b7fa8890d0021592590015a\">\n#top #wrap_all .avia-button.av-l34tko4x-9e8bfc274b7fa8890d0021592590015a{\nmargin-bottom:5px;\nmargin-right:5px;\n}\n#top #wrap_all .avia-button.av-l34tko4x-9e8bfc274b7fa8890d0021592590015a:hover{\nbackground-color:black;\ncolor:#ffffff;\ntransition:all 0.4s ease-in-out;\n-webkit-transition:all 0.4s ease-in-out;\n-moz-transition:all 0.4s ease-in-out;\n-ms-transition:all 0.4s ease-in-out;\n-o-transition:all 0.4s ease-in-out;\n}\n<\/style>\n<a href='https:\/\/www.mobilet.com\/event\/mesafe-pal-izmir-11812-4035' class='avia-button av-l34tko4x-9e8bfc274b7fa8890d0021592590015a avia-icon_select-yes-left-icon avia-size-medium avia-color-black avia-font-color-white' target=\"_blank\" rel=\"noopener noreferrer\"><span class='avia_button_icon avia_button_icon_left' aria-hidden='true' data-av_icon='\ue881' data-av_iconfont='entypo-fontello'><\/span><span class='avia_iconbox_title' >3 HAZ\u0130RAN MOB\u0130LET<\/span><\/a>\n\n<style type=\"text\/css\" data-created_by=\"avia_inline_auto\" id=\"style-css-av-l34tko4x-6a1f70315e8f1403688f0c7d50c88861\">\n#top #wrap_all .avia-button.av-l34tko4x-6a1f70315e8f1403688f0c7d50c88861{\nmargin-bottom:5px;\nmargin-right:5px;\n}\n#top #wrap_all .avia-button.av-l34tko4x-6a1f70315e8f1403688f0c7d50c88861:hover{\nbackground-color:black;\ncolor:#ffffff;\ntransition:all 0.4s ease-in-out;\n-webkit-transition:all 0.4s ease-in-out;\n-moz-transition:all 0.4s ease-in-out;\n-ms-transition:all 0.4s ease-in-out;\n-o-transition:all 0.4s ease-in-out;\n}\n<\/style>\n<a href='https:\/\/www.mobilet.com\/event\/mesafe-pal-izmir-11813-1b18' class='avia-button av-l34tko4x-6a1f70315e8f1403688f0c7d50c88861 avia-icon_select-yes-left-icon avia-size-medium avia-color-black avia-font-color-white' target=\"_blank\" rel=\"noopener noreferrer\"><span class='avia_button_icon avia_button_icon_left' aria-hidden='true' data-av_icon='\ue881' data-av_iconfont='entypo-fontello'><\/span><span class='avia_iconbox_title' >5 HAZ\u0130RAN MOB\u0130LET<\/span><\/a>\n<\/div><\/p><\/div><div class='flex_column av-3so41h-0e4fbf300e066135e57e4f7bf6f0d1c8 av_one_half  avia-builder-el-5  el_after_av_one_half  avia-builder-el-last  flex_column_div'   ><p><section class=\"av_textblock_section\"  itemscope=\"itemscope\" itemtype=\"https:\/\/schema.org\/CreativeWork\" ><div class='avia_textblock  av_inherit_color'  style='color:#1d1d1b; '  itemprop=\"text\" ><p><span style=\"font-weight: 400;\">&#8220;\u00d6nce &#8216;ben&#8217; dedin, sonra &#8216;sen&#8217; dedin. Mesafe.&#8221;<\/span><\/p>\n<p><span style=\"font-weight: 400;\">&#8216;Mesafe&#8217; kavram\u0131 \u00fczerine yaz\u0131lan bir metnin \u0130ngilizce ve T\u00fcrk\u00e7e tekrarlar\u0131yla, mekan (i\u00e7erisi\/d\u0131\u015far\u0131s\u0131), mesafe (uzakl\u0131k\/yak\u0131nl\u0131k), izleyici (g\u00f6ren\/g\u00f6r\u00fcnen), performans\u00e7\u0131 (eyleyen\/bekleyen) ili\u015fkilerini irdeleyen dans ve hareket odakl\u0131 bir performanst\u0131r.<\/span><\/p>\n<p>&#8211;<\/p>\n<p><span style=\"font-weight: 400;\">&#8220;You said &#8216;me&#8217; first, you said &#8216;you&#8217; then. Distance.&#8221;<\/span><\/p>\n<p><span style=\"font-weight: 400;\">Distance is a dance performance that examines space (inside\/outside), distance (distance\/proximity), audience (seeing\/being seen), performer (acting\/waiting) with English and Turkish repetitions of a text.<\/span><\/p>\n<\/div><\/section><br \/>\n<div  class='hr av-1wgwp1-f5130e919114f14680027791788fe141 hr-default  avia-builder-el-7  el_after_av_textblock  el_before_av_textblock'><span class='hr-inner'><span class=\"hr-inner-style\"><\/span><\/span><\/div><br \/>\n<section class=\"av_textblock_section\"  itemscope=\"itemscope\" itemtype=\"https:\/\/schema.org\/CreativeWork\" ><div class='avia_textblock  av_inherit_color'  style='color:#1d1d1b; '  itemprop=\"text\" ><p><b>Konsept, Koreografi &amp; Performans \/ Concept, Choreography &amp; Performance<\/b><span style=\"font-weight: 400;\">: Serenay O\u011fuz<\/span><\/p>\n<p><b>Metin &amp; \u00c7eviri \/ Text &amp; Translation:<\/b><span style=\"font-weight: 400;\"> \u00d6zge Onan<\/span><\/p>\n<p><b>Teknik &amp; I\u015f\u0131k<\/b><span style=\"font-weight: 400;\"> \/ <\/span><b>Technical <\/b><b>&amp; <\/b><b>Lighting<\/b><span style=\"font-weight: 400;\">: Mehmet Ayd\u0131nol<\/span><\/p>\n<p><b>Oyun S\u00fcresi \/ Performance Duration :<\/b><span style=\"font-weight: 400;\"> 40\u2019<\/span><\/p>\n<p><b>Ya\u015f \/ Age : <\/b><span style=\"font-weight: 400;\">+13<\/span><\/p>\n<\/div><\/section><\/p><\/div><\/p>","protected":false},"excerpt":{"rendered":"","protected":false},"author":2,"featured_media":0,"parent":0,"menu_order":0,"comment_status":"closed","ping_status":"closed","template":"","meta":{"footnotes":""},"class_list":["post-2757","page","type-page","status-publish","hentry"],"_links":{"self":[{"href":"https:\/\/bergamatiyatrofestivali.com\/en\/wp-json\/wp\/v2\/pages\/2757","targetHints":{"allow":["GET"]}}],"collection":[{"href":"https:\/\/bergamatiyatrofestivali.com\/en\/wp-json\/wp\/v2\/pages"}],"about":[{"href":"https:\/\/bergamatiyatrofestivali.com\/en\/wp-json\/wp\/v2\/types\/page"}],"author":[{"embeddable":true,"href":"https:\/\/bergamatiyatrofestivali.com\/en\/wp-json\/wp\/v2\/users\/2"}],"replies":[{"embeddable":true,"href":"https:\/\/bergamatiyatrofestivali.com\/en\/wp-json\/wp\/v2\/comments?post=2757"}],"version-history":[{"count":5,"href":"https:\/\/bergamatiyatrofestivali.com\/en\/wp-json\/wp\/v2\/pages\/2757\/revisions"}],"predecessor-version":[{"id":2935,"href":"https:\/\/bergamatiyatrofestivali.com\/en\/wp-json\/wp\/v2\/pages\/2757\/revisions\/2935"}],"wp:attachment":[{"href":"https:\/\/bergamatiyatrofestivali.com\/en\/wp-json\/wp\/v2\/media?parent=2757"}],"curies":[{"name":"wp","href":"https:\/\/api.w.org\/{rel}","templated":true}]}}