{"id":2743,"date":"2022-05-13T21:47:34","date_gmt":"2022-05-13T18:47:34","guid":{"rendered":"https:\/\/bergamatiyatrofestivali.com\/?page_id=2743"},"modified":"2022-05-30T18:49:41","modified_gmt":"2022-05-30T15:49:41","slug":"anti-hamlet","status":"publish","type":"page","link":"https:\/\/bergamatiyatrofestivali.com\/en\/anti-hamlet\/","title":{"rendered":"ANT\u0130 HAMLET"},"content":{"rendered":"<div class='flex_column av-5f10qv-c53900e608d09945f56ffea01eb51376 av_one_half  avia-builder-el-0  el_before_av_one_half  avia-builder-el-first  first flex_column_div'   ><p>\n<style type=\"text\/css\" data-created_by=\"avia_inline_auto\" id=\"style-css-av-3r8ggn-372e67e228211d8142f46b87f9a9b8a0\">\n.avia-image-container.av-3r8ggn-372e67e228211d8142f46b87f9a9b8a0 .av-image-caption-overlay-center{\ncolor:#ffffff;\n}\n<\/style>\n<div  class='avia-image-container av-3r8ggn-372e67e228211d8142f46b87f9a9b8a0 av-styling- avia-align-center  avia-builder-el-1  el_before_av_textblock  avia-builder-el-first'  itemprop=\"image\" itemscope=\"itemscope\" itemtype=\"https:\/\/schema.org\/ImageObject\" ><div class=\"avia-image-container-inner\"><div class=\"avia-image-overlay-wrap\"><img decoding=\"async\" class='wp-image-3294 avia-img-lazy-loading-not-3294 avia_image' src=\"https:\/\/bergamatiyatrofestivali.com\/wp-content\/uploads\/2022\/05\/anti-hamlet.png\" alt='' title='anti hamlet'  height=\"1080\" width=\"1080\"  itemprop=\"thumbnailUrl\" srcset=\"https:\/\/bergamatiyatrofestivali.com\/wp-content\/uploads\/2022\/05\/anti-hamlet.png 1080w, https:\/\/bergamatiyatrofestivali.com\/wp-content\/uploads\/2022\/05\/anti-hamlet-300x300.png 300w, https:\/\/bergamatiyatrofestivali.com\/wp-content\/uploads\/2022\/05\/anti-hamlet-1030x1030.png 1030w, https:\/\/bergamatiyatrofestivali.com\/wp-content\/uploads\/2022\/05\/anti-hamlet-80x80.png 80w, https:\/\/bergamatiyatrofestivali.com\/wp-content\/uploads\/2022\/05\/anti-hamlet-768x768.png 768w, https:\/\/bergamatiyatrofestivali.com\/wp-content\/uploads\/2022\/05\/anti-hamlet-12x12.png 12w, https:\/\/bergamatiyatrofestivali.com\/wp-content\/uploads\/2022\/05\/anti-hamlet-36x36.png 36w, https:\/\/bergamatiyatrofestivali.com\/wp-content\/uploads\/2022\/05\/anti-hamlet-180x180.png 180w, https:\/\/bergamatiyatrofestivali.com\/wp-content\/uploads\/2022\/05\/anti-hamlet-705x705.png 705w\" sizes=\"(max-width: 1080px) 100vw, 1080px\" \/><\/div><\/div><\/div><br \/>\n<section class=\"av_textblock_section\"  itemscope=\"itemscope\" itemtype=\"https:\/\/schema.org\/CreativeWork\" ><div class='avia_textblock  av_inherit_color'  style='color:#1d1d1b; '  itemprop=\"text\" ><h2><b><span style=\"font-weight: 400;\">Anti Hamlet\u00a0<\/span><\/b><\/h2>\n<h3><span style=\"font-weight: 400;\">DO\u011eAL Tiyatro Kul\u00fcb\u00fc<\/span><\/h3>\n<h4><span style=\"font-weight: 400;\">3 Haziran\/June &#8211; Cuma\/Friday, 13:00<\/span><\/h4>\n<h5><span style=\"font-weight: 400;\">BerKM \/ Bergama Cultural Center<\/span><\/h5>\n<p><span style=\"font-weight: 400;\">Etkinlik \u00fccretsizdir. This event is free.<\/span><\/p>\n<\/div><\/section><\/p><\/div><div class='flex_column av-2r38br-b674d5cc691bca1d5fcce5c3f91c1930 av_one_half  avia-builder-el-3  el_after_av_one_half  avia-builder-el-last  flex_column_div'   ><p><section class=\"av_textblock_section\"  itemscope=\"itemscope\" itemtype=\"https:\/\/schema.org\/CreativeWork\" ><div class='avia_textblock  av_inherit_color'  style='color:#1d1d1b; '  itemprop=\"text\" ><p><span style=\"font-weight: 400;\">Hamlet\u2019in hayat\u0131n\u0131n k\u0131r\u0131lma noktalar\u0131 olan babas\u0131n\u0131n vefat\u0131, annesinin amcas\u0131yla evlenip amcas\u0131n\u0131n krall\u0131\u011f\u0131 ele ge\u00e7iri\u015fi, babas\u0131n\u0131n hayaletiyle y\u00fczle\u015fmesi ve buna benzer olaylar\u0131n ak\u0131\u015f\u0131nda ya\u015fad\u0131\u011f\u0131 i\u00e7sel devinimler oyunun temas\u0131n\u0131 olu\u015fturuyor.<\/span><\/p>\n<p>&#8211;<\/p>\n<p><span style=\"font-weight: 400;\">The breaking points of Hamlet&#8217;s life, the death of his father, his mother&#8217;s marriage to his uncle and his uncle&#8217;s seizure of the kingdom, his confrontation with his father&#8217;s ghost, and his inner experiences in the course of other similar events constitute the theme of the play.<\/span><\/p>\n<\/div><\/section><br \/>\n\n<style type=\"text\/css\" data-created_by=\"avia_inline_auto\" id=\"style-css-av-l34skm5c-eb1a3d44395c61201833827363678d46\">\n#top .hr.hr-invisible.av-l34skm5c-eb1a3d44395c61201833827363678d46{\nheight:20px;\n}\n<\/style>\n<div  class='hr av-l34skm5c-eb1a3d44395c61201833827363678d46 hr-invisible  avia-builder-el-5  el_after_av_textblock  el_before_av_textblock'><span class='hr-inner'><span class=\"hr-inner-style\"><\/span><\/span><\/div><br \/>\n<section class=\"av_textblock_section\"  itemscope=\"itemscope\" itemtype=\"https:\/\/schema.org\/CreativeWork\" ><div class='avia_textblock  av_inherit_color'  style='color:#1d1d1b; '  itemprop=\"text\" ><p><b>Yazan \/ Written by: <\/b><span style=\"font-weight: 400;\">Zafer Aracag\u00f6k\u00a0<\/span><\/p>\n<p><b>Uyarlayan &amp; Y\u00f6neten \/ Directed &amp; Adapted by: <\/b><span style=\"font-weight: 400;\">Seher Uzun<\/span><b>\u00a0<\/b><\/p>\n<p><b>Oyuncular \/ Cast:<\/b><span style=\"font-weight: 400;\"> Sena Nil R\u0131zao\u011flu, Nisa Nur De\u011firmenci, Kayra Tokcan, Naci Efe Ak\u00e7ay, Edanaz Duruo\u011flu, G\u00fclsu \u00c7idem, Ilg\u0131n Avc\u0131\u00a0<\/span><\/p>\n<p><b>Oyun S\u00fcresi \/ Performance Duration:<\/b><span style=\"font-weight: 400;\"> 55\u2019<\/span><\/p>\n<p><b>Ya\u015f \/ Age: <\/b><span style=\"font-weight: 400;\">+13<\/span><\/p>\n<\/div><\/section><\/p><\/div><\/p>","protected":false},"excerpt":{"rendered":"","protected":false},"author":1,"featured_media":0,"parent":0,"menu_order":0,"comment_status":"closed","ping_status":"closed","template":"","meta":{"footnotes":""},"class_list":["post-2743","page","type-page","status-publish","hentry"],"_links":{"self":[{"href":"https:\/\/bergamatiyatrofestivali.com\/en\/wp-json\/wp\/v2\/pages\/2743","targetHints":{"allow":["GET"]}}],"collection":[{"href":"https:\/\/bergamatiyatrofestivali.com\/en\/wp-json\/wp\/v2\/pages"}],"about":[{"href":"https:\/\/bergamatiyatrofestivali.com\/en\/wp-json\/wp\/v2\/types\/page"}],"author":[{"embeddable":true,"href":"https:\/\/bergamatiyatrofestivali.com\/en\/wp-json\/wp\/v2\/users\/1"}],"replies":[{"embeddable":true,"href":"https:\/\/bergamatiyatrofestivali.com\/en\/wp-json\/wp\/v2\/comments?post=2743"}],"version-history":[{"count":3,"href":"https:\/\/bergamatiyatrofestivali.com\/en\/wp-json\/wp\/v2\/pages\/2743\/revisions"}],"predecessor-version":[{"id":3295,"href":"https:\/\/bergamatiyatrofestivali.com\/en\/wp-json\/wp\/v2\/pages\/2743\/revisions\/3295"}],"wp:attachment":[{"href":"https:\/\/bergamatiyatrofestivali.com\/en\/wp-json\/wp\/v2\/media?parent=2743"}],"curies":[{"name":"wp","href":"https:\/\/api.w.org\/{rel}","templated":true}]}}