{"id":2740,"date":"2022-05-13T21:43:14","date_gmt":"2022-05-13T18:43:14","guid":{"rendered":"https:\/\/bergamatiyatrofestivali.com\/?page_id=2740"},"modified":"2022-05-30T18:47:41","modified_gmt":"2022-05-30T15:47:41","slug":"yazi-masasinda-2-gun","status":"publish","type":"page","link":"https:\/\/bergamatiyatrofestivali.com\/en\/yazi-masasinda-2-gun\/","title":{"rendered":"2 Days At The Writer\u2019s Desk"},"content":{"rendered":"<div class='flex_column av-7kkikk-057b9795b808d08b8fd4d640216c4c51 av_one_half  avia-builder-el-0  el_before_av_one_half  avia-builder-el-first  first flex_column_div'   ><p>\n<style type=\"text\/css\" data-created_by=\"avia_inline_auto\" id=\"style-css-av-6f8e1g-eadb87b2c1ab797762aa78983b4791f9\">\n.avia-image-container.av-6f8e1g-eadb87b2c1ab797762aa78983b4791f9 .av-image-caption-overlay-center{\ncolor:#ffffff;\n}\n<\/style>\n<div  class='avia-image-container av-6f8e1g-eadb87b2c1ab797762aa78983b4791f9 av-styling- avia-align-center  avia-builder-el-1  el_before_av_textblock  avia-builder-el-first'  itemprop=\"image\" itemscope=\"itemscope\" itemtype=\"https:\/\/schema.org\/ImageObject\" ><div class=\"avia-image-container-inner\"><div class=\"avia-image-overlay-wrap\"><img decoding=\"async\" class='wp-image-3290 avia-img-lazy-loading-not-3290 avia_image' src=\"https:\/\/bergamatiyatrofestivali.com\/wp-content\/uploads\/2022\/05\/2-days-at-the-writers-desk-post.png\" alt='' title='2 days at the writer&#039;s desk-post'  height=\"1080\" width=\"1080\"  itemprop=\"thumbnailUrl\" srcset=\"https:\/\/bergamatiyatrofestivali.com\/wp-content\/uploads\/2022\/05\/2-days-at-the-writers-desk-post.png 1080w, https:\/\/bergamatiyatrofestivali.com\/wp-content\/uploads\/2022\/05\/2-days-at-the-writers-desk-post-300x300.png 300w, https:\/\/bergamatiyatrofestivali.com\/wp-content\/uploads\/2022\/05\/2-days-at-the-writers-desk-post-1030x1030.png 1030w, https:\/\/bergamatiyatrofestivali.com\/wp-content\/uploads\/2022\/05\/2-days-at-the-writers-desk-post-80x80.png 80w, https:\/\/bergamatiyatrofestivali.com\/wp-content\/uploads\/2022\/05\/2-days-at-the-writers-desk-post-768x768.png 768w, https:\/\/bergamatiyatrofestivali.com\/wp-content\/uploads\/2022\/05\/2-days-at-the-writers-desk-post-12x12.png 12w, https:\/\/bergamatiyatrofestivali.com\/wp-content\/uploads\/2022\/05\/2-days-at-the-writers-desk-post-36x36.png 36w, https:\/\/bergamatiyatrofestivali.com\/wp-content\/uploads\/2022\/05\/2-days-at-the-writers-desk-post-180x180.png 180w, https:\/\/bergamatiyatrofestivali.com\/wp-content\/uploads\/2022\/05\/2-days-at-the-writers-desk-post-705x705.png 705w\" sizes=\"(max-width: 1080px) 100vw, 1080px\" \/><\/div><\/div><\/div><br \/>\n<section class=\"av_textblock_section\"  itemscope=\"itemscope\" itemtype=\"https:\/\/schema.org\/CreativeWork\" ><div class='avia_textblock  av_inherit_color'  style='color:#1d1d1b; '  itemprop=\"text\" ><h2><strong> 2 Days At The Writer\u2019s Desk<\/strong><\/h2>\n<h3><em><strong>2 Days At The Writer\u2019s Desk<\/strong><\/em><\/h3>\n<h3><span style=\"font-weight: 400;\">Murat Mahmutyaz\u0131c\u0131o\u011flu<\/span><\/h3>\n<h4><span style=\"font-weight: 400;\">3 Haziran-June \/ Cuma-Friday, 10:00 (1. oturum &#8211; 1st session)<\/span><\/h4>\n<h4><span style=\"font-weight: 400;\">4 Haziran-June \/ Cumartesi-Saturday 10:00 (2. oturum &#8211; 2nd session)<\/span><\/h4>\n<h5><span style=\"font-weight: 400;\">Les Pergamon Hotel<\/span><\/h5>\n<\/div><\/section><br \/>\n\n<style type=\"text\/css\" data-created_by=\"avia_inline_auto\" id=\"style-css-av-4bcwpg-48c7a575cbb71c59754540543a6b34b7\">\n#top .hr.hr-invisible.av-4bcwpg-48c7a575cbb71c59754540543a6b34b7{\nheight:20px;\n}\n<\/style>\n<div  class='hr av-4bcwpg-48c7a575cbb71c59754540543a6b34b7 hr-invisible  avia-builder-el-3  el_after_av_textblock  el_before_av_buttonrow'><span class='hr-inner'><span class=\"hr-inner-style\"><\/span><\/span><\/div><br \/>\n<div  class='avia-buttonrow-wrap av-l34sf0eo-8dd9c920aabcdec5419b103846c79ece avia-buttonrow-left  avia-builder-el-4  el_after_av_hr  avia-builder-el-last'>\n\n<style type=\"text\/css\" data-created_by=\"avia_inline_auto\" id=\"style-css-av-l34sejis-63498b7bfe42436dc14003adbf62cdba\">\n#top #wrap_all .avia-button.av-l34sejis-63498b7bfe42436dc14003adbf62cdba{\nmargin-bottom:5px;\nmargin-right:5px;\n}\n#top #wrap_all .avia-button.av-l34sejis-63498b7bfe42436dc14003adbf62cdba:hover{\nbackground-color:black;\ncolor:#ffffff;\ntransition:all 0.4s ease-in-out;\n-webkit-transition:all 0.4s ease-in-out;\n-moz-transition:all 0.4s ease-in-out;\n-ms-transition:all 0.4s ease-in-out;\n-o-transition:all 0.4s ease-in-out;\n}\n<\/style>\n<a href='https:\/\/www.mobilet.com\/event\/yazi-masasinda-2-gun-murat-mahmutyazicioglu-11848-cd46' class='avia-button av-l34sejis-63498b7bfe42436dc14003adbf62cdba avia-icon_select-yes-left-icon avia-size-medium avia-color-black avia-font-color-white' target=\"_blank\" rel=\"noopener noreferrer\"><span class='avia_button_icon avia_button_icon_left' aria-hidden='true' data-av_icon='\ue881' data-av_iconfont='entypo-fontello'><\/span><span class='avia_iconbox_title' >MOB\u0130LET<\/span><\/a>\n<\/div><\/p><\/div><div class='flex_column av-8pmp0-677608a57519fd0ddbc445ced9a86f3e av_one_half  avia-builder-el-5  el_after_av_one_half  avia-builder-el-last  flex_column_div'   ><p><section class=\"av_textblock_section\"  itemscope=\"itemscope\" itemtype=\"https:\/\/schema.org\/CreativeWork\" ><div class='avia_textblock  av_inherit_color'  style='color:#1d1d1b; '  itemprop=\"text\" ><p><span style=\"font-weight: 400;\">Yazar\u0131n, bir oyun fikri olu\u015fturmas\u0131ndan yaz\u0131ya d\u00f6kmesine kadarki tasar\u0131m s\u00fcre\u00e7lerinin anlat\u0131laca\u011f\u0131 at\u00f6lyede, \u00e7e\u015fitli egzersizlerle yazan\u0131n engellerini a\u015fma y\u00f6ntemleri tart\u0131\u015f\u0131lacak, prati\u011fe d\u00f6k\u00fclecek ve bir sahne metni \u00fcretilecek.\u00a0<\/span><\/p>\n<p><span style=\"font-weight: 400;\">Murat Mahmutyaz\u0131c\u0131o\u011flu Marmara \u00dcniversitesi GSF \u0130\u00e7 Mimarl\u0131k B\u00f6l\u00fcm\u00fc\u2019n\u00fc bitirdi. Studio Oyuncular\u0131\u2019nda oyunculuk e\u011fitimi ald\u0131. Kadir Has \u00dcniversitesi Film ve Drama B\u00f6l\u00fcm\u00fc\u2019nde y\u00fcksek lisans yapt\u0131. Studio Oyuncular\u0131, \u0130kincikat, Yanetki Tiyatrosu gibi bir\u00e7ok ekipte oyunculuk yapt\u0131. \u0130lk sahnelenen oyunu \u015eekersiz\u2019i Yanetki Tiyatrosu\u2019nda y\u00f6netti ve oyuncu kadrosunda yer ald\u0131 (2013).<\/span><\/p>\n<p><span style=\"font-weight: 400;\">A\u011fustos 2016\u2019da Bam \u0130stanbul\u2019u kurdu. Sen \u0130stanbul\u2019dan Daha G\u00fczelsin oyunuyla 2016-2017 sezonunda Afife \u00d6d\u00fclleri\u2019inde ve Tiyatro Ele\u015ftirmenleri Birli\u011fi \u00d6d\u00fclleri\u2019nde y\u0131l\u0131n yerli oyun yazar\u0131 se\u00e7ildi.<\/span><\/p>\n<p><span style=\"font-weight: 400;\">&#8211;<\/span><\/p>\n<p><span style=\"font-weight: 400;\">In this workshop, the author&#8217;s design processes from creating a play idea to fully writing it will be explained, methods of overcoming writer&#8217;s block will be discussed with various exercises, put into practice and a stage text will be produced.<\/span><\/p>\n<p><span style=\"font-weight: 400;\">Murat Mahmutyaz\u0131c\u0131o\u011flu graduated from Marmara University Faculty of Fine Arts, Department of Interior Architecture. He studied acting at Studio Oyuncular\u0131. He got his master&#8217;s degree from Kadir Has University Film and Drama Department. He acted in many teams such as Studio Oyuncular\u0131, \u0130kincikat, and Yanetki Theatre. He directed his first staged play, \u015eekersiz, at the Yanetki Theater and took part in the cast (2013).<\/span><\/p>\n<p><span style=\"font-weight: 400;\">He founded Bam Istanbul in August 2016. With his play \u201cYou Are More Beautiful than Istanbul\u201d he was selected as the local playwright of the year at the Afife Awards and Theatre Critics Association Awards in the 2016-2017 season.<\/span><\/p>\n<\/div><\/section><br \/>\n\n<style type=\"text\/css\" data-created_by=\"avia_inline_auto\" id=\"style-css-av-l34s8tbq-c5d2e96d15270945dcf8df1496f79e75\">\n#top .hr.hr-invisible.av-l34s8tbq-c5d2e96d15270945dcf8df1496f79e75{\nheight:20px;\n}\n<\/style>\n<div  class='hr av-l34s8tbq-c5d2e96d15270945dcf8df1496f79e75 hr-invisible  avia-builder-el-7  el_after_av_textblock  el_before_av_textblock'><span class='hr-inner'><span class=\"hr-inner-style\"><\/span><\/span><\/div><br \/>\n<section class=\"av_textblock_section\"  itemscope=\"itemscope\" itemtype=\"https:\/\/schema.org\/CreativeWork\" ><div class='avia_textblock  av_inherit_color'  style='color:#1d1d1b; '  itemprop=\"text\" ><p><b>At\u00f6lye S\u00fcresi \/ Workshop Duration: <\/b><span style=\"font-weight: 400;\">2 g\u00fcn 3\u2019er saat \/ 3 hours\/day for 2 days\u00a0<\/span><\/p>\n<p><b>Kat\u0131l\u0131mc\u0131 Say\u0131s\u0131 \/ Number of Participants: <\/b><span style=\"font-weight: 400;\">10<\/span><\/p>\n<p><b>Ya\u015f \/ Age : <\/b><span style=\"font-weight: 400;\">+20<\/span><\/p>\n<\/div><\/section><\/p><\/div><\/p>","protected":false},"excerpt":{"rendered":"","protected":false},"author":2,"featured_media":0,"parent":0,"menu_order":0,"comment_status":"closed","ping_status":"closed","template":"","meta":{"footnotes":""},"class_list":["post-2740","page","type-page","status-publish","hentry"],"_links":{"self":[{"href":"https:\/\/bergamatiyatrofestivali.com\/en\/wp-json\/wp\/v2\/pages\/2740","targetHints":{"allow":["GET"]}}],"collection":[{"href":"https:\/\/bergamatiyatrofestivali.com\/en\/wp-json\/wp\/v2\/pages"}],"about":[{"href":"https:\/\/bergamatiyatrofestivali.com\/en\/wp-json\/wp\/v2\/types\/page"}],"author":[{"embeddable":true,"href":"https:\/\/bergamatiyatrofestivali.com\/en\/wp-json\/wp\/v2\/users\/2"}],"replies":[{"embeddable":true,"href":"https:\/\/bergamatiyatrofestivali.com\/en\/wp-json\/wp\/v2\/comments?post=2740"}],"version-history":[{"count":3,"href":"https:\/\/bergamatiyatrofestivali.com\/en\/wp-json\/wp\/v2\/pages\/2740\/revisions"}],"predecessor-version":[{"id":3293,"href":"https:\/\/bergamatiyatrofestivali.com\/en\/wp-json\/wp\/v2\/pages\/2740\/revisions\/3293"}],"wp:attachment":[{"href":"https:\/\/bergamatiyatrofestivali.com\/en\/wp-json\/wp\/v2\/media?parent=2740"}],"curies":[{"name":"wp","href":"https:\/\/api.w.org\/{rel}","templated":true}]}}