{"id":2737,"date":"2022-05-13T21:36:54","date_gmt":"2022-05-13T18:36:54","guid":{"rendered":"https:\/\/bergamatiyatrofestivali.com\/?page_id=2737"},"modified":"2022-05-30T18:47:23","modified_gmt":"2022-05-30T15:47:23","slug":"kukla-oynatim-atolyesi","status":"publish","type":"page","link":"https:\/\/bergamatiyatrofestivali.com\/en\/kukla-oynatim-atolyesi\/","title":{"rendered":"Puppeteering Workshop"},"content":{"rendered":"<div class='flex_column av-efj4ap-72858dfb6b9a4c3c0c77623e369b3bba av_one_half  avia-builder-el-0  el_before_av_one_half  avia-builder-el-first  first flex_column_div'   ><p>\n<style type=\"text\/css\" data-created_by=\"avia_inline_auto\" id=\"style-css-av-brdttd-337377d8f51a1b9efd914124499ac6dd\">\n.avia-image-container.av-brdttd-337377d8f51a1b9efd914124499ac6dd .av-image-caption-overlay-center{\ncolor:#ffffff;\n}\n<\/style>\n<div  class='avia-image-container av-brdttd-337377d8f51a1b9efd914124499ac6dd av-styling- avia-align-center  avia-builder-el-1  el_before_av_textblock  avia-builder-el-first'  itemprop=\"image\" itemscope=\"itemscope\" itemtype=\"https:\/\/schema.org\/ImageObject\" ><div class=\"avia-image-container-inner\"><div class=\"avia-image-overlay-wrap\"><img decoding=\"async\" class='wp-image- avia-img-lazy-loading-not- avia_image' src=\"https:\/\/bergamatiyatrofestivali.com\/wp-content\/uploads\/2022\/05\/kukla-oynatma-atolyesi-post.png\" alt='' title=''   itemprop=\"thumbnailUrl\"  \/><\/div><\/div><\/div><br \/>\n<section class=\"av_textblock_section\"  itemscope=\"itemscope\" itemtype=\"https:\/\/schema.org\/CreativeWork\" ><div class='avia_textblock  av_inherit_color'  style='color:#1d1d1b; '  itemprop=\"text\" ><h2><strong>Puppeteering Workshop<\/strong><\/h2>\n<h3><em><strong>Puppeteering Workshop<\/strong><\/em><\/h3>\n<h3><span style=\"font-weight: 400;\">Emre Saka, Bihter G\u00fclge\u00e7 Saka (Tiyatro G\u00fclge\u00e7\u00a0)<\/span><\/h3>\n<h4><span style=\"font-weight: 400;\">3 Haziran &#8211; June \/ Cuma &#8211; Friday, 10:00<\/span><\/h4>\n<h5><span style=\"font-weight: 400;\">Yabets Sinagogu &#8211; Yabets Synagogue\u00a0<\/span><\/h5>\n<\/div><\/section><br \/>\n\n<style type=\"text\/css\" data-created_by=\"avia_inline_auto\" id=\"style-css-av-l34ry615-cba2d634b53c87779b00d9a6d1899bd3\">\n#top .hr.hr-invisible.av-l34ry615-cba2d634b53c87779b00d9a6d1899bd3{\nheight:20px;\n}\n<\/style>\n<div  class='hr av-l34ry615-cba2d634b53c87779b00d9a6d1899bd3 hr-invisible  avia-builder-el-3  el_after_av_textblock  el_before_av_buttonrow'><span class='hr-inner'><span class=\"hr-inner-style\"><\/span><\/span><\/div><br \/>\n<div  class='avia-buttonrow-wrap av-b2f4f5-9864c946b92d33680afb88647f20567e avia-buttonrow-left  avia-builder-el-4  el_after_av_hr  el_before_av_hr'>\n\n<style type=\"text\/css\" data-created_by=\"avia_inline_auto\" id=\"style-css-av-9k1lqp-e0211eb229e6e57772c118ffdf47553c\">\n#top #wrap_all .avia-button.av-9k1lqp-e0211eb229e6e57772c118ffdf47553c{\nmargin-bottom:5px;\nmargin-right:5px;\n}\n#top #wrap_all .avia-button.av-9k1lqp-e0211eb229e6e57772c118ffdf47553c:hover{\nbackground-color:black;\ncolor:#ffffff;\ntransition:all 0.4s ease-in-out;\n-webkit-transition:all 0.4s ease-in-out;\n-moz-transition:all 0.4s ease-in-out;\n-ms-transition:all 0.4s ease-in-out;\n-o-transition:all 0.4s ease-in-out;\n}\n<\/style>\n<a href='https:\/\/www.mobilet.com\/event\/kukla-oynatim-atolyesi-emre-saka-bihter-gulgec-saka-11846-f704' class='avia-button av-9k1lqp-e0211eb229e6e57772c118ffdf47553c avia-icon_select-yes-left-icon avia-size-medium avia-color-black avia-font-color-white' target=\"_blank\" rel=\"noopener noreferrer\"><span class='avia_button_icon avia_button_icon_left' aria-hidden='true' data-av_icon='\ue881' data-av_iconfont='entypo-fontello'><\/span><span class='avia_iconbox_title' >MOB\u0130LET<\/span><\/a>\n<\/div><br \/>\n\n<style type=\"text\/css\" data-created_by=\"avia_inline_auto\" id=\"style-css-av-4730kx-c00e2f3b390cc98daeb389baeec823b9\">\n#top .hr.hr-invisible.av-4730kx-c00e2f3b390cc98daeb389baeec823b9{\nheight:20px;\n}\n<\/style>\n<div  class='hr av-4730kx-c00e2f3b390cc98daeb389baeec823b9 hr-invisible  avia-builder-el-5  el_after_av_buttonrow  el_before_av_textblock'><span class='hr-inner'><span class=\"hr-inner-style\"><\/span><\/span><\/div><br \/>\n<section class=\"av_textblock_section\"  itemscope=\"itemscope\" itemtype=\"https:\/\/schema.org\/CreativeWork\" ><div class='avia_textblock  av_inherit_color'  style='color:#1d1d1b; '  itemprop=\"text\" ><p><i><span style=\"font-weight: 400;\">*<\/span><\/i><span style=\"font-weight: 400;\">Kat\u0131l\u0131mc\u0131lar\u0131n etkinli\u011fe rahat hareket edebilecek k\u0131yafetlerle gelmesi, yanlar\u0131nda \u015fapka ya da fular bulundurmas\u0131 rica olunur.<\/span><\/p>\n<p><i><span style=\"font-weight: 400;\">*Participants are asked to wear comfortable clothing and bring a hat and\/or a scarf with them to the workshop.<\/span><\/i><\/p>\n<\/div><\/section><\/p><\/div><div class='flex_column av-37ism9-20d7929e8a76d023959e8441b0ff1f89 av_one_half  avia-builder-el-7  el_after_av_one_half  avia-builder-el-last  flex_column_div'   ><p><section class=\"av_textblock_section\"  itemscope=\"itemscope\" itemtype=\"https:\/\/schema.org\/CreativeWork\" ><div class='avia_textblock  av_inherit_color'  style='color:#1d1d1b; '  itemprop=\"text\" ><p><span style=\"font-weight: 400;\">Kuklan\u0131n insan ruhundaki d\u00f6n\u00fc\u015ft\u00fcr\u00fcc\u00fc etkisinden yararlan\u0131larak s\u00fcrd\u00fcr\u00fclecek at\u00f6lye; kat\u0131l\u0131mc\u0131larla s\u00f6zl\u00fc ve uygulamal\u0131 olarak yapaca\u011f\u0131m\u0131z \u00e7al\u0131\u015fmalarla, ki\u015filerin kuklan\u0131n fiziksel ve ruhsal etkisini deneyimleyerek; bu deneyimi ya\u015famlar\u0131nda kullanabiliyor olmalar\u0131n\u0131 ama\u00e7lar.<\/span><\/p>\n<p><span style=\"font-weight: 400;\">Tiyatro G\u00fclge\u00e7 \u00e7ocuk ve yeti\u015fkin oyunlar\u0131nda kukla sanat\u0131n\u0131 aktif olarak de\u011ferlendirmeyi hedeflerken, ya\u015fam ve tiyatro yolculu\u011fundaki birikimini alt\u0131 \u00e7izilmi\u015f bir samimiyetle seyircisine aktarmay\u0131, kukla-oyuncu, kukla-seyirci ve kukla-kuklac\u0131 ili\u015fkisinde yeni yollar aramay\u0131 ama\u00e7lar.<\/span><\/p>\n<p><span style=\"font-weight: 400;\">Bihter G\u00fclge\u00e7: Saka S\u00fcleyman Demirel \u00dcniversitesi GSF Tiyatro b\u00f6l\u00fcm\u00fc mezunu<\/span><\/p>\n<p><span style=\"font-weight: 400;\">Emre Saka: Yeditepe \u00dcniversitesi GSF Tiyatro B\u00f6l\u00fcm\u00fc mezunu<\/span><\/p>\n<p><span style=\"font-weight: 400;\">&#8211;<\/span><\/p>\n<p><span style=\"font-weight: 400;\">The workshop will be carried out by making use of the transformative side of the puppet in human spirituality;<\/span><\/p>\n<p><span style=\"font-weight: 400;\">By experiencing the physical and spiritual effects of the puppet, through the verbal and practical work we will do with the trainees; they aim to be able to use this experience in their lives.<\/span><\/p>\n<p><span style=\"font-weight: 400;\">While Theatre G\u00fclge\u00e7 aims to actively evaluate the art of puppetry in children&#8217;s and adult plays, it aims to convey its experience in life and theatrical journey to the audience with an underlined sincerity, and to seek new ways in the relationship between puppet-actor, puppet-audience and puppet-puppeteer.<\/span><\/p>\n<p><span style=\"font-weight: 400;\">Bihter G\u00fclge\u00e7: Graduated from Saka S\u00fcleyman Demirel University, Faculty of Fine Arts, Theatre Department<\/span><\/p>\n<p><span style=\"font-weight: 400;\">Emre Saka: Graduated from Yeditepe University, Faculty of Fine Arts, Theatre Department.<\/span><\/p>\n<\/div><\/section><br \/>\n\n<style type=\"text\/css\" data-created_by=\"avia_inline_auto\" id=\"style-css-av-l34rycce-6d870da0f33cd62e591acf452999c246\">\n#top .hr.hr-invisible.av-l34rycce-6d870da0f33cd62e591acf452999c246{\nheight:20px;\n}\n<\/style>\n<div  class='hr av-l34rycce-6d870da0f33cd62e591acf452999c246 hr-invisible  avia-builder-el-9  el_after_av_textblock  el_before_av_textblock'><span class='hr-inner'><span class=\"hr-inner-style\"><\/span><\/span><\/div><br \/>\n<section class=\"av_textblock_section\"  itemscope=\"itemscope\" itemtype=\"https:\/\/schema.org\/CreativeWork\" ><div class='avia_textblock  av_inherit_color'  style='color:#1d1d1b; '  itemprop=\"text\" ><p><b>At\u00f6lye S\u00fcresi \/ Workshop Duration: <\/b><span style=\"font-weight: 400;\">120\u2019<\/span><\/p>\n<p><b>Kat\u0131l\u0131mc\u0131 Say\u0131s\u0131 \/ Number of Participants: <\/b><span style=\"font-weight: 400;\">10<\/span><\/p>\n<p><b>Ya\u015f \/ Age: <\/b><span style=\"font-weight: 400;\">+16<\/span><\/p>\n<\/div><\/section><\/p><\/div><\/p>","protected":false},"excerpt":{"rendered":"","protected":false},"author":1,"featured_media":0,"parent":0,"menu_order":0,"comment_status":"closed","ping_status":"closed","template":"","meta":{"footnotes":""},"class_list":["post-2737","page","type-page","status-publish","hentry"],"_links":{"self":[{"href":"https:\/\/bergamatiyatrofestivali.com\/en\/wp-json\/wp\/v2\/pages\/2737","targetHints":{"allow":["GET"]}}],"collection":[{"href":"https:\/\/bergamatiyatrofestivali.com\/en\/wp-json\/wp\/v2\/pages"}],"about":[{"href":"https:\/\/bergamatiyatrofestivali.com\/en\/wp-json\/wp\/v2\/types\/page"}],"author":[{"embeddable":true,"href":"https:\/\/bergamatiyatrofestivali.com\/en\/wp-json\/wp\/v2\/users\/1"}],"replies":[{"embeddable":true,"href":"https:\/\/bergamatiyatrofestivali.com\/en\/wp-json\/wp\/v2\/comments?post=2737"}],"version-history":[{"count":4,"href":"https:\/\/bergamatiyatrofestivali.com\/en\/wp-json\/wp\/v2\/pages\/2737\/revisions"}],"predecessor-version":[{"id":3291,"href":"https:\/\/bergamatiyatrofestivali.com\/en\/wp-json\/wp\/v2\/pages\/2737\/revisions\/3291"}],"wp:attachment":[{"href":"https:\/\/bergamatiyatrofestivali.com\/en\/wp-json\/wp\/v2\/media?parent=2737"}],"curies":[{"name":"wp","href":"https:\/\/api.w.org\/{rel}","templated":true}]}}