{"id":2733,"date":"2022-05-13T21:27:28","date_gmt":"2022-05-13T18:27:28","guid":{"rendered":"https:\/\/bergamatiyatrofestivali.com\/?page_id=2733"},"modified":"2022-05-30T18:47:02","modified_gmt":"2022-05-30T15:47:02","slug":"commedia-dellarte-workshop","status":"publish","type":"page","link":"https:\/\/bergamatiyatrofestivali.com\/en\/commedia-dellarte-workshop\/","title":{"rendered":"Commedia Dell&#8217;arte Workshop"},"content":{"rendered":"<div class='flex_column av-9qmfz1-513c34e641ff8ea1745ba12c8356b567 av_one_half  avia-builder-el-0  el_before_av_one_half  avia-builder-el-first  first flex_column_div'   ><p>\n<style type=\"text\/css\" data-created_by=\"avia_inline_auto\" id=\"style-css-av-slakt-ca8aa7e47855c088aa0345901401c33c\">\n.avia-image-container.av-slakt-ca8aa7e47855c088aa0345901401c33c .av-image-caption-overlay-center{\ncolor:#ffffff;\n}\n<\/style>\n<div  class='avia-image-container av-slakt-ca8aa7e47855c088aa0345901401c33c av-styling- avia-align-center  avia-builder-el-1  el_before_av_textblock  avia-builder-el-first'  itemprop=\"image\" itemscope=\"itemscope\" itemtype=\"https:\/\/schema.org\/ImageObject\" ><div class=\"avia-image-container-inner\"><div class=\"avia-image-overlay-wrap\"><img decoding=\"async\" class='wp-image-3287 avia-img-lazy-loading-not-3287 avia_image' src=\"https:\/\/bergamatiyatrofestivali.com\/wp-content\/uploads\/2022\/05\/Commedia-Dell-arte-post.png\" alt='' title='Commedia Dell arte-post'  height=\"1080\" width=\"1080\"  itemprop=\"thumbnailUrl\" srcset=\"https:\/\/bergamatiyatrofestivali.com\/wp-content\/uploads\/2022\/05\/Commedia-Dell-arte-post.png 1080w, https:\/\/bergamatiyatrofestivali.com\/wp-content\/uploads\/2022\/05\/Commedia-Dell-arte-post-300x300.png 300w, https:\/\/bergamatiyatrofestivali.com\/wp-content\/uploads\/2022\/05\/Commedia-Dell-arte-post-1030x1030.png 1030w, https:\/\/bergamatiyatrofestivali.com\/wp-content\/uploads\/2022\/05\/Commedia-Dell-arte-post-80x80.png 80w, https:\/\/bergamatiyatrofestivali.com\/wp-content\/uploads\/2022\/05\/Commedia-Dell-arte-post-768x768.png 768w, https:\/\/bergamatiyatrofestivali.com\/wp-content\/uploads\/2022\/05\/Commedia-Dell-arte-post-12x12.png 12w, https:\/\/bergamatiyatrofestivali.com\/wp-content\/uploads\/2022\/05\/Commedia-Dell-arte-post-36x36.png 36w, https:\/\/bergamatiyatrofestivali.com\/wp-content\/uploads\/2022\/05\/Commedia-Dell-arte-post-180x180.png 180w, https:\/\/bergamatiyatrofestivali.com\/wp-content\/uploads\/2022\/05\/Commedia-Dell-arte-post-705x705.png 705w\" sizes=\"(max-width: 1080px) 100vw, 1080px\" \/><\/div><\/div><\/div><br \/>\n<section class=\"av_textblock_section\"  itemscope=\"itemscope\" itemtype=\"https:\/\/schema.org\/CreativeWork\" ><div class='avia_textblock  av_inherit_color'  style='color:#1d1d1b; '  itemprop=\"text\" ><h2><strong>Commedia Dell&#8217;arte At\u00f6lyesi<\/strong><\/h2>\n<h3><em><strong>Commedia Dell&#8217;arte Workshop<\/strong><\/em><\/h3>\n<h3><b><span style=\"font-weight: 400;\">Panayiotis Stathopoulos<\/span><\/b><\/h3>\n<h4><span style=\"font-weight: 400;\">3 Haziran &#8211; June \/ Cuma &#8211; Friday, 10:00<\/span><\/h4>\n<h4><span style=\"font-weight: 400;\">* (1. oturum &#8211; 1st session)<\/span><\/h4>\n<h4><span style=\"font-weight: 400;\">4 Haziran\u00a0<\/span><span style=\"font-weight: 400;\">&#8211; June \/\u00a0<\/span><span style=\"font-weight: 400;\">Cumartesi &#8211; Saturday, 13:00<\/span><\/h4>\n<h4><span style=\"font-weight: 400;\">* (2. oturum &#8211; 2nd session)\u00a0<\/span><\/h4>\n<h5><\/h5>\n<h5><span style=\"font-weight: 400;\">Tonoz\u00a0<\/span><\/h5>\n<\/div><\/section><br \/>\n\n<style type=\"text\/css\" data-created_by=\"avia_inline_auto\" id=\"style-css-av-55figt-ebe2d713f91ae1f43ac8c60d147ae14d\">\n#top .hr.hr-invisible.av-55figt-ebe2d713f91ae1f43ac8c60d147ae14d{\nheight:20px;\n}\n<\/style>\n<div  class='hr av-55figt-ebe2d713f91ae1f43ac8c60d147ae14d hr-invisible  avia-builder-el-3  el_after_av_textblock  el_before_av_buttonrow'><span class='hr-inner'><span class=\"hr-inner-style\"><\/span><\/span><\/div><br \/>\n<div  class='avia-buttonrow-wrap av-l34ruehx-14ac6e112be99d7295f05be9da5eefdb avia-buttonrow-left  avia-builder-el-4  el_after_av_hr  el_before_av_textblock'>\n\n<style type=\"text\/css\" data-created_by=\"avia_inline_auto\" id=\"style-css-av-l34rudj9-06a033847bade1df68f900e1d9365c72\">\n#top #wrap_all .avia-button.av-l34rudj9-06a033847bade1df68f900e1d9365c72{\nmargin-bottom:5px;\nmargin-right:5px;\n}\n#top #wrap_all .avia-button.av-l34rudj9-06a033847bade1df68f900e1d9365c72:hover{\nbackground-color:black;\ncolor:#ffffff;\ntransition:all 0.4s ease-in-out;\n-webkit-transition:all 0.4s ease-in-out;\n-moz-transition:all 0.4s ease-in-out;\n-ms-transition:all 0.4s ease-in-out;\n-o-transition:all 0.4s ease-in-out;\n}\n<\/style>\n<a href='https:\/\/www.mobilet.com\/event\/commedia-dell-arte-atolyesi-panayiotis-stathopoulos-11825-386b' class='avia-button av-l34rudj9-06a033847bade1df68f900e1d9365c72 avia-icon_select-yes-left-icon avia-size-medium avia-color-black avia-font-color-white' target=\"_blank\" rel=\"noopener noreferrer\"><span class='avia_button_icon avia_button_icon_left' aria-hidden='true' data-av_icon='\ue889' data-av_iconfont='entypo-fontello'><\/span><span class='avia_iconbox_title' >MOB\u0130LET<\/span><\/a>\n<\/div><br \/>\n<section class=\"av_textblock_section\"  itemscope=\"itemscope\" itemtype=\"https:\/\/schema.org\/CreativeWork\" ><div class='avia_textblock'   itemprop=\"text\" ><p><i><span style=\"font-weight: 400;\">*Etkinlik s\u0131ras\u0131nda T\u00fcrk\u00e7e \u00e7eviri yap\u0131lacakt\u0131r.<\/span><\/i><\/p>\n<p><i><span style=\"font-weight: 400;\">*Simultaneous translation into Turkish will be provided during the event.<\/span><\/i><\/p>\n<\/div><\/section><\/p><\/div><div class='flex_column av-4xz5z1-3a8012e0104169981f2b411f6b0a2b85 av_one_half  avia-builder-el-6  el_after_av_one_half  avia-builder-el-last  flex_column_div'   ><p><section class=\"av_textblock_section\"  itemscope=\"itemscope\" itemtype=\"https:\/\/schema.org\/CreativeWork\" ><div class='avia_textblock  av_inherit_color'  style='color:#1d1d1b; '  itemprop=\"text\" ><p><span style=\"font-weight: 400;\">At\u00f6lye, Commedia Dell&#8217;arte&#8217;nin harika d\u00fcnyas\u0131n\u0131n ana arketip karakterlerinin sunumunu yapacak. Bu at\u00f6lye, bu tarz i\u00e7in gerekli olan stilize hareketin fiziksel ifadesi, esnekli\u011fi ve kalitesi \u00fczerinde durularak maske tekni\u011fine yap\u0131lan bir giri\u015f niteli\u011findedir. At\u00f6lye, amat\u00f6r\/profesyonel oyunculara, teatral varl\u0131\u011f\u0131n\u0131 zenginle\u015ftirmek isteyen Circo sanat\u00e7\u0131lar\u0131na, dans\u00e7\u0131lara, kendini bedeniyle ifade etmeyi seven ve bu tarz\u0131 tan\u0131mak isteyen ki\u015filere hitap ediyor. At\u00f6lye; e\u011flence, kahkaha, enerji, fiziksel egzersiz ve ifade i\u00e7eren bir teatral e\u011fitim at\u00f6lyesidir. Rahat giysiler, yumu\u015fak ayakkab\u0131lar ve bol e\u011flence getirin!<\/span><\/p>\n<p>&#8211;<\/p>\n<p><span style=\"font-weight: 400;\">The workshop will present the main archetypal characters of the wonderful world of commedia dell&#8217;arte. This is an introduction to the mask techniques with an emphasis on the physical expression, the plasticity and the quality of the stylized movement required for this species. It is addressed to amateur\/professional actors, to Circo artists wanting to enrich their theatrical presence, dancers, as well as to people who like to express themselves with their body and like to get to know the genre. This is a theatrical training workshop with fun, laughter, energy, physical exercise and expression.Bring comfortable clothes, soft shoes and a lot of fun!<\/span><\/p>\n<\/div><\/section><br \/>\n\n<style type=\"text\/css\" data-created_by=\"avia_inline_auto\" id=\"style-css-av-7xrlp-3a02a5602b800ab84be1264ea32f243e\">\n#top .hr.hr-invisible.av-7xrlp-3a02a5602b800ab84be1264ea32f243e{\nheight:20px;\n}\n<\/style>\n<div  class='hr av-7xrlp-3a02a5602b800ab84be1264ea32f243e hr-invisible  avia-builder-el-8  el_after_av_textblock  el_before_av_textblock'><span class='hr-inner'><span class=\"hr-inner-style\"><\/span><\/span><\/div><br \/>\n<section class=\"av_textblock_section\"  itemscope=\"itemscope\" itemtype=\"https:\/\/schema.org\/CreativeWork\" ><div class='avia_textblock  av_inherit_color'  style='color:#1d1d1b; '  itemprop=\"text\" ><p><span style=\"font-weight: 400;\">Panayiotis Stathopoulos 1972 y\u0131l\u0131nda Atina&#8217;da do\u011fdu. \u00c7ocuklu\u011fundan beri m\u00fczik ve tiyatro ile ilgileniyor. 1998 y\u0131l\u0131nda Ulusal Tiyatro Drama Oyunculuk Okulu&#8217;ndan mezun oldu. O zamandan beri tiyatro, sinema ve televizyon alanlar\u0131nda profesyonel oyuncu olarak \u00e7al\u0131\u015f\u0131yor. 2007 y\u0131l\u0131ndan bu yana tiyatro gruplar\u0131n\u0131n animasyonu, performanslar\u0131n sahnelenmesi ve amat\u00f6r oyunculara oyunculuk e\u011fitimi verilmesi ile ilgilenmektedir. 2010 y\u0131l\u0131nda Arjantin&#8217;den Camilo Bentacor&#8217;un rehberli\u011finde commedia dell&#8217;arte e\u011fitimi ald\u0131. 2009 y\u0131l\u0131nda deneyimli \u0130talyan hokkabaz Aldo Viral ile birlikte akrobatik, teatral, hokkabazl\u0131k ve m\u00fczik unsurlar\u0131yla sokak tiyatrosu alan\u0131nda faaliyet g\u00f6steren Circo Bahalo grubunu kurdu.Geleneksel m\u00fczik \u00fczerine ara\u015ft\u0131rmalar yap\u0131yor; \u0130stanbul lavtas\u0131 \u00e7al\u0131yor ve m\u00fczik gruplar\u0131nda \u015fark\u0131 s\u00f6yl\u00fcyor. 2013&#8217;ten beri Midilli, Lesvos Adas\u0131\u2019nda oyunculuk \u00f6\u011fretmeni olarak \u00e7al\u0131\u015fmakta ve seyahat ederek tiyatrolarda profesyonel oyuncu olarak \u00e7al\u0131\u015fmaktad\u0131r. Commedia dell&#8217;arte ve tiyatro oyunculuk sanat\u0131 i\u00e7in seminerler d\u00fczenliyor.<\/span><\/p>\n<p>&#8211;<\/p>\n<p><span style=\"font-weight: 400;\">Panayiotis<\/span><span style=\"font-weight: 400;\"> Stathopoulos was born in Athens in 1972. He has been involved in music and theater since he was a child. He graduated from the Drama School of Acting of the National Theater in 1998. Since then he has been working as a professional actor in theater, cinema and television. Since 2007 he has been involved in the animation of theatrical groups, staging performances and teaching acting to amateur actors. In 2010 he studied the genre of commedia dell&#8217;arte under the guidance of Camilo Bentacor from Argentina. In 2009 together with the veteran Italian juggler Aldo Viral, he founded the Circo Bahalo group which is active in the field of street theater with acrobatic, theatrical, juggling and musical elements. He carries out researches on traditional music; he plays Istanbul lute and sings in musical groups. Since 2013 he has been living and working in Mytilene, Lesvos Island as an acting teacher while traveling and working as a professional actor in the theater. He organizes seminars for commedia dell&#8217;arte and the acting art of the theater.<\/span><\/p>\n<\/div><\/section><br \/>\n<section class=\"av_textblock_section\"  itemscope=\"itemscope\" itemtype=\"https:\/\/schema.org\/CreativeWork\" ><div class='avia_textblock  av_inherit_color'  style='color:#1d1d1b; '  itemprop=\"text\" ><p><b>At\u00f6lye S\u00fcresi \/ Workshop Duration: <\/b><span style=\"font-weight: 400;\">2 g\u00fcn 2\u2019\u015fer saat &#8211; 2 hours\/day for 2 days\u00a0<\/span><\/p>\n<p><b>Kat\u0131l\u0131mc\u0131 Say\u0131s\u0131 \/ Number of Participants: <\/b><span style=\"font-weight: 400;\">20<\/span><\/p>\n<p><b>Ya\u015f \/ Age: <\/b><span style=\"font-weight: 400;\">+18<\/span><\/p>\n<\/div><\/section><\/p><\/div><\/p>","protected":false},"excerpt":{"rendered":"","protected":false},"author":1,"featured_media":0,"parent":0,"menu_order":0,"comment_status":"closed","ping_status":"closed","template":"","meta":{"footnotes":""},"class_list":["post-2733","page","type-page","status-publish","hentry"],"_links":{"self":[{"href":"https:\/\/bergamatiyatrofestivali.com\/en\/wp-json\/wp\/v2\/pages\/2733","targetHints":{"allow":["GET"]}}],"collection":[{"href":"https:\/\/bergamatiyatrofestivali.com\/en\/wp-json\/wp\/v2\/pages"}],"about":[{"href":"https:\/\/bergamatiyatrofestivali.com\/en\/wp-json\/wp\/v2\/types\/page"}],"author":[{"embeddable":true,"href":"https:\/\/bergamatiyatrofestivali.com\/en\/wp-json\/wp\/v2\/users\/1"}],"replies":[{"embeddable":true,"href":"https:\/\/bergamatiyatrofestivali.com\/en\/wp-json\/wp\/v2\/comments?post=2733"}],"version-history":[{"count":15,"href":"https:\/\/bergamatiyatrofestivali.com\/en\/wp-json\/wp\/v2\/pages\/2733\/revisions"}],"predecessor-version":[{"id":3289,"href":"https:\/\/bergamatiyatrofestivali.com\/en\/wp-json\/wp\/v2\/pages\/2733\/revisions\/3289"}],"wp:attachment":[{"href":"https:\/\/bergamatiyatrofestivali.com\/en\/wp-json\/wp\/v2\/media?parent=2733"}],"curies":[{"name":"wp","href":"https:\/\/api.w.org\/{rel}","templated":true}]}}