{"id":2730,"date":"2022-05-13T21:19:53","date_gmt":"2022-05-13T18:19:53","guid":{"rendered":"https:\/\/bergamatiyatrofestivali.com\/?page_id=2730"},"modified":"2022-05-30T18:45:01","modified_gmt":"2022-05-30T15:45:01","slug":"pergamon-antik-kent-yuruyusu","status":"publish","type":"page","link":"https:\/\/bergamatiyatrofestivali.com\/en\/pergamon-antik-kent-yuruyusu\/","title":{"rendered":"Pergamon Antik Kent Y\u00fcr\u00fcy\u00fc\u015f\u00fc"},"content":{"rendered":"<div class='flex_column av-6b97pm-af1ffb636cae303926f65af398169c2b av_one_half  avia-builder-el-0  el_before_av_one_half  avia-builder-el-first  first flex_column_div'   ><p>\n<style type=\"text\/css\" data-created_by=\"avia_inline_auto\" id=\"style-css-av-4easfe-3d32ac85fd82e35aa3409d57e4610e86\">\n.avia-image-container.av-4easfe-3d32ac85fd82e35aa3409d57e4610e86 .av-image-caption-overlay-center{\ncolor:#ffffff;\n}\n<\/style>\n<div  class='avia-image-container av-4easfe-3d32ac85fd82e35aa3409d57e4610e86 av-styling- avia-align-center  avia-builder-el-1  el_before_av_textblock  avia-builder-el-first'  itemprop=\"image\" itemscope=\"itemscope\" itemtype=\"https:\/\/schema.org\/ImageObject\" ><div class=\"avia-image-container-inner\"><div class=\"avia-image-overlay-wrap\"><img decoding=\"async\" class='wp-image-3285 avia-img-lazy-loading-not-3285 avia_image' src=\"https:\/\/bergamatiyatrofestivali.com\/wp-content\/uploads\/2022\/05\/Pergamon-Antik-Kent-Yuruyusu-post.png\" alt='' title='Pergamon Antik Kent Y\u00fcr\u00fcy\u00fc\u015f\u00fc-post'  height=\"1080\" width=\"1080\"  itemprop=\"thumbnailUrl\" srcset=\"https:\/\/bergamatiyatrofestivali.com\/wp-content\/uploads\/2022\/05\/Pergamon-Antik-Kent-Yuruyusu-post.png 1080w, https:\/\/bergamatiyatrofestivali.com\/wp-content\/uploads\/2022\/05\/Pergamon-Antik-Kent-Yuruyusu-post-300x300.png 300w, https:\/\/bergamatiyatrofestivali.com\/wp-content\/uploads\/2022\/05\/Pergamon-Antik-Kent-Yuruyusu-post-1030x1030.png 1030w, https:\/\/bergamatiyatrofestivali.com\/wp-content\/uploads\/2022\/05\/Pergamon-Antik-Kent-Yuruyusu-post-80x80.png 80w, https:\/\/bergamatiyatrofestivali.com\/wp-content\/uploads\/2022\/05\/Pergamon-Antik-Kent-Yuruyusu-post-768x768.png 768w, https:\/\/bergamatiyatrofestivali.com\/wp-content\/uploads\/2022\/05\/Pergamon-Antik-Kent-Yuruyusu-post-12x12.png 12w, https:\/\/bergamatiyatrofestivali.com\/wp-content\/uploads\/2022\/05\/Pergamon-Antik-Kent-Yuruyusu-post-36x36.png 36w, https:\/\/bergamatiyatrofestivali.com\/wp-content\/uploads\/2022\/05\/Pergamon-Antik-Kent-Yuruyusu-post-180x180.png 180w, https:\/\/bergamatiyatrofestivali.com\/wp-content\/uploads\/2022\/05\/Pergamon-Antik-Kent-Yuruyusu-post-705x705.png 705w\" sizes=\"(max-width: 1080px) 100vw, 1080px\" \/><\/div><\/div><\/div><br \/>\n<section class=\"av_textblock_section\"  itemscope=\"itemscope\" itemtype=\"https:\/\/schema.org\/CreativeWork\" ><div class='avia_textblock  av_inherit_color'  style='color:#1d1d1b; '  itemprop=\"text\" ><h2><strong>Pergamon Antik Kent Y\u00fcr\u00fcy\u00fc\u015f\u00fc<\/strong><\/h2>\n<h3><em><strong>Pergamon Ancient City Walking Tour<\/strong><\/em><\/h3>\n<h3><span style=\"font-weight: 400;\">B\u00fclent T\u00fcrkmen<\/span><\/h3>\n<h4><span style=\"font-weight: 400;\">3 Haziran &#8211; June \/ Cuma &#8211; Friday, 09.00<\/span><\/h4>\n<h5><span style=\"font-weight: 400;\">K\u0131z\u0131lavlu &#8211; Red Hall Basilica\u00a0<\/span><\/h5>\n<\/div><\/section><br \/>\n\n<style type=\"text\/css\" data-created_by=\"avia_inline_auto\" id=\"style-css-av-l34rk6lf-5dbd03271607690d4f9b4030b23eaf40\">\n#top .hr.hr-invisible.av-l34rk6lf-5dbd03271607690d4f9b4030b23eaf40{\nheight:20px;\n}\n<\/style>\n<div  class='hr av-l34rk6lf-5dbd03271607690d4f9b4030b23eaf40 hr-invisible  avia-builder-el-3  el_after_av_textblock  el_before_av_buttonrow'><span class='hr-inner'><span class=\"hr-inner-style\"><\/span><\/span><\/div><br \/>\n<div  class='avia-buttonrow-wrap av-l34rl0wo-cf65a46da6072ba23335bac026c1c21e avia-buttonrow-left  avia-builder-el-4  el_after_av_hr  avia-builder-el-last'>\n\n<style type=\"text\/css\" data-created_by=\"avia_inline_auto\" id=\"style-css-av-l34rkj8z-150838e64788100dac17ea76030b2470\">\n#top #wrap_all .avia-button.av-l34rkj8z-150838e64788100dac17ea76030b2470{\nmargin-bottom:5px;\nmargin-right:5px;\n}\n#top #wrap_all .avia-button.av-l34rkj8z-150838e64788100dac17ea76030b2470:hover{\nbackground-color:black;\ncolor:#ffffff;\ntransition:all 0.4s ease-in-out;\n-webkit-transition:all 0.4s ease-in-out;\n-moz-transition:all 0.4s ease-in-out;\n-ms-transition:all 0.4s ease-in-out;\n-o-transition:all 0.4s ease-in-out;\n}\n<\/style>\n<a href='https:\/\/www.mobilet.com\/event\/pergamon-antik-kent-yuruyusu-bulent-turkmen-11865-9f4a' class='avia-button av-l34rkj8z-150838e64788100dac17ea76030b2470 avia-icon_select-yes-left-icon avia-size-medium avia-color-black avia-font-color-white' target=\"_blank\" rel=\"noopener noreferrer\"><span class='avia_button_icon avia_button_icon_left' aria-hidden='true' data-av_icon='\ue889' data-av_iconfont='entypo-fontello'><\/span><span class='avia_iconbox_title' >MOB\u0130LET<\/span><\/a>\n<\/div><\/p><\/div><div class='flex_column av-1wuu7u-4737326222a92fec23920cada027ab4d av_one_half  avia-builder-el-5  el_after_av_one_half  avia-builder-el-last  flex_column_div'   ><p><section class=\"av_textblock_section\"  itemscope=\"itemscope\" itemtype=\"https:\/\/schema.org\/CreativeWork\" ><div class='avia_textblock  av_inherit_color'  style='color:#1d1d1b; '  itemprop=\"text\" ><p><span style=\"font-weight: 400;\">Kentin akropol\u00fcnde Athena Kutsal Alan\u0131, Traianus Tap\u0131na\u011f\u0131, Zeus Suna\u011f\u0131, k\u00fct\u00fcphane, sarn\u0131\u00e7, tiyatro yap\u0131s\u0131 g\u00f6r\u00fcld\u00fckten sonra antik yoldan orta kente y\u00fcr\u00fcn\u00fclecek ve burada Z binas\u0131, Demeter Kutsal Alan\u0131 ve Gymnasium yap\u0131lar\u0131 ziyaret edilecek. Buradan a\u015fa\u011f\u0131 kente inilecek, Rum evlerinin oldu\u011fu Kale Mahallesi\u2019nin i\u00e7inden ge\u00e7ilerek b\u00fct\u00fcn g\u00f6rkemiyle <\/span><span style=\"font-weight: 400;\">ayakta duran K\u0131z\u0131lavlu\u2019da y\u00fcr\u00fcy\u00fc\u015f\u00fcm\u00fcz son bulacakt\u0131r.<\/span><\/p>\n<p>&#8211;<\/p>\n<p><span style=\"font-weight: 400;\">Our tour will start in the city&#8217;s Acropolis, and after seeing the Sanctuary of Athena, the Temple of Trajan, the Altar of Zeus, the library, the cistern, and the theatre, we will walk to the middle city from the ancient road and visit the Z building, the Demeter Sanctuary and the Gymnasium structures. From here, we will go down to the lower city on foot, pass through the Kale Mahallesi with Greek houses, and end our tour in the Red Courtyard (Temple of the Egyptian Gods), which stands in all its glory.<\/span><\/p>\n<\/div><\/section><br \/>\n\n<style type=\"text\/css\" data-created_by=\"avia_inline_auto\" id=\"style-css-av-2e6rmy-b4acc1d56faa3f461630c9d29fdd63c9\">\n#top .hr.hr-invisible.av-2e6rmy-b4acc1d56faa3f461630c9d29fdd63c9{\nheight:20px;\n}\n<\/style>\n<div  class='hr av-2e6rmy-b4acc1d56faa3f461630c9d29fdd63c9 hr-invisible  avia-builder-el-7  el_after_av_textblock  el_before_av_textblock'><span class='hr-inner'><span class=\"hr-inner-style\"><\/span><\/span><\/div><br \/>\n<section class=\"av_textblock_section\"  itemscope=\"itemscope\" itemtype=\"https:\/\/schema.org\/CreativeWork\" ><div class='avia_textblock  av_inherit_color'  style='color:#1d1d1b; '  itemprop=\"text\" ><p><b>Etkinlik S\u00fcresi \/ Event Duration: <\/b><span style=\"font-weight: 400;\">150\u2019<\/span><\/p>\n<p><b>Kat\u0131l\u0131mc\u0131 Say\u0131s\u0131 \/ Number of Participants:<\/b><span style=\"font-weight: 400;\"> 30<\/span><\/p>\n<\/div><\/section><\/p><\/div><\/p>","protected":false},"excerpt":{"rendered":"","protected":false},"author":1,"featured_media":0,"parent":0,"menu_order":0,"comment_status":"closed","ping_status":"closed","template":"","meta":{"footnotes":""},"class_list":["post-2730","page","type-page","status-publish","hentry"],"_links":{"self":[{"href":"https:\/\/bergamatiyatrofestivali.com\/en\/wp-json\/wp\/v2\/pages\/2730","targetHints":{"allow":["GET"]}}],"collection":[{"href":"https:\/\/bergamatiyatrofestivali.com\/en\/wp-json\/wp\/v2\/pages"}],"about":[{"href":"https:\/\/bergamatiyatrofestivali.com\/en\/wp-json\/wp\/v2\/types\/page"}],"author":[{"embeddable":true,"href":"https:\/\/bergamatiyatrofestivali.com\/en\/wp-json\/wp\/v2\/users\/1"}],"replies":[{"embeddable":true,"href":"https:\/\/bergamatiyatrofestivali.com\/en\/wp-json\/wp\/v2\/comments?post=2730"}],"version-history":[{"count":6,"href":"https:\/\/bergamatiyatrofestivali.com\/en\/wp-json\/wp\/v2\/pages\/2730\/revisions"}],"predecessor-version":[{"id":3042,"href":"https:\/\/bergamatiyatrofestivali.com\/en\/wp-json\/wp\/v2\/pages\/2730\/revisions\/3042"}],"wp:attachment":[{"href":"https:\/\/bergamatiyatrofestivali.com\/en\/wp-json\/wp\/v2\/media?parent=2730"}],"curies":[{"name":"wp","href":"https:\/\/api.w.org\/{rel}","templated":true}]}}