{"id":2723,"date":"2022-05-12T23:26:57","date_gmt":"2022-05-12T20:26:57","guid":{"rendered":"https:\/\/bergamatiyatrofestivali.com\/?page_id=2723"},"modified":"2022-05-30T18:41:17","modified_gmt":"2022-05-30T15:41:17","slug":"nihayet-bitti","status":"publish","type":"page","link":"https:\/\/bergamatiyatrofestivali.com\/en\/nihayet-bitti\/","title":{"rendered":"Finally, The End"},"content":{"rendered":"<div class='flex_column av-81m5lv-a78cd684cd9610f07f3eca24d2be92da av_one_half  avia-builder-el-0  el_before_av_one_half  avia-builder-el-first  first flex_column_div'   ><p>\n<style type=\"text\/css\" data-created_by=\"avia_inline_auto\" id=\"style-css-av-68nrib-9391debbdb873babc30feabf3219c71e\">\n.avia-image-container.av-68nrib-9391debbdb873babc30feabf3219c71e .av-image-caption-overlay-center{\ncolor:#ffffff;\n}\n<\/style>\n<div  class='avia-image-container av-68nrib-9391debbdb873babc30feabf3219c71e av-styling- avia-align-center  avia-builder-el-1  el_before_av_textblock  avia-builder-el-first'  itemprop=\"image\" itemscope=\"itemscope\" itemtype=\"https:\/\/schema.org\/ImageObject\" ><div class=\"avia-image-container-inner\"><div class=\"avia-image-overlay-wrap\"><img decoding=\"async\" class='wp-image-3277 avia-img-lazy-loading-not-3277 avia_image' src=\"https:\/\/bergamatiyatrofestivali.com\/wp-content\/uploads\/2022\/05\/nihayet-bitti-post.png\" alt='' title='nihayet bitti-post'  height=\"1080\" width=\"1080\"  itemprop=\"thumbnailUrl\" srcset=\"https:\/\/bergamatiyatrofestivali.com\/wp-content\/uploads\/2022\/05\/nihayet-bitti-post.png 1080w, https:\/\/bergamatiyatrofestivali.com\/wp-content\/uploads\/2022\/05\/nihayet-bitti-post-300x300.png 300w, https:\/\/bergamatiyatrofestivali.com\/wp-content\/uploads\/2022\/05\/nihayet-bitti-post-1030x1030.png 1030w, https:\/\/bergamatiyatrofestivali.com\/wp-content\/uploads\/2022\/05\/nihayet-bitti-post-80x80.png 80w, https:\/\/bergamatiyatrofestivali.com\/wp-content\/uploads\/2022\/05\/nihayet-bitti-post-768x768.png 768w, https:\/\/bergamatiyatrofestivali.com\/wp-content\/uploads\/2022\/05\/nihayet-bitti-post-12x12.png 12w, https:\/\/bergamatiyatrofestivali.com\/wp-content\/uploads\/2022\/05\/nihayet-bitti-post-36x36.png 36w, https:\/\/bergamatiyatrofestivali.com\/wp-content\/uploads\/2022\/05\/nihayet-bitti-post-180x180.png 180w, https:\/\/bergamatiyatrofestivali.com\/wp-content\/uploads\/2022\/05\/nihayet-bitti-post-705x705.png 705w\" sizes=\"(max-width: 1080px) 100vw, 1080px\" \/><\/div><\/div><\/div><br \/>\n<section class=\"av_textblock_section\"  itemscope=\"itemscope\" itemtype=\"https:\/\/schema.org\/CreativeWork\" ><div class='avia_textblock  av_inherit_color'  style='color:#1d1d1b; '  itemprop=\"text\" ><h2><strong>Finally, The End<\/strong><\/h2>\n<h3><em><strong>Finally, The End<\/strong><\/em><\/h3>\n<h3><span style=\"font-weight: 400;\">BERKSAV Oda Tiyatrosu\u00a0<\/span><\/h3>\n<h4><span style=\"font-weight: 400;\">2 Haziran &#8211; June \/ Per\u015fembe &#8211; Thursday, 17:30<\/span><\/h4>\n<h4><span style=\"font-weight: 400;\">4 Haziran &#8211; June \/ Cumartesi &#8211; Saturday, 15:00<\/span><\/h4>\n<h5><span style=\"font-weight: 400;\">BerKM &#8211;\u00a0<\/span><span style=\"font-weight: 400;\">Bergama Cultural Center<\/span><\/h5>\n<p>Etkinlik \u00dccretsizdir. This event is free.<\/p>\n<p><b><\/b><span style=\"font-weight: 400;\">\u00a0<\/span><\/p>\n<\/div><\/section><\/p><\/div><div class='flex_column av-4ao9cj-ad1bd409244c1644bd488165959480f2 av_one_half  avia-builder-el-3  el_after_av_one_half  avia-builder-el-last  flex_column_div'   ><p><section class=\"av_textblock_section\"  itemscope=\"itemscope\" itemtype=\"https:\/\/schema.org\/CreativeWork\" ><div class='avia_textblock  av_inherit_color'  style='color:#1d1d1b; '  itemprop=\"text\" ><p><span style=\"font-weight: 400;\">\u00d6ld\u00fc. Evet ba\u015fard\u0131. Ama kurtuldu mu acaba kendi i\u00e7ini kemiren la\u011f\u0131m faresinden? Hayat b\u0131rakt\u0131 m\u0131 pe\u015fini? Kar\u0131s\u0131, o\u011flu ne yapt\u0131 acaba o g\u00f6\u00e7\u00fcp giderken? Ka\u00e7 saniyelik sohbete konu oldu bir ak\u015fam yeme\u011finde? Arkada\u015flar\u0131 hangisini hat\u0131rl\u0131yor acaba? Da\u011f\u0131lmas\u0131ndan \u00f6ncesini mi da\u011f\u0131ld\u0131ktan sonras\u0131n\u0131 m\u0131? Ya da sadece \u00f6ld\u00fc\u011f\u00fc an\u0131 m\u0131 konu\u015fuyorlar? \u00d6l\u00fcnce yok mu oluyor insan? Yoksa ba\u015fka bir yerde var oluyor mu? Bir\u00e7ok sorumuz var ve hi\u00e7 cevab\u0131m\u0131z yok.\u00a0<\/span><\/p>\n<p><span style=\"font-weight: 400;\">&#8211;<\/span><\/p>\n<p><span style=\"font-weight: 400;\">He died. Yes, he succeeded. But did he get rid of the sewer rat that gnaws at him? Did life leave him? What did his wife and son do when he passed away? How many seconds was it the subject of a conversation at a dinner party? Which of his friends remember? Before the breakup or after the breakup? Or are they just talking about the moment he died? Does a person disappear when he dies? Or does he exist elsewhere? We have many questions and no answers.<\/span><\/p>\n<\/div><\/section><br \/>\n<div  class='hr av-2dlz6b-e2d1b22ac9e610492b99fd139fb2131c hr-default  avia-builder-el-5  el_after_av_textblock  el_before_av_textblock'><span class='hr-inner'><span class=\"hr-inner-style\"><\/span><\/span><\/div><br \/>\n<section class=\"av_textblock_section\"  itemscope=\"itemscope\" itemtype=\"https:\/\/schema.org\/CreativeWork\" ><div class='avia_textblock  av_inherit_color'  style='color:#1d1d1b; '  itemprop=\"text\" ><p><b>Yazan &#8211; Written by: <\/b><span style=\"font-weight: 400;\">Peter Turrini\u00a0<\/span><\/p>\n<p><b>Y\u00f6neten &#8211; Directed by:<\/b><span style=\"font-weight: 400;\"> Kemal K\u0131rlar<\/span> <span style=\"font-weight: 400;\">\u00a0<\/span><\/p>\n<p><b>Oyuncu &#8211; Cast:<\/b><span style=\"font-weight: 400;\"> Salihcan Saban\u00a0<\/span><\/p>\n<p><b>I\u015f\u0131k Tasar\u0131m\u0131 &#8211; Lighting Design: <\/b><span style=\"font-weight: 400;\">Mustafa An\u0131l Y\u0131lmaz<\/span><b>\u00a0<\/b><\/p>\n<p><b>M\u00fczik &#8211; Music: <\/b><span style=\"font-weight: 400;\">Yusuf \u0130slam Durmaz\u00a0<\/span><\/p>\n<p><b>Oyun S\u00fcresi &#8211; Performance Duration:<\/b><span style=\"font-weight: 400;\"> 70\u2019<\/span><\/p>\n<p><b>Ya\u015f &#8211; Age: <\/b><span style=\"font-weight: 400;\">+16<\/span><\/p>\n<\/div><\/section><\/p><\/div><\/p>","protected":false},"excerpt":{"rendered":"","protected":false},"author":1,"featured_media":0,"parent":0,"menu_order":0,"comment_status":"closed","ping_status":"closed","template":"","meta":{"footnotes":""},"class_list":["post-2723","page","type-page","status-publish","hentry"],"_links":{"self":[{"href":"https:\/\/bergamatiyatrofestivali.com\/en\/wp-json\/wp\/v2\/pages\/2723","targetHints":{"allow":["GET"]}}],"collection":[{"href":"https:\/\/bergamatiyatrofestivali.com\/en\/wp-json\/wp\/v2\/pages"}],"about":[{"href":"https:\/\/bergamatiyatrofestivali.com\/en\/wp-json\/wp\/v2\/types\/page"}],"author":[{"embeddable":true,"href":"https:\/\/bergamatiyatrofestivali.com\/en\/wp-json\/wp\/v2\/users\/1"}],"replies":[{"embeddable":true,"href":"https:\/\/bergamatiyatrofestivali.com\/en\/wp-json\/wp\/v2\/comments?post=2723"}],"version-history":[{"count":6,"href":"https:\/\/bergamatiyatrofestivali.com\/en\/wp-json\/wp\/v2\/pages\/2723\/revisions"}],"predecessor-version":[{"id":3279,"href":"https:\/\/bergamatiyatrofestivali.com\/en\/wp-json\/wp\/v2\/pages\/2723\/revisions\/3279"}],"wp:attachment":[{"href":"https:\/\/bergamatiyatrofestivali.com\/en\/wp-json\/wp\/v2\/media?parent=2723"}],"curies":[{"name":"wp","href":"https:\/\/api.w.org\/{rel}","templated":true}]}}