{"id":2716,"date":"2022-05-12T23:19:29","date_gmt":"2022-05-12T20:19:29","guid":{"rendered":"https:\/\/bergamatiyatrofestivali.com\/?page_id=2716"},"modified":"2022-05-30T18:42:32","modified_gmt":"2022-05-30T15:42:32","slug":"adviye","status":"publish","type":"page","link":"https:\/\/bergamatiyatrofestivali.com\/en\/adviye\/","title":{"rendered":"Adviye"},"content":{"rendered":"<div class='flex_column av-70a9z0-6172b8d976a2e1af6474466b8e227fe5 av_one_half  avia-builder-el-0  el_before_av_one_half  avia-builder-el-first  first flex_column_div'   ><p>\n<style type=\"text\/css\" data-created_by=\"avia_inline_auto\" id=\"style-css-av-l33gf1qp-3d88d3bd4f1e4fde6d12e3a957a56484\">\n.avia-image-container.av-l33gf1qp-3d88d3bd4f1e4fde6d12e3a957a56484 .av-image-caption-overlay-center{\ncolor:#ffffff;\n}\n<\/style>\n<div  class='avia-image-container av-l33gf1qp-3d88d3bd4f1e4fde6d12e3a957a56484 av-styling- avia-align-center  avia-builder-el-1  el_before_av_textblock  avia-builder-el-first'  itemprop=\"image\" itemscope=\"itemscope\" itemtype=\"https:\/\/schema.org\/ImageObject\" ><div class=\"avia-image-container-inner\"><div class=\"avia-image-overlay-wrap\"><img decoding=\"async\" class='wp-image-3281 avia-img-lazy-loading-not-3281 avia_image' src=\"https:\/\/bergamatiyatrofestivali.com\/wp-content\/uploads\/2022\/05\/Adviye-post.png\" alt='' title='Adviye-post'  height=\"1080\" width=\"1080\"  itemprop=\"thumbnailUrl\" srcset=\"https:\/\/bergamatiyatrofestivali.com\/wp-content\/uploads\/2022\/05\/Adviye-post.png 1080w, https:\/\/bergamatiyatrofestivali.com\/wp-content\/uploads\/2022\/05\/Adviye-post-300x300.png 300w, https:\/\/bergamatiyatrofestivali.com\/wp-content\/uploads\/2022\/05\/Adviye-post-1030x1030.png 1030w, https:\/\/bergamatiyatrofestivali.com\/wp-content\/uploads\/2022\/05\/Adviye-post-80x80.png 80w, https:\/\/bergamatiyatrofestivali.com\/wp-content\/uploads\/2022\/05\/Adviye-post-768x768.png 768w, https:\/\/bergamatiyatrofestivali.com\/wp-content\/uploads\/2022\/05\/Adviye-post-12x12.png 12w, https:\/\/bergamatiyatrofestivali.com\/wp-content\/uploads\/2022\/05\/Adviye-post-36x36.png 36w, https:\/\/bergamatiyatrofestivali.com\/wp-content\/uploads\/2022\/05\/Adviye-post-180x180.png 180w, https:\/\/bergamatiyatrofestivali.com\/wp-content\/uploads\/2022\/05\/Adviye-post-705x705.png 705w\" sizes=\"(max-width: 1080px) 100vw, 1080px\" \/><\/div><\/div><\/div><br \/>\n<section class=\"av_textblock_section\"  itemscope=\"itemscope\" itemtype=\"https:\/\/schema.org\/CreativeWork\" ><div class='avia_textblock  av_inherit_color'  style='color:#1d1d1b; '  itemprop=\"text\" ><h2><strong>Adviye\u00a0<\/strong><\/h2>\n<h3><span style=\"font-weight: 400;\">Alia\u011fa \u015eehir Tiyatrosu \u00ae\ufe0f<\/span><\/h3>\n<h4><span style=\"font-weight: 400;\">2 Haziran \/ June &#8211; Per\u015fembe \/ Thursday, 19:00<\/span><\/h4>\n<h4><span style=\"font-weight: 400;\">5 Haziran \/ June &#8211; Pazar \/ Sunday, 19:00<\/span><\/h4>\n<h5><span style=\"font-weight: 400;\">Tabakhaneler, Tonoz \/ Tanneries, Tonoz<\/span><\/h5>\n<\/div><\/section><br \/>\n\n<style type=\"text\/css\" data-created_by=\"avia_inline_auto\" id=\"style-css-av-6h8em4-7c70f47a47d1df646b972c21db0ce93c\">\n#top .hr.hr-invisible.av-6h8em4-7c70f47a47d1df646b972c21db0ce93c{\nheight:20px;\n}\n<\/style>\n<div  class='hr av-6h8em4-7c70f47a47d1df646b972c21db0ce93c hr-invisible  avia-builder-el-3  el_after_av_textblock  el_before_av_buttonrow'><span class='hr-inner'><span class=\"hr-inner-style\"><\/span><\/span><\/div><br \/>\n<div  class='avia-buttonrow-wrap av-l33ge9di-30354ba4e88d270750fe3dff708843aa avia-buttonrow-left  avia-builder-el-4  el_after_av_hr  avia-builder-el-last'>\n\n<style type=\"text\/css\" data-created_by=\"avia_inline_auto\" id=\"style-css-av-l33gdw9z-2b8182742afc702ab7f330662b8b4a03\">\n#top #wrap_all .avia-button.av-l33gdw9z-2b8182742afc702ab7f330662b8b4a03{\nmargin-bottom:5px;\nmargin-right:5px;\n}\n#top #wrap_all .avia-button.av-l33gdw9z-2b8182742afc702ab7f330662b8b4a03:hover{\nbackground-color:black;\ncolor:#ffffff;\ntransition:all 0.4s ease-in-out;\n-webkit-transition:all 0.4s ease-in-out;\n-moz-transition:all 0.4s ease-in-out;\n-ms-transition:all 0.4s ease-in-out;\n-o-transition:all 0.4s ease-in-out;\n}\n<\/style>\n<a href='https:\/\/www.mobilet.com\/event\/adviye-aliaga-sehir-tiyatrosu-11815-f890' class='avia-button av-l33gdw9z-2b8182742afc702ab7f330662b8b4a03 avia-icon_select-yes-left-icon avia-size-medium avia-color-black avia-font-color-white' target=\"_blank\" rel=\"noopener noreferrer\"><span class='avia_button_icon avia_button_icon_left' aria-hidden='true' data-av_icon='\ue881' data-av_iconfont='entypo-fontello'><\/span><span class='avia_iconbox_title' >2 Haziran Mobilet<\/span><\/a>\n\n<style type=\"text\/css\" data-created_by=\"avia_inline_auto\" id=\"style-css-av-l33gdw9z-c7ce2b0db566b5004be138016a9b4a5b\">\n#top #wrap_all .avia-button.av-l33gdw9z-c7ce2b0db566b5004be138016a9b4a5b{\nmargin-bottom:5px;\nmargin-right:5px;\n}\n#top #wrap_all .avia-button.av-l33gdw9z-c7ce2b0db566b5004be138016a9b4a5b:hover{\nbackground-color:black;\ncolor:#ffffff;\ntransition:all 0.4s ease-in-out;\n-webkit-transition:all 0.4s ease-in-out;\n-moz-transition:all 0.4s ease-in-out;\n-ms-transition:all 0.4s ease-in-out;\n-o-transition:all 0.4s ease-in-out;\n}\n<\/style>\n<a href='https:\/\/www.mobilet.com\/event\/adviye-aliaga-sehir-tiyatrosu-11816-bbb0' class='avia-button av-l33gdw9z-c7ce2b0db566b5004be138016a9b4a5b avia-icon_select-yes-left-icon avia-size-medium avia-color-black avia-font-color-white' target=\"_blank\" rel=\"noopener noreferrer\"><span class='avia_button_icon avia_button_icon_left' aria-hidden='true' data-av_icon='\ue881' data-av_iconfont='entypo-fontello'><\/span><span class='avia_iconbox_title' >5 Haziran Mobilet<\/span><\/a>\n<\/div><\/p><\/div><div class='flex_column av-4sv9l8-5c5c2aa51157f4c262c5edaf4f5da598 av_one_half  avia-builder-el-5  el_after_av_one_half  avia-builder-el-last  flex_column_div'   ><p><section class=\"av_textblock_section\"  itemscope=\"itemscope\" itemtype=\"https:\/\/schema.org\/CreativeWork\" ><div class='avia_textblock  av_inherit_color'  style='color:#1d1d1b; '  itemprop=\"text\" ><p><span style=\"font-weight: 400;\">Adviye&#8230; Y\u00fcre\u011finize dokunacak bir hikaye&#8230;\u00a0<\/span><\/p>\n<p><span style=\"font-weight: 400;\">Kimsin sen? Bu soruyu hi\u00e7 sordun mu kendine? Bug\u00fcn ya\u015famakta oldu\u011fun hayat\u0131 yaratan se\u00e7imleri sorgulad\u0131n m\u0131 hi\u00e7? Bunu o g\u00fcne kadar hi\u00e7 sorgulamayan Adviye\u2019nin kar\u015f\u0131s\u0131na bir kad\u0131n \u00e7\u0131kar. O kad\u0131n da Adviye oldu\u011funu iddia etmektedir. Adviye\u2019nin hayat\u0131n\u0131 geri alabilmesi i\u00e7in \u201ckendi\u201d oldu\u011funu kan\u0131tlamas\u0131 gerekmektedir.<\/span><\/p>\n<p><span style=\"font-weight: 400;\">&#8211;<\/span><\/p>\n<p><span style=\"font-weight: 400;\">Adviye&#8230; A story that will touch your heart&#8230;<\/span><\/p>\n<p><span style=\"font-weight: 400;\">Who are you? Have you ever asked yourself this question? Have you ever questioned the choices that created the life you live today? A woman appears before Adviye, who has never questioned this until that day. That woman also claims to be Adviye. In order for Adviye to get her life back, she has to prove that she is &#8220;her own.\u201d<\/span><\/p>\n<\/div><\/section><br \/>\n\n<style type=\"text\/css\" data-created_by=\"avia_inline_auto\" id=\"style-css-av-2fpung-a3655de797354a7ae5f95d2aff774079\">\n#top .hr.hr-invisible.av-2fpung-a3655de797354a7ae5f95d2aff774079{\nheight:20px;\n}\n<\/style>\n<div  class='hr av-2fpung-a3655de797354a7ae5f95d2aff774079 hr-invisible  avia-builder-el-7  el_after_av_textblock  el_before_av_textblock'><span class='hr-inner'><span class=\"hr-inner-style\"><\/span><\/span><\/div><br \/>\n<section class=\"av_textblock_section\"  itemscope=\"itemscope\" itemtype=\"https:\/\/schema.org\/CreativeWork\" ><div class='avia_textblock  av_inherit_color'  style='color:#1d1d1b; '  itemprop=\"text\" ><p><b>Yap\u0131m \/ Production: <\/b><span style=\"font-weight: 400;\">Alia\u011fa \u015eehir Tiyatrosu \u00ae\ufe0f<\/span><\/p>\n<p><b>Yazan \/ Written by:<\/b> <span style=\"font-weight: 400;\">\u00a0H.Can Utku<\/span><\/p>\n<p><b>Y\u00f6neten \/ Directed by: <\/b><span style=\"font-weight: 400;\">Gizay Kaya<\/span><\/p>\n<p><b>Teknik \/ Technical:<\/b><span style=\"font-weight: 400;\"> H\u00fcnkar U\u011fur G\u00fcler<\/span><\/p>\n<p><b>Oyuncular \/ Casts:<\/b> <span style=\"font-weight: 400;\">G\u00fclder P\u0131nar, Seher \u0130pek\u00e7i Uzun<\/span><\/p>\n<p><b>Oyun S\u00fcresi \/ Performance Duration:<\/b><span style=\"font-weight: 400;\"> 60\u2019<\/span><\/p>\n<p><b>Ya\u015f \/ Age: <\/b><span style=\"font-weight: 400;\">+12<\/span><\/p>\n<\/div><\/section><\/p><\/div><\/p>","protected":false},"excerpt":{"rendered":"","protected":false},"author":1,"featured_media":0,"parent":0,"menu_order":0,"comment_status":"closed","ping_status":"closed","template":"","meta":{"footnotes":""},"class_list":["post-2716","page","type-page","status-publish","hentry"],"_links":{"self":[{"href":"https:\/\/bergamatiyatrofestivali.com\/en\/wp-json\/wp\/v2\/pages\/2716","targetHints":{"allow":["GET"]}}],"collection":[{"href":"https:\/\/bergamatiyatrofestivali.com\/en\/wp-json\/wp\/v2\/pages"}],"about":[{"href":"https:\/\/bergamatiyatrofestivali.com\/en\/wp-json\/wp\/v2\/types\/page"}],"author":[{"embeddable":true,"href":"https:\/\/bergamatiyatrofestivali.com\/en\/wp-json\/wp\/v2\/users\/1"}],"replies":[{"embeddable":true,"href":"https:\/\/bergamatiyatrofestivali.com\/en\/wp-json\/wp\/v2\/comments?post=2716"}],"version-history":[{"count":3,"href":"https:\/\/bergamatiyatrofestivali.com\/en\/wp-json\/wp\/v2\/pages\/2716\/revisions"}],"predecessor-version":[{"id":3282,"href":"https:\/\/bergamatiyatrofestivali.com\/en\/wp-json\/wp\/v2\/pages\/2716\/revisions\/3282"}],"wp:attachment":[{"href":"https:\/\/bergamatiyatrofestivali.com\/en\/wp-json\/wp\/v2\/media?parent=2716"}],"curies":[{"name":"wp","href":"https:\/\/api.w.org\/{rel}","templated":true}]}}