{"id":2709,"date":"2022-05-12T23:12:22","date_gmt":"2022-05-12T20:12:22","guid":{"rendered":"https:\/\/bergamatiyatrofestivali.com\/?page_id=2709"},"modified":"2022-05-30T18:41:28","modified_gmt":"2022-05-30T15:41:28","slug":"cerag","status":"publish","type":"page","link":"https:\/\/bergamatiyatrofestivali.com\/en\/cerag\/","title":{"rendered":"\u00c7era\u011f"},"content":{"rendered":"<div class='flex_column av-4hglmt-fd432f70d0ecfce0da4a45b7b603c2a7 av_one_half  avia-builder-el-0  el_before_av_one_half  avia-builder-el-first  first flex_column_div'   ><p>\n<style type=\"text\/css\" data-created_by=\"avia_inline_auto\" id=\"style-css-av-l33g30me-088d32272695855d47be4feda28cc04c\">\n.avia-image-container.av-l33g30me-088d32272695855d47be4feda28cc04c .av-image-caption-overlay-center{\ncolor:#ffffff;\n}\n<\/style>\n<div  class='avia-image-container av-l33g30me-088d32272695855d47be4feda28cc04c av-styling- avia-align-center  avia-builder-el-1  el_before_av_textblock  avia-builder-el-first'  itemprop=\"image\" itemscope=\"itemscope\" itemtype=\"https:\/\/schema.org\/ImageObject\" ><div class=\"avia-image-container-inner\"><div class=\"avia-image-overlay-wrap\"><img decoding=\"async\" class='wp-image-3278 avia-img-lazy-loading-not-3278 avia_image' src=\"https:\/\/bergamatiyatrofestivali.com\/wp-content\/uploads\/2022\/05\/Cerag-post-1.png\" alt='' title='\u00c7era\u011f-post'  height=\"1080\" width=\"1080\"  itemprop=\"thumbnailUrl\" srcset=\"https:\/\/bergamatiyatrofestivali.com\/wp-content\/uploads\/2022\/05\/Cerag-post-1.png 1080w, https:\/\/bergamatiyatrofestivali.com\/wp-content\/uploads\/2022\/05\/Cerag-post-1-300x300.png 300w, https:\/\/bergamatiyatrofestivali.com\/wp-content\/uploads\/2022\/05\/Cerag-post-1-1030x1030.png 1030w, https:\/\/bergamatiyatrofestivali.com\/wp-content\/uploads\/2022\/05\/Cerag-post-1-80x80.png 80w, https:\/\/bergamatiyatrofestivali.com\/wp-content\/uploads\/2022\/05\/Cerag-post-1-768x768.png 768w, https:\/\/bergamatiyatrofestivali.com\/wp-content\/uploads\/2022\/05\/Cerag-post-1-12x12.png 12w, https:\/\/bergamatiyatrofestivali.com\/wp-content\/uploads\/2022\/05\/Cerag-post-1-36x36.png 36w, https:\/\/bergamatiyatrofestivali.com\/wp-content\/uploads\/2022\/05\/Cerag-post-1-180x180.png 180w, https:\/\/bergamatiyatrofestivali.com\/wp-content\/uploads\/2022\/05\/Cerag-post-1-705x705.png 705w\" sizes=\"(max-width: 1080px) 100vw, 1080px\" \/><\/div><\/div><\/div><br \/>\n<section class=\"av_textblock_section\"  itemscope=\"itemscope\" itemtype=\"https:\/\/schema.org\/CreativeWork\" ><div class='avia_textblock  av_inherit_color'  style='color:#1d1d1b; '  itemprop=\"text\" ><h2><strong> \u00c7era\u011f\u00a0<\/strong><\/h2>\n<h3><span style=\"font-weight: 400;\">Arte Oyuncular\u0131<\/span><\/h3>\n<h4><span style=\"font-weight: 400;\">2 Haziran \/ June -Per\u015fembe \/ Thursday, 18:30<\/span><\/h4>\n<h4><span style=\"font-weight: 400;\">4 Haziran \/ June &#8211; Cumartesi &#8211; Saturday, 17:00<\/span><\/h4>\n<h5><span style=\"font-weight: 400;\">Tonoz\u00a0<\/span><\/h5>\n<\/div><\/section><br \/>\n\n<style type=\"text\/css\" data-created_by=\"avia_inline_auto\" id=\"style-css-av-l33g2ivb-c8b3315e0432fae215829b5dae78b567\">\n#top .hr.hr-invisible.av-l33g2ivb-c8b3315e0432fae215829b5dae78b567{\nheight:20px;\n}\n<\/style>\n<div  class='hr av-l33g2ivb-c8b3315e0432fae215829b5dae78b567 hr-invisible  avia-builder-el-3  el_after_av_textblock  el_before_av_buttonrow'><span class='hr-inner'><span class=\"hr-inner-style\"><\/span><\/span><\/div><br \/>\n<div  class='avia-buttonrow-wrap av-l33g53va-3940cb7af98a3b6bb15b3f4670b82367 avia-buttonrow-left  avia-builder-el-4  el_after_av_hr  avia-builder-el-last'>\n\n<style type=\"text\/css\" data-created_by=\"avia_inline_auto\" id=\"style-css-av-l33g4mwb-3999a48342981490b7bda176aeaee166\">\n#top #wrap_all .avia-button.av-l33g4mwb-3999a48342981490b7bda176aeaee166{\nmargin-bottom:5px;\nmargin-right:5px;\n}\n#top #wrap_all .avia-button.av-l33g4mwb-3999a48342981490b7bda176aeaee166:hover{\nbackground-color:black;\ncolor:#ffffff;\ntransition:all 0.4s ease-in-out;\n-webkit-transition:all 0.4s ease-in-out;\n-moz-transition:all 0.4s ease-in-out;\n-ms-transition:all 0.4s ease-in-out;\n-o-transition:all 0.4s ease-in-out;\n}\n<\/style>\n<a href='https:\/\/www.mobilet.com\/event\/cerag-arte-oyunculari-11819-ff89' class='avia-button av-l33g4mwb-3999a48342981490b7bda176aeaee166 avia-icon_select-yes-left-icon avia-size-medium avia-color-black avia-font-color-white' target=\"_blank\" rel=\"noopener noreferrer\"><span class='avia_button_icon avia_button_icon_left' aria-hidden='true' data-av_icon='\ue881' data-av_iconfont='entypo-fontello'><\/span><span class='avia_iconbox_title' >2 Haziran Mobilet<\/span><\/a>\n\n<style type=\"text\/css\" data-created_by=\"avia_inline_auto\" id=\"style-css-av-l33g4mwb-15311fc76f9427914f863580b4a24241\">\n#top #wrap_all .avia-button.av-l33g4mwb-15311fc76f9427914f863580b4a24241{\nmargin-bottom:5px;\nmargin-right:5px;\n}\n#top #wrap_all .avia-button.av-l33g4mwb-15311fc76f9427914f863580b4a24241:hover{\nbackground-color:black;\ncolor:#ffffff;\ntransition:all 0.4s ease-in-out;\n-webkit-transition:all 0.4s ease-in-out;\n-moz-transition:all 0.4s ease-in-out;\n-ms-transition:all 0.4s ease-in-out;\n-o-transition:all 0.4s ease-in-out;\n}\n<\/style>\n<a href='https:\/\/www.mobilet.com\/event\/cerag-arte-oyunculari-11820-76eb' class='avia-button av-l33g4mwb-15311fc76f9427914f863580b4a24241 avia-icon_select-yes-left-icon avia-size-medium avia-color-black avia-font-color-white' target=\"_blank\" rel=\"noopener noreferrer\"><span class='avia_button_icon avia_button_icon_left' aria-hidden='true' data-av_icon='\ue881' data-av_iconfont='entypo-fontello'><\/span><span class='avia_iconbox_title' >4 Haziran Mobilet<\/span><\/a>\n<\/div><\/p><\/div><div class='flex_column av-1wa1qt-5d94c9a7c1b81eabb9066e722dfe0f1d av_one_half  avia-builder-el-5  el_after_av_one_half  avia-builder-el-last  flex_column_div'   ><p><section class=\"av_textblock_section\"  itemscope=\"itemscope\" itemtype=\"https:\/\/schema.org\/CreativeWork\" ><div class='avia_textblock  av_inherit_color'  style='color:#1d1d1b; '  itemprop=\"text\" ><p><span style=\"font-weight: 400;\">\u00c7era\u011f kadim bir sestir; bin y\u0131llardan bu yana gelen ma\u011fduriyetin, yok say\u0131lman\u0131n, katledilmenin sesi. Ve kadim bir \u0131\u015f\u0131kt\u0131r \u00e7era\u011f; c\u00fcmle dertlerimizin delili olan, i\u00e7ine d\u00fc\u015ft\u00fc\u011f\u00fcm\u00fcz karanl\u0131\u011f\u0131 ayd\u0131nlatan bir \u0131\u015f\u0131k.\u00a0<\/span><\/p>\n<p><span style=\"font-weight: 400;\">\u201c\u00c2lemin murad\u0131 d\u00fcnyada cennettir\u201d diyenlere yol g\u00f6sterendir \u00c7era\u011f ve bu yolda y\u00fcr\u00fcyenlere yap\u0131lan zul\u00fcmleri if\u015fa eden, g\u00f6sterendir. G\u00f6rmeyene g\u00f6z, i\u015fitmeyene ses, unutmu\u015f olana bir hat\u0131rlatmad\u0131r\u2026<\/span><\/p>\n<p><span style=\"font-weight: 400;\">Su diye inleyenlerin suyu, dara\u011fac\u0131nda as\u0131lanlar\u0131n bedeni, ate\u015flerde yak\u0131lanlar\u0131n k\u00fcl\u00fcd\u00fcr \u00c7era\u011f. Bizler de onun anlat\u0131c\u0131lar\u0131, delilin delili olaca\u011f\u0131z\u2026<\/span><\/p>\n<p><span style=\"font-weight: 400;\">\u00c7\u00fcnk\u00fc \u201cHer \u015feyi bilen odur, her \u015feyi bilen odur. H\u00fc ger\u00e7e\u011fin demine, h\u00fc demin devran\u0131na!\u201d<\/span><\/p>\n<p>&#8211;<\/p>\n<p><span style=\"font-weight: 400;\">\u00c7era\u011f is an ancient voice; It is the voice of victimization, being ignored and murdered for thousands of years. And the \u00e7era\u011f is an ancient light; The sentence is a light that illuminates the darkness we have fallen into, the evidence of our troubles.<\/span><\/p>\n<p><span style=\"font-weight: 400;\">\u00c7era\u011f is the one who guides those who say &#8220;the world&#8217;s will is heaven on earth,&#8221; and it is the one who reveals and shows the cruelty done to those who walk on this path.<\/span><\/p>\n<p><span style=\"font-weight: 400;\">\u00c7era\u011f is the water of those who groan for water, the bodies of those hanged on the gallows, and the ashes of those burned in fires. We, too, will be its narrators, the evidence of the evidence.<\/span><\/p>\n<p><span style=\"font-weight: 400;\">Because \u201cHe is all-knowing, he is all-knowing. Hu to the time of truth, hu to the moment of time!\u201d<\/span><\/p>\n<\/div><\/section><br \/>\n\n<style type=\"text\/css\" data-created_by=\"avia_inline_auto\" id=\"style-css-av-l33g2dyh-13da6b2b01944a5d736e245870e8ee2e\">\n#top .hr.hr-invisible.av-l33g2dyh-13da6b2b01944a5d736e245870e8ee2e{\nheight:20px;\n}\n<\/style>\n<div  class='hr av-l33g2dyh-13da6b2b01944a5d736e245870e8ee2e hr-invisible  avia-builder-el-7  el_after_av_textblock  el_before_av_textblock'><span class='hr-inner'><span class=\"hr-inner-style\"><\/span><\/span><\/div><br \/>\n<section class=\"av_textblock_section\"  itemscope=\"itemscope\" itemtype=\"https:\/\/schema.org\/CreativeWork\" ><div class='avia_textblock  av_inherit_color'  style='color:#1d1d1b; '  itemprop=\"text\" ><p><b>Yazan ve Y\u00f6neten \/ Written and Directed by:<\/b><span style=\"font-weight: 400;\"> B\u00fclent Y\u0131ld\u0131z\u00a0<\/span><\/p>\n<p><b>Oyuncu \/ Cast:<\/b><span style=\"font-weight: 400;\"> Yi\u011fit Kocab\u0131y\u0131k\u00a0<\/span><\/p>\n<p><b>Vokal \/ Vocal:<\/b><span style=\"font-weight: 400;\"> \u00d6zlem Olcay\u00a0<\/span><\/p>\n<p><b>Defjenler \/\u00a0 Defjens: <\/b><span style=\"font-weight: 400;\">Halil \u0130brahim \u015ean, Mehmet Nihat \u015ean<\/span><b>\u00a0<\/b><\/p>\n<p><b>Koreografi \/ Choreography:<\/b><span style=\"font-weight: 400;\"> Arzu Karaman\u00a0<\/span><\/p>\n<p><b>Asistan \/ Assistant: <\/b><span style=\"font-weight: 400;\">G\u00fcl\u015fah Kocab\u0131y\u0131k<\/span><\/p>\n<p><b>Oyun S\u00fcresi \/ Performance Duration:<\/b><span style=\"font-weight: 400;\"> 60\u2019<\/span><\/p>\n<p><b>Ya\u015f \/ Age: <\/b><span style=\"font-weight: 400;\">+13<\/span><\/p>\n<\/div><\/section><\/p><\/div><\/p>","protected":false},"excerpt":{"rendered":"","protected":false},"author":1,"featured_media":0,"parent":0,"menu_order":0,"comment_status":"closed","ping_status":"closed","template":"","meta":{"footnotes":""},"class_list":["post-2709","page","type-page","status-publish","hentry"],"_links":{"self":[{"href":"https:\/\/bergamatiyatrofestivali.com\/en\/wp-json\/wp\/v2\/pages\/2709","targetHints":{"allow":["GET"]}}],"collection":[{"href":"https:\/\/bergamatiyatrofestivali.com\/en\/wp-json\/wp\/v2\/pages"}],"about":[{"href":"https:\/\/bergamatiyatrofestivali.com\/en\/wp-json\/wp\/v2\/types\/page"}],"author":[{"embeddable":true,"href":"https:\/\/bergamatiyatrofestivali.com\/en\/wp-json\/wp\/v2\/users\/1"}],"replies":[{"embeddable":true,"href":"https:\/\/bergamatiyatrofestivali.com\/en\/wp-json\/wp\/v2\/comments?post=2709"}],"version-history":[{"count":4,"href":"https:\/\/bergamatiyatrofestivali.com\/en\/wp-json\/wp\/v2\/pages\/2709\/revisions"}],"predecessor-version":[{"id":3280,"href":"https:\/\/bergamatiyatrofestivali.com\/en\/wp-json\/wp\/v2\/pages\/2709\/revisions\/3280"}],"wp:attachment":[{"href":"https:\/\/bergamatiyatrofestivali.com\/en\/wp-json\/wp\/v2\/media?parent=2709"}],"curies":[{"name":"wp","href":"https:\/\/api.w.org\/{rel}","templated":true}]}}