{"id":2703,"date":"2022-05-12T23:03:09","date_gmt":"2022-05-12T20:03:09","guid":{"rendered":"https:\/\/bergamatiyatrofestivali.com\/?page_id=2703"},"modified":"2022-05-30T18:37:14","modified_gmt":"2022-05-30T15:37:14","slug":"karagozun-balon-sefasi","status":"publish","type":"page","link":"https:\/\/bergamatiyatrofestivali.com\/en\/karagozun-balon-sefasi\/","title":{"rendered":"Karag\u00f6z\u2019\u00fcn Balon Sefas\u0131"},"content":{"rendered":"<div class='flex_column av-8q5ffj-367c82f7c3811dd8f12839b883788296 av_one_half  avia-builder-el-0  el_before_av_one_half  avia-builder-el-first  first flex_column_div'   ><p>\n<style type=\"text\/css\" data-created_by=\"avia_inline_auto\" id=\"style-css-av-6yrmdb-cd8bf200bfae15caa14930518d1b424a\">\n.avia-image-container.av-6yrmdb-cd8bf200bfae15caa14930518d1b424a .av-image-caption-overlay-center{\ncolor:#ffffff;\n}\n<\/style>\n<div  class='avia-image-container av-6yrmdb-cd8bf200bfae15caa14930518d1b424a av-styling- avia-align-left  avia-builder-el-1  el_before_av_hr  avia-builder-el-first'  itemprop=\"image\" itemscope=\"itemscope\" itemtype=\"https:\/\/schema.org\/ImageObject\" ><div class=\"avia-image-container-inner\"><div class=\"avia-image-overlay-wrap\"><img decoding=\"async\" class='wp-image-3242 avia-img-lazy-loading-not-3242 avia_image' src=\"https:\/\/bergamatiyatrofestivali.com\/wp-content\/uploads\/2022\/05\/Post-20-20.jpg\" alt='' title='Post-20-20'  height=\"1080\" width=\"1080\"  itemprop=\"thumbnailUrl\" srcset=\"https:\/\/bergamatiyatrofestivali.com\/wp-content\/uploads\/2022\/05\/Post-20-20.jpg 1080w, https:\/\/bergamatiyatrofestivali.com\/wp-content\/uploads\/2022\/05\/Post-20-20-300x300.jpg 300w, https:\/\/bergamatiyatrofestivali.com\/wp-content\/uploads\/2022\/05\/Post-20-20-1030x1030.jpg 1030w, https:\/\/bergamatiyatrofestivali.com\/wp-content\/uploads\/2022\/05\/Post-20-20-80x80.jpg 80w, https:\/\/bergamatiyatrofestivali.com\/wp-content\/uploads\/2022\/05\/Post-20-20-768x768.jpg 768w, https:\/\/bergamatiyatrofestivali.com\/wp-content\/uploads\/2022\/05\/Post-20-20-12x12.jpg 12w, https:\/\/bergamatiyatrofestivali.com\/wp-content\/uploads\/2022\/05\/Post-20-20-36x36.jpg 36w, https:\/\/bergamatiyatrofestivali.com\/wp-content\/uploads\/2022\/05\/Post-20-20-180x180.jpg 180w, https:\/\/bergamatiyatrofestivali.com\/wp-content\/uploads\/2022\/05\/Post-20-20-705x705.jpg 705w\" sizes=\"(max-width: 1080px) 100vw, 1080px\" \/><\/div><\/div><\/div><br \/>\n\n<style type=\"text\/css\" data-created_by=\"avia_inline_auto\" id=\"style-css-av-l3svmo19-b7d0a2e7cbba2b9a1b2a270c366fda06\">\n#top .hr.hr-invisible.av-l3svmo19-b7d0a2e7cbba2b9a1b2a270c366fda06{\nheight:20px;\n}\n<\/style>\n<div  class='hr av-l3svmo19-b7d0a2e7cbba2b9a1b2a270c366fda06 hr-invisible  avia-builder-el-2  el_after_av_image  el_before_av_textblock'><span class='hr-inner'><span class=\"hr-inner-style\"><\/span><\/span><\/div><br \/>\n<section class=\"av_textblock_section\"  itemscope=\"itemscope\" itemtype=\"https:\/\/schema.org\/CreativeWork\" ><div class='avia_textblock  av_inherit_color'  style='color:#1d1d1b; '  itemprop=\"text\" ><h2><strong>Karag\u00f6z\u2019\u00fcn Balon Sefas\u0131<\/strong><\/h2>\n<h3><em><strong>Karag\u00f6z\u2019s Balloon Ride<\/strong><\/em><\/h3>\n<h3><span style=\"font-weight: 400;\">G\u00f6lge G\u00f6steri Sanatlar\u0131 Karag\u00f6z ve Kukla Evi\u00a0<\/span><\/h3>\n<h4><span style=\"font-weight: 400;\">2 Haziran-June Per\u015fembe-Thursday, 17:30<\/span><\/h4>\n<h4><span style=\"font-weight: 400;\">4 Haziran-June Cumartesi-Saturday, 11:00<\/span><\/h4>\n<h5><span style=\"font-weight: 400;\">K\u0131z\u0131lavlu \/ Red Hall Basilica<\/span><\/h5>\n<\/div><\/section><br \/>\n\n<style type=\"text\/css\" data-created_by=\"avia_inline_auto\" id=\"style-css-av-55f30f-d10cea6d754bcb64a4e18358746f2956\">\n#top .hr.hr-invisible.av-55f30f-d10cea6d754bcb64a4e18358746f2956{\nheight:20px;\n}\n<\/style>\n<div  class='hr av-55f30f-d10cea6d754bcb64a4e18358746f2956 hr-invisible  avia-builder-el-4  el_after_av_textblock  el_before_av_buttonrow'><span class='hr-inner'><span class=\"hr-inner-style\"><\/span><\/span><\/div><br \/>\n<div  class='avia-buttonrow-wrap av-l33fu1ho-c829f46cbaf7cc60d180b69bbca4ff33 avia-buttonrow-left  avia-builder-el-5  el_after_av_hr  avia-builder-el-last'>\n\n<style type=\"text\/css\" data-created_by=\"avia_inline_auto\" id=\"style-css-av-l33ft9va-f55e161cb273b31566557b815339f9ea\">\n#top #wrap_all .avia-button.av-l33ft9va-f55e161cb273b31566557b815339f9ea{\nmargin-bottom:5px;\nmargin-right:5px;\n}\n#top #wrap_all .avia-button.av-l33ft9va-f55e161cb273b31566557b815339f9ea:hover{\nbackground-color:black;\ncolor:#ffffff;\ntransition:all 0.4s ease-in-out;\n-webkit-transition:all 0.4s ease-in-out;\n-moz-transition:all 0.4s ease-in-out;\n-ms-transition:all 0.4s ease-in-out;\n-o-transition:all 0.4s ease-in-out;\n}\n<\/style>\n<a href='https:\/\/www.mobilet.com\/event\/karagozun-balon-sefasi-golge-gosteri-sanatlari-karagoz-ve-kukla-evi-11821-ed19' class='avia-button av-l33ft9va-f55e161cb273b31566557b815339f9ea avia-icon_select-yes-left-icon avia-size-medium avia-color-black avia-font-color-white' target=\"_blank\" rel=\"noopener noreferrer\"><span class='avia_button_icon avia_button_icon_left' aria-hidden='true' data-av_icon='\ue881' data-av_iconfont='entypo-fontello'><\/span><span class='avia_iconbox_title' >2 Haziran Mobilet<\/span><\/a>\n\n<style type=\"text\/css\" data-created_by=\"avia_inline_auto\" id=\"style-css-av-l33ft9va-bd81468ce0904be5ad767e0f1bf88755\">\n#top #wrap_all .avia-button.av-l33ft9va-bd81468ce0904be5ad767e0f1bf88755{\nmargin-bottom:5px;\nmargin-right:5px;\n}\n#top #wrap_all .avia-button.av-l33ft9va-bd81468ce0904be5ad767e0f1bf88755:hover{\nbackground-color:black;\ncolor:#ffffff;\ntransition:all 0.4s ease-in-out;\n-webkit-transition:all 0.4s ease-in-out;\n-moz-transition:all 0.4s ease-in-out;\n-ms-transition:all 0.4s ease-in-out;\n-o-transition:all 0.4s ease-in-out;\n}\n<\/style>\n<a href='https:\/\/www.mobilet.com\/event\/karagozun-balon-sefasi-golge-gosteri-sanatlari-karagoz-ve-kukla-evi-11822-8192' class='avia-button av-l33ft9va-bd81468ce0904be5ad767e0f1bf88755 avia-icon_select-yes-left-icon avia-size-medium avia-color-black avia-font-color-white' target=\"_blank\" rel=\"noopener noreferrer\"><span class='avia_button_icon avia_button_icon_left' aria-hidden='true' data-av_icon='\ue881' data-av_iconfont='entypo-fontello'><\/span><span class='avia_iconbox_title' >4 Haziran Mobilet<\/span><\/a>\n<\/div><\/p><\/div><div class='flex_column av-3l69hr-e0865437a1b94b029723ce72e95a2435 av_one_half  avia-builder-el-6  el_after_av_one_half  avia-builder-el-last  flex_column_div'   ><p><section class=\"av_textblock_section\"  itemscope=\"itemscope\" itemtype=\"https:\/\/schema.org\/CreativeWork\" ><div class='avia_textblock  av_inherit_color'  style='color:#1d1d1b; '  itemprop=\"text\" ><p><span style=\"font-weight: 400;\">\u015eehirde balon festivali d\u00fczenlenecektir. Bunu f\u0131rsat bilen Hacivat bir balon yaparak mahalleli ve turistleri gezdirerek para kazanmak ister. Ancak\u00a0 Karag\u00f6z\u2019\u00fcn pilotlu\u011fu y\u00fcz\u00fcnden balona binen m\u00fc\u015fterilerin ba\u015flar\u0131na t\u00fcrl\u00fc olaylar gelir.<\/span><\/p>\n<p><span style=\"font-weight: 400;\">&#8211;<\/span><\/p>\n<p><span style=\"font-weight: 400;\">A balloon festival will be held in the city. Hacivat, who sees this as an opportunity, wants to make money by traveling with the balloon and by taking tourists and neighbours for a balloon ride.<\/span><\/p>\n<p><span style=\"font-weight: 400;\">However, due to Karag\u00f6z&#8217;s piloting, various events happen to the customers who board the balloon.<\/span><\/p>\n<\/div><\/section><br \/>\n\n<style type=\"text\/css\" data-created_by=\"avia_inline_auto\" id=\"style-css-av-2pm2pr-256df1ed7c0f499ed3b1fb4d63e0a477\">\n#top .hr.hr-invisible.av-2pm2pr-256df1ed7c0f499ed3b1fb4d63e0a477{\nheight:20px;\n}\n<\/style>\n<div  class='hr av-2pm2pr-256df1ed7c0f499ed3b1fb4d63e0a477 hr-invisible  avia-builder-el-8  el_after_av_textblock  el_before_av_textblock'><span class='hr-inner'><span class=\"hr-inner-style\"><\/span><\/span><\/div><br \/>\n<section class=\"av_textblock_section\"  itemscope=\"itemscope\" itemtype=\"https:\/\/schema.org\/CreativeWork\" ><div class='avia_textblock  av_inherit_color'  style='color:#1d1d1b; '  itemprop=\"text\" ><p><b>Yazan &amp; Y\u00f6neten\u00a0 \/ Written &amp; Directed by: <\/b><span style=\"font-weight: 400;\">Deniz \u00d6zg\u00f6kbel<\/span><b>\u00a0<\/b><\/p>\n<p><b>Tasvir Tasar\u0131m \/ Figurine Design : <\/b><span style=\"font-weight: 400;\">Deniz \u00d6zg\u00f6kbel<\/span><b>\u00a0<\/b><\/p>\n<p><b>Oyuncular \/ Cast:<\/b><span style=\"font-weight: 400;\"> Deniz \u00d6zg\u00f6kbel<\/span><b>, <\/b><span style=\"font-weight: 400;\">S\u00fcreya Day\u0131, Elif Dilek, \u015eahnaz \u00d6zg\u00f6kbel\u00a0<\/span><\/p>\n<p><b>Oyun S\u00fcresi \/ Performance Duration:<\/b><span style=\"font-weight: 400;\"> 45\u2019<\/span><\/p>\n<p><b>Ya\u015f \/ Age: <\/b><span style=\"font-weight: 400;\">+4<\/span><\/p>\n<\/div><\/section><\/p><\/div><\/p>","protected":false},"excerpt":{"rendered":"","protected":false},"author":1,"featured_media":0,"parent":0,"menu_order":0,"comment_status":"closed","ping_status":"closed","template":"","meta":{"footnotes":""},"class_list":["post-2703","page","type-page","status-publish","hentry"],"_links":{"self":[{"href":"https:\/\/bergamatiyatrofestivali.com\/en\/wp-json\/wp\/v2\/pages\/2703","targetHints":{"allow":["GET"]}}],"collection":[{"href":"https:\/\/bergamatiyatrofestivali.com\/en\/wp-json\/wp\/v2\/pages"}],"about":[{"href":"https:\/\/bergamatiyatrofestivali.com\/en\/wp-json\/wp\/v2\/types\/page"}],"author":[{"embeddable":true,"href":"https:\/\/bergamatiyatrofestivali.com\/en\/wp-json\/wp\/v2\/users\/1"}],"replies":[{"embeddable":true,"href":"https:\/\/bergamatiyatrofestivali.com\/en\/wp-json\/wp\/v2\/comments?post=2703"}],"version-history":[{"count":5,"href":"https:\/\/bergamatiyatrofestivali.com\/en\/wp-json\/wp\/v2\/pages\/2703\/revisions"}],"predecessor-version":[{"id":3272,"href":"https:\/\/bergamatiyatrofestivali.com\/en\/wp-json\/wp\/v2\/pages\/2703\/revisions\/3272"}],"wp:attachment":[{"href":"https:\/\/bergamatiyatrofestivali.com\/en\/wp-json\/wp\/v2\/media?parent=2703"}],"curies":[{"name":"wp","href":"https:\/\/api.w.org\/{rel}","templated":true}]}}