{"id":2701,"date":"2022-05-12T22:58:32","date_gmt":"2022-05-12T19:58:32","guid":{"rendered":"https:\/\/bergamatiyatrofestivali.com\/?page_id=2701"},"modified":"2022-05-30T18:38:47","modified_gmt":"2022-05-30T15:38:47","slug":"macbeth-mutfakta","status":"publish","type":"page","link":"https:\/\/bergamatiyatrofestivali.com\/en\/macbeth-mutfakta\/","title":{"rendered":"Macbeth In The Kitchen"},"content":{"rendered":"<div class='flex_column av-av6hod-6a54589c793a950ef2c9d255e627bb08 av_one_half  avia-builder-el-0  el_before_av_one_half  avia-builder-el-first  first flex_column_div'   ><p>\n<style type=\"text\/css\" data-created_by=\"avia_inline_auto\" id=\"style-css-av-9sp8ul-d9ec78ac13e1a221a91550bd8de4feaf\">\n.avia-image-container.av-9sp8ul-d9ec78ac13e1a221a91550bd8de4feaf .av-image-caption-overlay-center{\ncolor:#ffffff;\n}\n<\/style>\n<div  class='avia-image-container av-9sp8ul-d9ec78ac13e1a221a91550bd8de4feaf av-styling- avia-align-center  avia-builder-el-1  el_before_av_textblock  avia-builder-el-first'  itemprop=\"image\" itemscope=\"itemscope\" itemtype=\"https:\/\/schema.org\/ImageObject\" ><div class=\"avia-image-container-inner\"><div class=\"avia-image-overlay-wrap\"><img decoding=\"async\" class='wp-image-3263 avia-img-lazy-loading-not-3263 avia_image' src=\"https:\/\/bergamatiyatrofestivali.com\/wp-content\/uploads\/2022\/05\/Macbeth-Mutfakta-post.png\" alt='' title='Macbeth Mutfakta-post'  height=\"1080\" width=\"1080\"  itemprop=\"thumbnailUrl\" srcset=\"https:\/\/bergamatiyatrofestivali.com\/wp-content\/uploads\/2022\/05\/Macbeth-Mutfakta-post.png 1080w, https:\/\/bergamatiyatrofestivali.com\/wp-content\/uploads\/2022\/05\/Macbeth-Mutfakta-post-300x300.png 300w, https:\/\/bergamatiyatrofestivali.com\/wp-content\/uploads\/2022\/05\/Macbeth-Mutfakta-post-1030x1030.png 1030w, https:\/\/bergamatiyatrofestivali.com\/wp-content\/uploads\/2022\/05\/Macbeth-Mutfakta-post-80x80.png 80w, https:\/\/bergamatiyatrofestivali.com\/wp-content\/uploads\/2022\/05\/Macbeth-Mutfakta-post-768x768.png 768w, https:\/\/bergamatiyatrofestivali.com\/wp-content\/uploads\/2022\/05\/Macbeth-Mutfakta-post-12x12.png 12w, https:\/\/bergamatiyatrofestivali.com\/wp-content\/uploads\/2022\/05\/Macbeth-Mutfakta-post-36x36.png 36w, https:\/\/bergamatiyatrofestivali.com\/wp-content\/uploads\/2022\/05\/Macbeth-Mutfakta-post-180x180.png 180w, https:\/\/bergamatiyatrofestivali.com\/wp-content\/uploads\/2022\/05\/Macbeth-Mutfakta-post-705x705.png 705w\" sizes=\"(max-width: 1080px) 100vw, 1080px\" \/><\/div><\/div><\/div><br \/>\n<section class=\"av_textblock_section\"  itemscope=\"itemscope\" itemtype=\"https:\/\/schema.org\/CreativeWork\" ><div class='avia_textblock  av_inherit_color'  style='color:#1d1d1b; '  itemprop=\"text\" ><h2><strong>Macbeth In The Kitchen<\/strong><\/h2>\n<h3><em><strong>Macbeth In The Kitchen<\/strong><\/em><\/h3>\n<h3><span style=\"font-weight: 400;\">Kadro Pa<\/span><\/h3>\n<h4><span style=\"font-weight: 400;\">2 Haziran \/ June &#8211; Per\u015fembe \/ Thursday, 16:00<\/span><\/h4>\n<h4><span style=\"font-weight: 400;\">3 Haziran \/ June &#8211; Cuma \/ Friday, 17:30<\/span><\/h4>\n<h5><span style=\"font-weight: 400;\">Arasta \/ <\/span><span style=\"font-weight: 400;\">Ottoman Bazaar<\/span><span style=\"font-weight: 400;\">\u00a0<\/span><\/h5>\n<p><span style=\"font-weight: 400;\">Etkinlik \u00fccretsizdir. This event is free.<\/span><\/p>\n<\/div><\/section><\/p><\/div><div class='flex_column av-2gd3h-1c45228fad001b32be732041578e4a5a av_one_half  avia-builder-el-3  el_after_av_one_half  el_before_av_one_full  flex_column_div'   ><p><section class=\"av_textblock_section\"  itemscope=\"itemscope\" itemtype=\"https:\/\/schema.org\/CreativeWork\" ><div class='avia_textblock  av_inherit_color'  style='color:#1d1d1b; '  itemprop=\"text\" ><p><span style=\"font-weight: 400;\">Macbeth Mutfakta, Shakespeare\u2019in \u2018Macbeth\u2019inden uyarlanm\u0131\u015f tek ki\u015filik bir obje tiyatrosu \u00f6rne\u011fi\u2026 Bu oyunda &#8220;Macbeth&#8221; hikayesinin mekan\u0131 mutfak. Shakespeare&#8217;in mutfa\u011f\u0131nda verilen bir menemen tarifi s\u0131ras\u0131nda ge\u00e7en oyunun karakterleri ise mutfak e\u015fyalar\u0131.<\/span><\/p>\n<p><span style=\"font-weight: 400;\">&#8211;<\/span><\/p>\n<p><span style=\"font-weight: 400;\">The setting of Macbeth in this play is a kitchen. The characters of the play are the appliances used in the cooking of a dish which requires no recipe. It is a tale told by an idiot, full of sound and fury, signifying nothing. Bon appetit!\u00a0<\/span><\/p>\n<\/div><\/section><br \/>\n\n<style type=\"text\/css\" data-created_by=\"avia_inline_auto\" id=\"style-css-av-l33fjrzy-fff63b45d28e23dcf7549d72a3358069\">\n#top .hr.hr-invisible.av-l33fjrzy-fff63b45d28e23dcf7549d72a3358069{\nheight:20px;\n}\n<\/style>\n<div  class='hr av-l33fjrzy-fff63b45d28e23dcf7549d72a3358069 hr-invisible  avia-builder-el-5  el_after_av_textblock  el_before_av_textblock'><span class='hr-inner'><span class=\"hr-inner-style\"><\/span><\/span><\/div><br \/>\n<section class=\"av_textblock_section\"  itemscope=\"itemscope\" itemtype=\"https:\/\/schema.org\/CreativeWork\" ><div class='avia_textblock  av_inherit_color'  style='color:#1d1d1b; '  itemprop=\"text\" ><p><b>Yazan \/ Written by: <\/b><span style=\"font-weight: 400;\">William Shakespeare<\/span><\/p>\n<p><b>Uyarlayan &amp; Oynayan \/ Adapted by &amp; Cast: <\/b><span style=\"font-weight: 400;\">Simge G\u00fcnsan<\/span><\/p>\n<p><b>Y\u00f6neten \/ Directed by:<\/b> <span style=\"font-weight: 400;\">Burak Tamdo\u011fan<\/span><\/p>\n<p><b>M\u00fczik \/ Music: <\/b><span style=\"font-weight: 400;\">Evren G\u00fclseven, Arg\u0131n Ayta\u00e7<\/span><\/p>\n<p><b>Teknik <\/b><span style=\"font-weight: 400;\">\/ <\/span><b>Technical: <\/b><span style=\"font-weight: 400;\">U\u011fur Cem Biricik\u00a0<\/span><\/p>\n<p><b>Foto\u011fraflar \/ Photos: <\/b><span style=\"font-weight: 400;\">Bar\u0131\u015f Keskin\u00a0<\/span><\/p>\n<p><b>Oyun S\u00fcresi \/ Performance Duration:<\/b><span style=\"font-weight: 400;\"> 55\u2019<\/span><\/p>\n<p><b>Ya\u015f \/ Age: <\/b><span style=\"font-weight: 400;\">+7<\/span><\/p>\n<\/div><\/section><\/p><\/div><\/p>\n<div class='flex_column av-55ad99-04084219fda031ba341e2ab3807f4b87 av_one_full  avia-builder-el-7  el_after_av_one_half  el_before_av_one_full  first flex_column_div column-top-margin'   ><\/div>\n<div class='flex_column av-3h30kd-cf9715fc6dfcc1cf15338c8f0c8c15da av_one_full  avia-builder-el-8  el_after_av_one_full  el_before_av_one_full  first flex_column_div column-top-margin'   ><\/div>\n<div class='flex_column av-302nt9-d03ae11e94259e2db869e08b0634fb70 av_one_full  avia-builder-el-9  el_after_av_one_full  avia-builder-el-last  first flex_column_div column-top-margin'   ><\/div>","protected":false},"excerpt":{"rendered":"","protected":false},"author":2,"featured_media":0,"parent":0,"menu_order":0,"comment_status":"closed","ping_status":"closed","template":"","meta":{"footnotes":""},"class_list":["post-2701","page","type-page","status-publish","hentry"],"_links":{"self":[{"href":"https:\/\/bergamatiyatrofestivali.com\/en\/wp-json\/wp\/v2\/pages\/2701","targetHints":{"allow":["GET"]}}],"collection":[{"href":"https:\/\/bergamatiyatrofestivali.com\/en\/wp-json\/wp\/v2\/pages"}],"about":[{"href":"https:\/\/bergamatiyatrofestivali.com\/en\/wp-json\/wp\/v2\/types\/page"}],"author":[{"embeddable":true,"href":"https:\/\/bergamatiyatrofestivali.com\/en\/wp-json\/wp\/v2\/users\/2"}],"replies":[{"embeddable":true,"href":"https:\/\/bergamatiyatrofestivali.com\/en\/wp-json\/wp\/v2\/comments?post=2701"}],"version-history":[{"count":4,"href":"https:\/\/bergamatiyatrofestivali.com\/en\/wp-json\/wp\/v2\/pages\/2701\/revisions"}],"predecessor-version":[{"id":3274,"href":"https:\/\/bergamatiyatrofestivali.com\/en\/wp-json\/wp\/v2\/pages\/2701\/revisions\/3274"}],"wp:attachment":[{"href":"https:\/\/bergamatiyatrofestivali.com\/en\/wp-json\/wp\/v2\/media?parent=2701"}],"curies":[{"name":"wp","href":"https:\/\/api.w.org\/{rel}","templated":true}]}}