{"id":2699,"date":"2022-05-12T22:53:46","date_gmt":"2022-05-12T19:53:46","guid":{"rendered":"https:\/\/bergamatiyatrofestivali.com\/?page_id=2699"},"modified":"2022-05-30T18:38:06","modified_gmt":"2022-05-30T15:38:06","slug":"soguktan-korkmayan-tek-kus","status":"publish","type":"page","link":"https:\/\/bergamatiyatrofestivali.com\/en\/soguktan-korkmayan-tek-kus\/","title":{"rendered":"So\u011fuktan Korkmayan Tek Ku\u015f"},"content":{"rendered":"<div class='flex_column av-19hkp7-0ac0ebd1af4a27aa949f144390a38225 av_one_half  avia-builder-el-0  el_before_av_one_half  avia-builder-el-first  first flex_column_div'   ><p>\n<style type=\"text\/css\" data-created_by=\"avia_inline_auto\" id=\"style-css-av-aqbt3f-75fcb9e7bff6d11047175430f7e65915\">\n.avia-image-container.av-aqbt3f-75fcb9e7bff6d11047175430f7e65915 .av-image-caption-overlay-center{\ncolor:#ffffff;\n}\n<\/style>\n<div  class='avia-image-container av-aqbt3f-75fcb9e7bff6d11047175430f7e65915 av-styling- avia-align-center  avia-builder-el-1  el_before_av_textblock  avia-builder-el-first'  itemprop=\"image\" itemscope=\"itemscope\" itemtype=\"https:\/\/schema.org\/ImageObject\" ><div class=\"avia-image-container-inner\"><div class=\"avia-image-overlay-wrap\"><img decoding=\"async\" class='wp-image-3262 avia-img-lazy-loading-not-3262 avia_image' src=\"https:\/\/bergamatiyatrofestivali.com\/wp-content\/uploads\/2022\/05\/Soguktan-Korkmayan-Tek-Kus-Post.png\" alt='' title='So\u011fuktan Korkmayan Tek Ku\u015f-Post'  height=\"1080\" width=\"1080\"  itemprop=\"thumbnailUrl\" srcset=\"https:\/\/bergamatiyatrofestivali.com\/wp-content\/uploads\/2022\/05\/Soguktan-Korkmayan-Tek-Kus-Post.png 1080w, https:\/\/bergamatiyatrofestivali.com\/wp-content\/uploads\/2022\/05\/Soguktan-Korkmayan-Tek-Kus-Post-300x300.png 300w, https:\/\/bergamatiyatrofestivali.com\/wp-content\/uploads\/2022\/05\/Soguktan-Korkmayan-Tek-Kus-Post-1030x1030.png 1030w, https:\/\/bergamatiyatrofestivali.com\/wp-content\/uploads\/2022\/05\/Soguktan-Korkmayan-Tek-Kus-Post-80x80.png 80w, https:\/\/bergamatiyatrofestivali.com\/wp-content\/uploads\/2022\/05\/Soguktan-Korkmayan-Tek-Kus-Post-768x768.png 768w, https:\/\/bergamatiyatrofestivali.com\/wp-content\/uploads\/2022\/05\/Soguktan-Korkmayan-Tek-Kus-Post-12x12.png 12w, https:\/\/bergamatiyatrofestivali.com\/wp-content\/uploads\/2022\/05\/Soguktan-Korkmayan-Tek-Kus-Post-36x36.png 36w, https:\/\/bergamatiyatrofestivali.com\/wp-content\/uploads\/2022\/05\/Soguktan-Korkmayan-Tek-Kus-Post-180x180.png 180w, https:\/\/bergamatiyatrofestivali.com\/wp-content\/uploads\/2022\/05\/Soguktan-Korkmayan-Tek-Kus-Post-705x705.png 705w\" sizes=\"(max-width: 1080px) 100vw, 1080px\" \/><\/div><\/div><\/div><br \/>\n<section class=\"av_textblock_section\"  itemscope=\"itemscope\" itemtype=\"https:\/\/schema.org\/CreativeWork\" ><div class='avia_textblock  av_inherit_color'  style='color:#1d1d1b; '  itemprop=\"text\" ><h2><strong>So\u011fuktan Korkmayan Tek Ku\u015f<\/strong><\/h2>\n<h3><strong><em>The Only Bird Not Afraid of the Cold<\/em><\/strong><\/h3>\n<h3><span style=\"font-weight: 400;\">Tiyatro G\u00fclge\u00e7\u00a0<\/span><\/h3>\n<h4><span style=\"font-weight: 400;\">2 Haziran &#8211; June \/ Per\u015fembe &#8211; Thursday, 15:30<\/span><\/h4>\n<h5><span style=\"font-weight: 400;\">BerKM &#8211; Bergama Cultural Center<\/span><\/h5>\n<p><span style=\"font-weight: 400;\">Etkinlik \u00fccretsizdir. This event is free.<\/span><\/p>\n<\/div><\/section><\/p><\/div><div class='flex_column av-z64sb-275e7e0cb06fb01669de79306499030d av_one_half  avia-builder-el-3  el_after_av_one_half  avia-builder-el-last  flex_column_div'   ><p><section class=\"av_textblock_section\"  itemscope=\"itemscope\" itemtype=\"https:\/\/schema.org\/CreativeWork\" ><div class='avia_textblock  av_inherit_color'  style='color:#1d1d1b; '  itemprop=\"text\" ><p><span style=\"font-weight: 400;\">Peki bir k\u0131\u015f neden hi\u00e7 bitmez?<\/span><\/p>\n<p><span style=\"font-weight: 400;\">Mevsimlerin ve insan do\u011fas\u0131n\u0131n de\u011fi\u015fip d\u00f6n\u00fc\u015febiliyor olmas\u0131n\u0131n g\u00fczelli\u011fini anlatan oyunumuz, bize b\u00fcy\u00fcmek ve olgunla\u015fmakla ilgili gizli i\u015faretler verir.<\/span><\/p>\n<p><span style=\"font-weight: 400;\">&#8211;<\/span><\/p>\n<p><span style=\"font-weight: 400;\">So why does winter never end? Our play, which describes the beauty of the seasons and the fact that human nature can change and transform, gives us secret signs about growing and maturing.<\/span><\/p>\n<\/div><\/section><br \/>\n\n<style type=\"text\/css\" data-created_by=\"avia_inline_auto\" id=\"style-css-av-7gseuj-ea982f8a9bc5117fd797810b2904afaf\">\n#top .hr.hr-invisible.av-7gseuj-ea982f8a9bc5117fd797810b2904afaf{\nheight:20px;\n}\n<\/style>\n<div  class='hr av-7gseuj-ea982f8a9bc5117fd797810b2904afaf hr-invisible  avia-builder-el-5  el_after_av_textblock  el_before_av_textblock'><span class='hr-inner'><span class=\"hr-inner-style\"><\/span><\/span><\/div><br \/>\n<section class=\"av_textblock_section\"  itemscope=\"itemscope\" itemtype=\"https:\/\/schema.org\/CreativeWork\" ><div class='avia_textblock  av_inherit_color'  style='color:#1d1d1b; '  itemprop=\"text\" ><p><b>Yazan \/ Written by: <\/b><span style=\"font-weight: 400;\">Zoran Drvenkar<\/span><\/p>\n<p><b>Y\u00f6neten \/ Directed by:<\/b> <span style=\"font-weight: 400;\">Emre Saka<\/span><\/p>\n<p><b>\u00c7eviri \/ Translation:<\/b><span style=\"font-weight: 400;\"> Mine Kazmao\u011flu <\/span><span style=\"font-weight: 400;\">\u00a0<\/span><\/p>\n<p><b>Uyarlayan \/ Adapted by: <\/b><span style=\"font-weight: 400;\">Bihter G\u00fclge\u00e7 Saka<\/span><\/p>\n<p><b>Kukla, Maske, Dekor Tasar\u0131m ve Uygulama \/ Puppet, Mask, Decor Design and Implementation<\/b><span style=\"font-weight: 400;\">: Bahar Or\u00e7un &amp; Mete Kayarlar<\/span><\/p>\n<p><b>Oyuncular \/ Cast:<\/b> <span style=\"font-weight: 400;\">Bihter G\u00fclge\u00e7 Saka, Emre Saka\u00a0<\/span><\/p>\n<p><b>Teknik \/ Technical: <\/b><span style=\"font-weight: 400;\">Mert Kulbak<\/span><\/p>\n<p><b>Oyun S\u00fcresi \/ Performance Duration:<\/b><span style=\"font-weight: 400;\"> 35\u2019<\/span><\/p>\n<p><b>Ya\u015f \/ Age: <\/b><span style=\"font-weight: 400;\">+5<\/span><\/p>\n<\/div><\/section><\/p><\/div><\/p>","protected":false},"excerpt":{"rendered":"","protected":false},"author":1,"featured_media":0,"parent":0,"menu_order":0,"comment_status":"closed","ping_status":"closed","template":"","meta":{"footnotes":""},"class_list":["post-2699","page","type-page","status-publish","hentry"],"_links":{"self":[{"href":"https:\/\/bergamatiyatrofestivali.com\/en\/wp-json\/wp\/v2\/pages\/2699","targetHints":{"allow":["GET"]}}],"collection":[{"href":"https:\/\/bergamatiyatrofestivali.com\/en\/wp-json\/wp\/v2\/pages"}],"about":[{"href":"https:\/\/bergamatiyatrofestivali.com\/en\/wp-json\/wp\/v2\/types\/page"}],"author":[{"embeddable":true,"href":"https:\/\/bergamatiyatrofestivali.com\/en\/wp-json\/wp\/v2\/users\/1"}],"replies":[{"embeddable":true,"href":"https:\/\/bergamatiyatrofestivali.com\/en\/wp-json\/wp\/v2\/comments?post=2699"}],"version-history":[{"count":6,"href":"https:\/\/bergamatiyatrofestivali.com\/en\/wp-json\/wp\/v2\/pages\/2699\/revisions"}],"predecessor-version":[{"id":3273,"href":"https:\/\/bergamatiyatrofestivali.com\/en\/wp-json\/wp\/v2\/pages\/2699\/revisions\/3273"}],"wp:attachment":[{"href":"https:\/\/bergamatiyatrofestivali.com\/en\/wp-json\/wp\/v2\/media?parent=2699"}],"curies":[{"name":"wp","href":"https:\/\/api.w.org\/{rel}","templated":true}]}}