{"id":2697,"date":"2022-05-12T22:34:23","date_gmt":"2022-05-12T19:34:23","guid":{"rendered":"https:\/\/bergamatiyatrofestivali.com\/?page_id=2697"},"modified":"2022-05-30T18:55:18","modified_gmt":"2022-05-30T15:55:18","slug":"pandomim","status":"publish","type":"page","link":"https:\/\/bergamatiyatrofestivali.com\/en\/pandomim\/","title":{"rendered":"Pandomime"},"content":{"rendered":"<div class='flex_column av-ak3m3t-8fb0d91529111da1c4b416860d6360dc av_one_half  avia-builder-el-0  el_before_av_one_half  avia-builder-el-first  first flex_column_div'   ><p>\n<style type=\"text\/css\" data-created_by=\"avia_inline_auto\" id=\"style-css-av-93hyt5-cc9bc59344b61077839c9207e1bd3610\">\n.avia-image-container.av-93hyt5-cc9bc59344b61077839c9207e1bd3610 .av-image-caption-overlay-center{\ncolor:#ffffff;\n}\n<\/style>\n<div  class='avia-image-container av-93hyt5-cc9bc59344b61077839c9207e1bd3610 av-styling- avia-align-center  avia-builder-el-1  el_before_av_textblock  avia-builder-el-first'  itemprop=\"image\" itemscope=\"itemscope\" itemtype=\"https:\/\/schema.org\/ImageObject\" ><div class=\"avia-image-container-inner\"><div class=\"avia-image-overlay-wrap\"><img decoding=\"async\" class='wp-image-3308 avia-img-lazy-loading-not-3308 avia_image' src=\"https:\/\/bergamatiyatrofestivali.com\/wp-content\/uploads\/2022\/05\/Pandomim.png\" alt='' title='Pandomime'  height=\"1080\" width=\"1080\"  itemprop=\"thumbnailUrl\" srcset=\"https:\/\/bergamatiyatrofestivali.com\/wp-content\/uploads\/2022\/05\/Pandomim.png 1080w, https:\/\/bergamatiyatrofestivali.com\/wp-content\/uploads\/2022\/05\/Pandomim-300x300.png 300w, https:\/\/bergamatiyatrofestivali.com\/wp-content\/uploads\/2022\/05\/Pandomim-1030x1030.png 1030w, https:\/\/bergamatiyatrofestivali.com\/wp-content\/uploads\/2022\/05\/Pandomim-80x80.png 80w, https:\/\/bergamatiyatrofestivali.com\/wp-content\/uploads\/2022\/05\/Pandomim-768x768.png 768w, https:\/\/bergamatiyatrofestivali.com\/wp-content\/uploads\/2022\/05\/Pandomim-12x12.png 12w, https:\/\/bergamatiyatrofestivali.com\/wp-content\/uploads\/2022\/05\/Pandomim-36x36.png 36w, https:\/\/bergamatiyatrofestivali.com\/wp-content\/uploads\/2022\/05\/Pandomim-180x180.png 180w, https:\/\/bergamatiyatrofestivali.com\/wp-content\/uploads\/2022\/05\/Pandomim-705x705.png 705w\" sizes=\"(max-width: 1080px) 100vw, 1080px\" \/><\/div><\/div><\/div><br \/>\n<section class=\"av_textblock_section\"  itemscope=\"itemscope\" itemtype=\"https:\/\/schema.org\/CreativeWork\" ><div class='avia_textblock  av_inherit_color'  style='color:#1d1d1b; '  itemprop=\"text\" ><h2><strong>Pandomime<\/strong><\/h2>\n<h3><b><em>Pantomime<\/em><\/b><\/h3>\n<h3><span style=\"font-weight: 400;\">Gen\u00e7 \u0130zmir Tiyatro Toplulu\u011fu<\/span><b>\u00a0<\/b><\/h3>\n<h4><span style=\"font-weight: 400;\">02 &#8211; 05 Haziran &#8211; June \/ Per\u015fembe\u2019den Pazar\u2019a &#8211; from Thursday to Sunday<\/span><\/h4>\n<h5><span style=\"font-weight: 400;\">A\u00e7\u0131l\u0131\u015f <\/span><span style=\"font-weight: 400;\">Panay\u0131r\u0131, Bergama Sokaklar\u0131 &#8211; Opening Fair, Bergama Streets<\/span><\/h5>\n<p><span style=\"font-weight: 400;\">Etkinlik \u00fccretsizdir. This event is free.<\/span><\/p>\n<\/div><\/section><\/p><\/div><div class='flex_column av-7j47tl-77b211fe29902d082ecb96725a097a97 av_one_half  avia-builder-el-3  el_after_av_one_half  avia-builder-el-last  flex_column_div'   ><p><section class=\"av_textblock_section\"  itemscope=\"itemscope\" itemtype=\"https:\/\/schema.org\/CreativeWork\" ><div class='avia_textblock  av_inherit_color'  style='color:#1d1d1b; '  itemprop=\"text\" ><p><span style=\"font-weight: 400;\">\u0130zmir B\u00fcy\u00fck\u015fehir Belediyesi\u2019nin destekleriyle kurulan Gen\u00e7 \u0130zmir Tiyatro Toplulu\u011fu, Bergama Tiyatro Festivali boyunca Bergama sokaklar\u0131n\u0131 k\u00fc\u00e7\u00fck do\u011fa\u00e7lama ve mim oyunlar\u0131 ile \u015fenlendiriyor. Her an kar\u015f\u0131n\u0131za \u00e7\u0131kabilirler, haz\u0131rl\u0131kl\u0131 olun\u2026<\/span><\/p>\n<p>&#8211;<\/p>\n<p><span style=\"font-weight: 400;\">Founded with the support of the Izmir Metropolitan Municipality, the Young Izmir Theatre Group brings cheer to the streets of Bergama with improvisation and mime plays during the Bergama Theatre Festival. They may appear at any moment, be prepared\u2026<\/span><\/p>\n<\/div><\/section><br \/>\n\n<style type=\"text\/css\" data-created_by=\"avia_inline_auto\" id=\"style-css-av-l33esznl-8b47db690160bf94045ff76b7f75dd3c\">\n#top .hr.hr-invisible.av-l33esznl-8b47db690160bf94045ff76b7f75dd3c{\nheight:20px;\n}\n<\/style>\n<div  class='hr av-l33esznl-8b47db690160bf94045ff76b7f75dd3c hr-invisible  avia-builder-el-5  el_after_av_textblock  el_before_av_textblock'><span class='hr-inner'><span class=\"hr-inner-style\"><\/span><\/span><\/div><br \/>\n<section class=\"av_textblock_section\"  itemscope=\"itemscope\" itemtype=\"https:\/\/schema.org\/CreativeWork\" ><div class='avia_textblock  av_inherit_color'  style='color:#1d1d1b; '  itemprop=\"text\" ><p><b>Y\u00f6neten &amp; E\u011fitmen \/ Director &amp; Instructor:<\/b> <span style=\"font-weight: 400;\">Vedat Murat G\u00fczel<\/span><\/p>\n<p><b>Oyuncular \/ Casts:<\/b><span style=\"font-weight: 400;\"> \u0130lter Eyig\u00f6r, Hatice Nur K\u00fct\u00fck, Nazmiye Peyman, Sinem \u00d6zen, Tac\u0131nur Koyuncu, Da\u011fcan \u00c7elik, \u00d6zlem Turhan, Rabia Polat, G\u00fcls\u00fcm G\u00fcld\u00fcren, \u0130brahim Saat\u00e7i, Raziye Opruk\u00e7u, Kadir Y\u00fcksel, Metin Salk\u0131n, T\u00fcrkan \u00d6zaslan, Pelin G\u00f6n\u00fclta\u015f, Saner G\u00fcndo\u011fan, Mert Uyguner, Muazzez Gizem \u00c7elik, Ece Avc\u0131yaman, Ezgi Kurt\u00e7u, Muhammet Fatih Bal\u0131k\u00e7\u0131, Alev Kalman,<\/span><\/p>\n<p><b>Oyun S\u00fcresi \/ Performance Duration:<\/b> <span style=\"font-weight: 400;\">30\u2019\u00a0<\/span><\/p>\n<p><b>Ya\u015f \/ Age: <\/b><span style=\"font-weight: 400;\">+5<\/span><\/p>\n<\/div><\/section><\/p><\/div><\/p>","protected":false},"excerpt":{"rendered":"","protected":false},"author":1,"featured_media":0,"parent":0,"menu_order":0,"comment_status":"closed","ping_status":"closed","template":"","meta":{"footnotes":""},"class_list":["post-2697","page","type-page","status-publish","hentry"],"_links":{"self":[{"href":"https:\/\/bergamatiyatrofestivali.com\/en\/wp-json\/wp\/v2\/pages\/2697","targetHints":{"allow":["GET"]}}],"collection":[{"href":"https:\/\/bergamatiyatrofestivali.com\/en\/wp-json\/wp\/v2\/pages"}],"about":[{"href":"https:\/\/bergamatiyatrofestivali.com\/en\/wp-json\/wp\/v2\/types\/page"}],"author":[{"embeddable":true,"href":"https:\/\/bergamatiyatrofestivali.com\/en\/wp-json\/wp\/v2\/users\/1"}],"replies":[{"embeddable":true,"href":"https:\/\/bergamatiyatrofestivali.com\/en\/wp-json\/wp\/v2\/comments?post=2697"}],"version-history":[{"count":4,"href":"https:\/\/bergamatiyatrofestivali.com\/en\/wp-json\/wp\/v2\/pages\/2697\/revisions"}],"predecessor-version":[{"id":3311,"href":"https:\/\/bergamatiyatrofestivali.com\/en\/wp-json\/wp\/v2\/pages\/2697\/revisions\/3311"}],"wp:attachment":[{"href":"https:\/\/bergamatiyatrofestivali.com\/en\/wp-json\/wp\/v2\/media?parent=2697"}],"curies":[{"name":"wp","href":"https:\/\/api.w.org\/{rel}","templated":true}]}}