{"id":2444,"date":"2022-05-05T22:29:11","date_gmt":"2022-05-05T19:29:11","guid":{"rendered":"https:\/\/bergamatiyatrofestivali.com\/?page_id=2444"},"modified":"2022-06-01T13:03:38","modified_gmt":"2022-06-01T10:03:38","slug":"gonulluler-icin-acik-cagri","status":"publish","type":"page","link":"https:\/\/bergamatiyatrofestivali.com\/en\/gonulluler-icin-acik-cagri\/","title":{"rendered":"G\u00fcn\u00fcll\u00fcler i\u00e7in A\u00e7\u0131k \u00c7a\u011fr\u0131"},"content":{"rendered":"<div class='flex_column av-av_one_full-d846867a37b468541bc8830743d44203 av_one_full  avia-builder-el-0  el_before_av_one_full  avia-builder-el-first  first flex_column_div'   ><div   data-size='no scaling'  data-lightbox_size='large'  data-animation='slide'  data-conditional_play=''  data-ids='2445,2446'  data-video_counter='0'  data-autoplay='true'  data-bg_slider='false'  data-slide_height=''  data-handle='av_slideshow'  data-interval='4'  data-class=' avia-builder-el-1  avia-builder-el-no-sibling  '  data-el_id=''  data-css_id=''  data-scroll_down=''  data-control_layout='av-control-default'  data-custom_markup=''  data-perma_caption=''  data-autoplay_stopper=''  data-image_attachment=''  data-min_height='0px'  data-lazy_loading='disabled'  class='avia-slideshow avia-slideshow-1  av-control-default av-default-height-applied avia-slideshow-no scaling av_slideshow  avia-builder-el-1  avia-builder-el-no-sibling   avia-slide-slider'  itemprop=\"image\" itemscope=\"itemscope\" itemtype=\"https:\/\/schema.org\/ImageObject\" ><ul class='avia-slideshow-inner' style='padding-bottom: 56.21359223301%;' ><li  class='slide-1' ><div data-rel='slideshow-1' class='avia-slide-wrap'   ><img decoding=\"async\" class=\"wp-image-2445 avia-img-lazy-loading-not-2445\"  src=\"https:\/\/bergamatiyatrofestivali.com\/wp-content\/uploads\/2022\/05\/1-2.jpg\" width=\"1030\" height=\"579\" title='1' alt=''  itemprop=\"thumbnailUrl\" srcset=\"https:\/\/bergamatiyatrofestivali.com\/wp-content\/uploads\/2022\/05\/1-2.jpg 1030w, https:\/\/bergamatiyatrofestivali.com\/wp-content\/uploads\/2022\/05\/1-2-300x169.jpg 300w, https:\/\/bergamatiyatrofestivali.com\/wp-content\/uploads\/2022\/05\/1-2-768x432.jpg 768w, https:\/\/bergamatiyatrofestivali.com\/wp-content\/uploads\/2022\/05\/1-2-18x10.jpg 18w, https:\/\/bergamatiyatrofestivali.com\/wp-content\/uploads\/2022\/05\/1-2-705x396.jpg 705w\" sizes=\"(max-width: 1030px) 100vw, 1030px\" \/><\/div><\/li><li  class='slide-2' ><div data-rel='slideshow-1' class='avia-slide-wrap'   ><img decoding=\"async\" class=\"wp-image-2446 avia-img-lazy-loading-not-2446\"  src=\"https:\/\/bergamatiyatrofestivali.com\/wp-content\/uploads\/2022\/05\/2.jpg\" width=\"1030\" height=\"579\" title='2' alt=''  itemprop=\"thumbnailUrl\" srcset=\"https:\/\/bergamatiyatrofestivali.com\/wp-content\/uploads\/2022\/05\/2.jpg 1030w, https:\/\/bergamatiyatrofestivali.com\/wp-content\/uploads\/2022\/05\/2-300x169.jpg 300w, https:\/\/bergamatiyatrofestivali.com\/wp-content\/uploads\/2022\/05\/2-768x432.jpg 768w, https:\/\/bergamatiyatrofestivali.com\/wp-content\/uploads\/2022\/05\/2-18x10.jpg 18w, https:\/\/bergamatiyatrofestivali.com\/wp-content\/uploads\/2022\/05\/2-705x396.jpg 705w\" sizes=\"(max-width: 1030px) 100vw, 1030px\" \/><\/div><\/li><\/ul><div class='avia-slideshow-arrows avia-slideshow-controls' ><a href='#prev' class='prev-slide' aria-hidden='true' data-av_icon='\ue87c' data-av_iconfont='entypo-fontello' tabindex='-1'>Previous<\/a><a href='#next' class='next-slide' aria-hidden='true' data-av_icon='\ue87d' data-av_iconfont='entypo-fontello' tabindex='-1'>Next<\/a><\/div><div class='avia-slideshow-dots avia-slideshow-controls'><a href='#1' class='goto-slide active' >1<\/a><a href='#2' class='goto-slide' >2<\/a><\/div><\/div><\/div><div class='flex_column av-av_one_full-d846867a37b468541bc8830743d44203 av_one_full  avia-builder-el-2  el_after_av_one_full  avia-builder-el-last  first flex_column_div column-top-margin'   ><section class=\"av_textblock_section\"  itemscope=\"itemscope\" itemtype=\"https:\/\/schema.org\/CreativeWork\" ><div class='avia_textblock  av_inherit_color'   itemprop=\"text\" ><p><em>02.05.2022<\/em><\/p>\n<p>Bergama Tiyatro Festivali 2022 &#8211; G\u00f6n\u00fcll\u00fc Ba\u015fvurular\u0131 ba\u015flad\u0131\u2026<\/p>\n<p><span style=\"font-weight: 400;\">Siz de g\u00f6n\u00fcll\u00fc olarak festivalin par\u00e7as\u0131 olabilir, katk\u0131 sa\u011flayabilirsiniz. Belki ilk defa, belki uzun s\u00fcrelerdir g\u00f6n\u00fcll\u00fc s\u00fcre\u00e7lerinde yer al\u0131yorsunuz, bunlar\u0131n hepsi bizim i\u00e7in uygun. E\u011fer tutkuluysan\u0131z, hayat\u0131n\u0131z\u0131n birka\u00e7 g\u00fcn\u00fcn\u00fc hem kendinizi hem de festivali geli\u015ftirmek i\u00e7in sosyal fayda amac\u0131yla sizlerle payla\u015fabilirim diyorsan\u0131z profildeki linke t\u0131klayarak ba\u015fvurabilirsiniz\u2026<\/span><\/p>\n<p><span style=\"font-weight: 400;\">Bergama Tiyatro Festivali\u2019nde g\u00f6r\u00fc\u015fmek \u00fczere&#8230;<\/span><\/p>\n<p><span style=\"font-weight: 400;\">G\u00f6n\u00fcll\u00fc ba\u015fvurunuz G\u00fczel \u0130\u015fler Derne\u011fi &#8211; Bergama Tiyatro Festivali i\u015fbirli\u011fi ile koordine edilerek de\u011ferlendirilecek ve sizlerle formdaki takvime paralel ileti\u015fime ge\u00e7ilecektir.<\/span><\/p>\n<p><span style=\"font-weight: 400;\">Ba\u015fvuru formuna ba\u011flant\u0131s\u0131n\u0131 ekledi\u011fimiz linkten ula\u015fabilirsiniz.<\/span><\/p>\n<p><a href=\"https:\/\/linktr.ee\/bergamatheatrefestival\"><span style=\"font-weight: 400;\">https:\/\/linktr.ee\/bergamatheatrefestival<\/span><\/a><\/p>\n<p><span style=\"font-weight: 400;\">_\u00a0<\/span><\/p>\n<p><span style=\"font-weight: 400;\">#bergamatiyatrofestivali<\/span><\/p>\n<\/div><\/section><\/div><\/p>","protected":false},"excerpt":{"rendered":"","protected":false},"author":1,"featured_media":0,"parent":0,"menu_order":0,"comment_status":"closed","ping_status":"closed","template":"","meta":{"footnotes":""},"class_list":["post-2444","page","type-page","status-publish","hentry"],"_links":{"self":[{"href":"https:\/\/bergamatiyatrofestivali.com\/en\/wp-json\/wp\/v2\/pages\/2444","targetHints":{"allow":["GET"]}}],"collection":[{"href":"https:\/\/bergamatiyatrofestivali.com\/en\/wp-json\/wp\/v2\/pages"}],"about":[{"href":"https:\/\/bergamatiyatrofestivali.com\/en\/wp-json\/wp\/v2\/types\/page"}],"author":[{"embeddable":true,"href":"https:\/\/bergamatiyatrofestivali.com\/en\/wp-json\/wp\/v2\/users\/1"}],"replies":[{"embeddable":true,"href":"https:\/\/bergamatiyatrofestivali.com\/en\/wp-json\/wp\/v2\/comments?post=2444"}],"version-history":[{"count":3,"href":"https:\/\/bergamatiyatrofestivali.com\/en\/wp-json\/wp\/v2\/pages\/2444\/revisions"}],"predecessor-version":[{"id":3454,"href":"https:\/\/bergamatiyatrofestivali.com\/en\/wp-json\/wp\/v2\/pages\/2444\/revisions\/3454"}],"wp:attachment":[{"href":"https:\/\/bergamatiyatrofestivali.com\/en\/wp-json\/wp\/v2\/media?parent=2444"}],"curies":[{"name":"wp","href":"https:\/\/api.w.org\/{rel}","templated":true}]}}