{"id":2420,"date":"2022-05-04T23:29:26","date_gmt":"2022-05-04T20:29:26","guid":{"rendered":"https:\/\/bergamatiyatrofestivali.com\/?page_id=2420"},"modified":"2022-05-31T15:41:48","modified_gmt":"2022-05-31T12:41:48","slug":"askgecmisim","status":"publish","type":"page","link":"https:\/\/bergamatiyatrofestivali.com\/en\/askgecmisim\/","title":{"rendered":"My Romantic History"},"content":{"rendered":"<div class='flex_column av-3k56ec-747899cc23d3e78d64fdd1a564c0a076 av_one_half  avia-builder-el-0  el_before_av_one_half  avia-builder-el-first  first flex_column_div'   ><p>\n<style type=\"text\/css\" data-created_by=\"avia_inline_auto\" id=\"style-css-av-l31vilte-7a996d2ce5bfe4a5db92fbf81a0ecd43\">\n.avia-image-container.av-l31vilte-7a996d2ce5bfe4a5db92fbf81a0ecd43 .av-image-caption-overlay-center{\ncolor:#ffffff;\n}\n<\/style>\n<div  class='avia-image-container av-l31vilte-7a996d2ce5bfe4a5db92fbf81a0ecd43 av-styling- avia-align-center  avia-builder-el-1  el_before_av_textblock  avia-builder-el-first'  itemprop=\"image\" itemscope=\"itemscope\" itemtype=\"https:\/\/schema.org\/ImageObject\" ><div class=\"avia-image-container-inner\"><div class=\"avia-image-overlay-wrap\"><img decoding=\"async\" class='wp-image-3433 avia-img-lazy-loading-not-3433 avia_image' src=\"https:\/\/bergamatiyatrofestivali.com\/wp-content\/uploads\/2022\/05\/Ask-Gecmisim_post.jpg\" alt='' title='A\u015fk Ge\u00e7mi\u015fim_post'  height=\"2250\" width=\"2250\"  itemprop=\"thumbnailUrl\" srcset=\"https:\/\/bergamatiyatrofestivali.com\/wp-content\/uploads\/2022\/05\/Ask-Gecmisim_post.jpg 2250w, https:\/\/bergamatiyatrofestivali.com\/wp-content\/uploads\/2022\/05\/Ask-Gecmisim_post-300x300.jpg 300w, https:\/\/bergamatiyatrofestivali.com\/wp-content\/uploads\/2022\/05\/Ask-Gecmisim_post-1030x1030.jpg 1030w, https:\/\/bergamatiyatrofestivali.com\/wp-content\/uploads\/2022\/05\/Ask-Gecmisim_post-80x80.jpg 80w, https:\/\/bergamatiyatrofestivali.com\/wp-content\/uploads\/2022\/05\/Ask-Gecmisim_post-768x768.jpg 768w, https:\/\/bergamatiyatrofestivali.com\/wp-content\/uploads\/2022\/05\/Ask-Gecmisim_post-1536x1536.jpg 1536w, https:\/\/bergamatiyatrofestivali.com\/wp-content\/uploads\/2022\/05\/Ask-Gecmisim_post-2048x2048.jpg 2048w, https:\/\/bergamatiyatrofestivali.com\/wp-content\/uploads\/2022\/05\/Ask-Gecmisim_post-12x12.jpg 12w, https:\/\/bergamatiyatrofestivali.com\/wp-content\/uploads\/2022\/05\/Ask-Gecmisim_post-36x36.jpg 36w, https:\/\/bergamatiyatrofestivali.com\/wp-content\/uploads\/2022\/05\/Ask-Gecmisim_post-180x180.jpg 180w, https:\/\/bergamatiyatrofestivali.com\/wp-content\/uploads\/2022\/05\/Ask-Gecmisim_post-1500x1500.jpg 1500w, https:\/\/bergamatiyatrofestivali.com\/wp-content\/uploads\/2022\/05\/Ask-Gecmisim_post-705x705.jpg 705w\" sizes=\"(max-width: 2250px) 100vw, 2250px\" \/><\/div><\/div><\/div><br \/>\n<section class=\"av_textblock_section\"  itemscope=\"itemscope\" itemtype=\"https:\/\/schema.org\/CreativeWork\" ><div class='avia_textblock  av_inherit_color'  style='color:#1d1d1b; '  itemprop=\"text\" ><h2><strong>My Romantic History<\/strong><\/h2>\n<h3><em>My Romantic History\u00a0<\/em><\/h3>\n<h3><span style=\"font-weight: 400;\">Tatl\u0131 Ek\u015fi Tiyatro<\/span><\/h3>\n<h4><span style=\"font-weight: 400;\">5 Haziran-June \/ Pazar-Sunday, 21:00<\/span><\/h4>\n<h5><span style=\"font-weight: 400;\">Asklepion Antik Sahne \/ Asclepeion<\/span><span style=\"font-weight: 400;\"> Ancient Theatre<\/span><\/h5>\n<\/div><\/section><br \/>\n\n<style type=\"text\/css\" data-created_by=\"avia_inline_auto\" id=\"style-css-av-l31wu368-b55d1ca423699b76d96556cc87a62b0e\">\n#top .hr.hr-invisible.av-l31wu368-b55d1ca423699b76d96556cc87a62b0e{\nheight:20px;\n}\n<\/style>\n<div  class='hr av-l31wu368-b55d1ca423699b76d96556cc87a62b0e hr-invisible  avia-builder-el-3  el_after_av_textblock  el_before_av_buttonrow'><span class='hr-inner'><span class=\"hr-inner-style\"><\/span><\/span><\/div><br \/>\n<div  class='avia-buttonrow-wrap av-l31wor3y-67b289e4f234dc485e65a8d818b25d32 avia-buttonrow-left  avia-builder-el-4  el_after_av_hr  avia-builder-el-last'>\n\n<style type=\"text\/css\" data-created_by=\"avia_inline_auto\" id=\"style-css-av-l31wnryl-887659d64f450a9dd765141fc9b6f166\">\n#top #wrap_all .avia-button.av-l31wnryl-887659d64f450a9dd765141fc9b6f166{\nmargin-bottom:10px;\nmargin-right:10px;\n}\n#top #wrap_all .avia-button.av-l31wnryl-887659d64f450a9dd765141fc9b6f166:hover{\nbackground-color:black;\ncolor:#ffffff;\ntransition:all 0.4s ease-in-out;\n-webkit-transition:all 0.4s ease-in-out;\n-moz-transition:all 0.4s ease-in-out;\n-ms-transition:all 0.4s ease-in-out;\n-o-transition:all 0.4s ease-in-out;\n}\n<\/style>\n<a href='https:\/\/www.mobilet.com\/event\/ask-gecmisim-tatli-eksi-tiyatro-11677-4d2c' class='avia-button av-l31wnryl-887659d64f450a9dd765141fc9b6f166 avia-icon_select-yes-left-icon avia-size-large avia-color-black avia-font-color-white' target=\"_blank\" rel=\"noopener noreferrer\"><span class='avia_button_icon avia_button_icon_left' aria-hidden='true' data-av_icon='\ue881' data-av_iconfont='entypo-fontello'><\/span><span class='avia_iconbox_title' >MOB\u0130LET<\/span><\/a>\n<\/div><\/p><\/div><div class='flex_column av-2ir5lw-1cb7b61707438f1519c8bc437215fcc8 av_one_half  avia-builder-el-5  el_after_av_one_half  el_before_av_one_full  flex_column_div'   ><p><section class=\"av_textblock_section\"  itemscope=\"itemscope\" itemtype=\"https:\/\/schema.org\/CreativeWork\" ><div class='avia_textblock  av_inherit_color'  style='color:#1d1d1b; '  itemprop=\"text\" ><p><span style=\"font-weight: 400;\">Bir \u015firkette yeni i\u015fe giren Tom\u2019un a\u015fk hayat\u0131 tam bir fiyaskodur. Ayn\u0131 \u015firkette \u00e7al\u0131\u015fan Amy\u2019nin de ondan geri kal\u0131r yan\u0131 yoktur. \u0130\u015f \u00e7\u0131k\u0131\u015f\u0131 bir \u015feyler i\u00e7meye \u00e7\u0131karlar ve o gece ya\u015fad\u0131klar\u0131 tek gecelik ili\u015fki sonucunda ikisi de kendini, istemedi\u011fi f\u0131rt\u0131nal\u0131 bir ili\u015fkinin i\u00e7inde bulur.<\/span><\/p>\n<p>&#8211;<\/p>\n<p><span style=\"font-weight: 400;\">Recently hired Tom\u2019s love life is a complete fiasco. Working at the same company, Amy&#8217;s situation is no different from his. They go out for a drink after work, and as a result of their one-night stand, they both find themselves in a stormy relationship that they don&#8217;t want.<\/span><\/p>\n<\/div><\/section><br \/>\n\n<style type=\"text\/css\" data-created_by=\"avia_inline_auto\" id=\"style-css-av-2fwhmc-70a4530554969b22d375904f34af47f3\">\n#top .hr.hr-invisible.av-2fwhmc-70a4530554969b22d375904f34af47f3{\nheight:20px;\n}\n<\/style>\n<div  class='hr av-2fwhmc-70a4530554969b22d375904f34af47f3 hr-invisible  avia-builder-el-7  el_after_av_textblock  el_before_av_textblock'><span class='hr-inner'><span class=\"hr-inner-style\"><\/span><\/span><\/div><br \/>\n<section class=\"av_textblock_section\"  itemscope=\"itemscope\" itemtype=\"https:\/\/schema.org\/CreativeWork\" ><div class='avia_textblock  av_inherit_color'  style='color:#1d1d1b; '  itemprop=\"text\" ><p><b>Yap\u0131m \/ Production<\/b><span style=\"font-weight: 400;\">: Tatl\u0131 Ek\u015fi Tiyatro\u00a0<\/span><\/p>\n<p><b>Yazan \/ Written by:<\/b> <span style=\"font-weight: 400;\">D C Jackson<\/span><\/p>\n<p><b>Y\u00f6neten \/\u00a0 Directed by: <\/b><span style=\"font-weight: 400;\">Tu\u011frul T\u00fclek\u00a0<\/span><\/p>\n<p><b>\u00c7eviri \/ Translation:<\/b><span style=\"font-weight: 400;\"> Erdem Av\u015far<\/span><\/p>\n<p><b>Oyuncular \/ Cast:<\/b> <span style=\"font-weight: 400;\">\u015eebnem Bozoklu, R\u0131za Kocao\u011flu, Melisa Do\u011fu<\/span><\/p>\n<p><b>Y\u00f6netmen Yard\u0131mc\u0131s\u0131 \/ Assistant Director: <\/b><span style=\"font-weight: 400;\">\u00d6zge Erdem<\/span><\/p>\n<p><b>Dekor Tasar\u0131m\u0131 \/ Decor Design:<\/b><span style=\"font-weight: 400;\">S\u0131la Karaca, Seda Sa\u00e7l\u0131\u00a0<\/span><\/p>\n<p><b>Kost\u00fcm Tasar\u0131m\u0131 \/ Costume Design: <\/b><span style=\"font-weight: 400;\">Seval \u0130\u015fg\u00f6ren<\/span><\/p>\n<p><b>I\u015f\u0131k Tasar\u0131m\u0131 \/ Lighting Design: <\/b><span style=\"font-weight: 400;\">Mustafa Bal<\/span><\/p>\n<p><b>M\u00fczik Direkt\u00f6r\u00fc \/ Music Director: <\/b><span style=\"font-weight: 400;\">\u00d6zgehan \u00d6zturan<\/span><\/p>\n<p><b>Koreografi \/ Choreography<\/b><span style=\"font-weight: 400;\">: Gizem Erdem<\/span><\/p>\n<p><b>Prod\u00fcksiyon Amiri \/<\/b><b> Production Manager<\/b><b>:<\/b><span style=\"font-weight: 400;\"> Bar\u0131\u015f Hamarat<\/span><\/p>\n<p><b>I\u015f\u0131k Operat\u00f6r\u00fc \/ Light Operator : <\/b><span style=\"font-weight: 400;\">Melis Karaman<\/span><\/p>\n<p><b>Ses Operat\u00f6r\u00fc \/ Sound Operator <\/b><span style=\"font-weight: 400;\">: Meltem Sat\u0131lo\u011flu<\/span><\/p>\n<p><b>Asistanlar \/ <\/b><b>Assistants<\/b><span style=\"font-weight: 400;\">: S\u00fcleyman Emre Arslan \u2013 Ali Yi\u011fit Pekyener\u00a0<\/span><\/p>\n<p><b>Dekor Asistan\u0131 \/ Decor Assistant:<\/b><span style=\"font-weight: 400;\"> Meltem G\u00fcnayd\u0131n<\/span><\/p>\n<p><b>Afi\u015f Tasar\u0131m\u0131 \/ Poster Design:<\/b><span style=\"font-weight: 400;\"> Ervin Esen \u2013 Harita Metod<\/span><\/p>\n<p><b>Afi\u015f Foto\u011fraflar\u0131 \/ Poster Photos:<\/b><span style=\"font-weight: 400;\"> F\u0131rat Ko\u00e7ak<\/span><\/p>\n<p><b>Oyun S\u00fcresi \/ Performance Duration:<\/b> <span style=\"font-weight: 400;\">110\u2019 iki perde \/ 110\u2019 2 acts\u00a0<\/span><\/p>\n<p><b>Ya\u015f \/ Age: <\/b><span style=\"font-weight: 400;\">+13<\/span><\/p>\n<\/div><\/section><\/p><\/div><\/p>\n<div class='flex_column av-411o9g-a285de7ee2a007073c5740a181043d5c av_one_full  avia-builder-el-9  el_after_av_one_half  el_before_av_one_full  first flex_column_div column-top-margin'   ><\/div>\n<div class='flex_column av-289a7o-a21a9da525a844e38d42f172ff319952 av_one_full  avia-builder-el-10  el_after_av_one_full  el_before_av_one_full  first flex_column_div column-top-margin'   ><\/div>\n<div class='flex_column av-1yn4sk-e90ca8ffa1139c8caf23b5e6a73bc0ff av_one_full  avia-builder-el-11  el_after_av_one_full  avia-builder-el-last  first flex_column_div column-top-margin'   ><\/div>","protected":false},"excerpt":{"rendered":"","protected":false},"author":1,"featured_media":0,"parent":0,"menu_order":0,"comment_status":"closed","ping_status":"closed","template":"","meta":{"footnotes":""},"class_list":["post-2420","page","type-page","status-publish","hentry"],"_links":{"self":[{"href":"https:\/\/bergamatiyatrofestivali.com\/en\/wp-json\/wp\/v2\/pages\/2420","targetHints":{"allow":["GET"]}}],"collection":[{"href":"https:\/\/bergamatiyatrofestivali.com\/en\/wp-json\/wp\/v2\/pages"}],"about":[{"href":"https:\/\/bergamatiyatrofestivali.com\/en\/wp-json\/wp\/v2\/types\/page"}],"author":[{"embeddable":true,"href":"https:\/\/bergamatiyatrofestivali.com\/en\/wp-json\/wp\/v2\/users\/1"}],"replies":[{"embeddable":true,"href":"https:\/\/bergamatiyatrofestivali.com\/en\/wp-json\/wp\/v2\/comments?post=2420"}],"version-history":[{"count":30,"href":"https:\/\/bergamatiyatrofestivali.com\/en\/wp-json\/wp\/v2\/pages\/2420\/revisions"}],"predecessor-version":[{"id":2425,"href":"https:\/\/bergamatiyatrofestivali.com\/en\/wp-json\/wp\/v2\/pages\/2420\/revisions\/2425"}],"wp:attachment":[{"href":"https:\/\/bergamatiyatrofestivali.com\/en\/wp-json\/wp\/v2\/media?parent=2420"}],"curies":[{"name":"wp","href":"https:\/\/api.w.org\/{rel}","templated":true}]}}