{"id":2078,"date":"2022-03-21T16:03:21","date_gmt":"2022-03-21T13:03:21","guid":{"rendered":"https:\/\/all-aesthetics.com\/?page_id=2078"},"modified":"2022-06-02T19:09:27","modified_gmt":"2022-06-02T16:09:27","slug":"best-buddies-turkey","status":"publish","type":"page","link":"https:\/\/bergamatiyatrofestivali.com\/en\/best-buddies-turkey\/","title":{"rendered":"Best Buddies Turkey"},"content":{"rendered":"<div class='flex_column av-fxtgu-f245fe0be2d3e74a96b843fbff284c0d av_one_full  avia-builder-el-0  el_before_av_one_full  avia-builder-el-first  first flex_column_div'   ><style type=\"text\/css\" data-created_by=\"avia_inline_auto\" id=\"style-css-av-l10pxvvm-4238bf42de992f48cb6e2ce41a6001bc\">\n.avia-image-container.av-l10pxvvm-4238bf42de992f48cb6e2ce41a6001bc .av-image-caption-overlay-center{\ncolor:#ffffff;\n}\n<\/style>\n<div  class='avia-image-container av-l10pxvvm-4238bf42de992f48cb6e2ce41a6001bc av-styling- avia_animated_image avia_animate_when_almost_visible pop-up avia-align-center  avia-builder-el-1  avia-builder-el-no-sibling'  itemprop=\"image\" itemscope=\"itemscope\" itemtype=\"https:\/\/schema.org\/ImageObject\" ><div class=\"avia-image-container-inner\"><div class=\"avia-image-overlay-wrap\"><img decoding=\"async\" class='wp-image-3344 avia-img-lazy-loading-not-3344 avia_image' src=\"https:\/\/bergamatiyatrofestivali.com\/wp-content\/uploads\/2022\/05\/bb2.jpg\" alt='' title='bb2'  height=\"600\" width=\"900\"  itemprop=\"thumbnailUrl\" srcset=\"https:\/\/bergamatiyatrofestivali.com\/wp-content\/uploads\/2022\/05\/bb2.jpg 900w, https:\/\/bergamatiyatrofestivali.com\/wp-content\/uploads\/2022\/05\/bb2-300x200.jpg 300w, https:\/\/bergamatiyatrofestivali.com\/wp-content\/uploads\/2022\/05\/bb2-768x512.jpg 768w, https:\/\/bergamatiyatrofestivali.com\/wp-content\/uploads\/2022\/05\/bb2-18x12.jpg 18w, https:\/\/bergamatiyatrofestivali.com\/wp-content\/uploads\/2022\/05\/bb2-705x470.jpg 705w\" sizes=\"(max-width: 900px) 100vw, 900px\" \/><\/div><\/div><\/div><\/div><div class='flex_column av-21c7we-85bfe79915c04fdf4a0a01e75d812250 av_one_full  avia-builder-el-2  el_after_av_one_full  avia-builder-el-last  first flex_column_div column-top-margin'   ><section class=\"av_textblock_section\"  itemscope=\"itemscope\" itemtype=\"https:\/\/schema.org\/CreativeWork\" ><div class='avia_textblock'   itemprop=\"text\" ><p><em>25.05.2022<\/em><\/p>\n<p><span style=\"font-weight: 400;\">Bergama\u2019da Best Buddies bireysel g\u00f6n\u00fcll\u00fcl\u00fck program\u0131, Bergama Tiyatro Festivali ile ger\u00e7ekle\u015fiyor! Best Buddies Turkey\u2019in y\u00f6nlendirmesiyle yap\u0131lacak e\u015fle\u015fmeyle Bergama&#8217;dan projeye ba\u015fvuran \u00f6zel gereksinimli bireylerle festival ekibinin bir y\u0131l boyunca s\u00fcrmek \u00fczere ba\u015flang\u0131\u00e7 tohumu at\u0131lacak olan arkada\u015fl\u0131klar\u0131 ba\u015flayacak.\u00a0<\/span><\/p>\n<p><span style=\"font-weight: 400;\">Bergama Tiyatro Festivali ve Best Buddies Turkey e\u015fle\u015fme t\u00f6reni 2 Haziran\u2019da BTF\u201922 A\u00e7\u0131l\u0131\u015f Panay\u0131r\u0131\u2019nda ger\u00e7ekle\u015fecek.<\/span><\/p>\n<p><span style=\"font-weight: 400;\">Siz de Best Buddies g\u00f6n\u00fcll\u00fcs\u00fc olmak isterseniz ba\u015fvuru formuna ekledi\u011fimiz uzant\u0131dan ula\u015fabilirsiniz.<\/span><\/p>\n<p><a href=\"https:\/\/linktr.ee\/bergamatheatrefestival?fbclid=IwAR340_fzmjW3IzErVGWF2CzzSw0jrfgQ9TYj9ay9rqSavac7-STC68Og1QI\"><span style=\"font-weight: 400;\">https:\/\/linktr.ee\/bergamatheatrefestival<\/span><\/a><\/p>\n<p><span style=\"font-weight: 400;\">&#8211;<\/span><\/p>\n<p><span style=\"font-weight: 400;\">Best Buddies individual volunteering program in Bergama takes place with Bergama Theatre Festival!<\/span><\/p>\n<p><span style=\"font-weight: 400;\">With the match to be made under the guidance of Best Buddies Turkey, the friendship of the festival team with the individuals with special needs who applied for the project from Bergama will begin for a year.<\/span><\/p>\n<p><span style=\"font-weight: 400;\">Bergama Theatre Festival and Best Buddies Turkey matching ceremony will take place on 2th of June at 20:15 at the Asclepeion Ancient Theatre.\u00a0<\/span><\/p>\n<p><span style=\"font-weight: 400;\">If you want to be a Best Buddies volunteer, you can fill out the application form from the link we added.<\/span><a href=\"https:\/\/linktr.ee\/bergamatheatrefestival?fbclid=IwAR2t9rYnDSKf8DPb_17C5CJq9CX9zXeib8E1HHZxBxYXAB19CdtrtOIoXQI\"> <span style=\"font-weight: 400;\">https:\/\/linktr.ee\/bergamatheatrefestival<\/span><\/a><\/p>\n<p><a href=\"https:\/\/www.facebook.com\/hashtag\/bergamatiyatrofestivali?__eep__=6&amp;__cft__&#091;0&#093;=AZUFVLxKnrIn57K8SPlYVQbSBO3koySv9tPuadCJbVorFa97hjycWWMi03puHMLxTdXdVc_xXhguSBuBuxF1_yydJBuVVQFQkhXL7aqUx0cgTsi8ZH1m6Ab4qVnS8sOsOMf6gIeFj7mOwZFUKtPlW1Hi0H4swttluxXFNkqj42jiRTAE7GjZs7C_uoot_Go2P_0&amp;__tn__=*NK-R\"><span style=\"font-weight: 400;\">#bergamatiyatrofestivali<\/span><\/a><a href=\"https:\/\/www.facebook.com\/hashtag\/bergamatheatrefestival?__eep__=6&amp;__cft__&#091;0&#093;=AZUFVLxKnrIn57K8SPlYVQbSBO3koySv9tPuadCJbVorFa97hjycWWMi03puHMLxTdXdVc_xXhguSBuBuxF1_yydJBuVVQFQkhXL7aqUx0cgTsi8ZH1m6Ab4qVnS8sOsOMf6gIeFj7mOwZFUKtPlW1Hi0H4swttluxXFNkqj42jiRTAE7GjZs7C_uoot_Go2P_0&amp;__tn__=*NK-R\"> <span style=\"font-weight: 400;\">#bergamatheatrefestival<\/span><\/a><\/p>\n<p><span style=\"font-weight: 400;\">\u00a0@bestbuddiesTR @guzelislerder<\/span><\/p>\n<\/div><\/section><\/div><\/p>","protected":false},"excerpt":{"rendered":"","protected":false},"author":2,"featured_media":0,"parent":0,"menu_order":0,"comment_status":"closed","ping_status":"closed","template":"","meta":{"footnotes":""},"class_list":["post-2078","page","type-page","status-publish","hentry"],"_links":{"self":[{"href":"https:\/\/bergamatiyatrofestivali.com\/en\/wp-json\/wp\/v2\/pages\/2078","targetHints":{"allow":["GET"]}}],"collection":[{"href":"https:\/\/bergamatiyatrofestivali.com\/en\/wp-json\/wp\/v2\/pages"}],"about":[{"href":"https:\/\/bergamatiyatrofestivali.com\/en\/wp-json\/wp\/v2\/types\/page"}],"author":[{"embeddable":true,"href":"https:\/\/bergamatiyatrofestivali.com\/en\/wp-json\/wp\/v2\/users\/2"}],"replies":[{"embeddable":true,"href":"https:\/\/bergamatiyatrofestivali.com\/en\/wp-json\/wp\/v2\/comments?post=2078"}],"version-history":[{"count":8,"href":"https:\/\/bergamatiyatrofestivali.com\/en\/wp-json\/wp\/v2\/pages\/2078\/revisions"}],"predecessor-version":[{"id":3528,"href":"https:\/\/bergamatiyatrofestivali.com\/en\/wp-json\/wp\/v2\/pages\/2078\/revisions\/3528"}],"wp:attachment":[{"href":"https:\/\/bergamatiyatrofestivali.com\/en\/wp-json\/wp\/v2\/media?parent=2078"}],"curies":[{"name":"wp","href":"https:\/\/api.w.org\/{rel}","templated":true}]}}