{"id":14,"date":"2015-02-22T19:56:18","date_gmt":"2015-02-22T16:56:18","guid":{"rendered":"http:\/\/wp\/enfold-medium-business\/?page_id=14"},"modified":"2026-01-01T13:06:03","modified_gmt":"2026-01-01T10:06:03","slug":"hakkinda","status":"publish","type":"page","link":"https:\/\/bergamatiyatrofestivali.com\/en\/hakkinda\/","title":{"rendered":"ABOUT"},"content":{"rendered":"<style type=\"text\/css\" data-created_by=\"avia_inline_auto\" id=\"style-css-av-cznta-4213b7d26a158eb9cec2a6b88a88aeb9\">\n.avia-section.av-cznta-4213b7d26a158eb9cec2a6b88a88aeb9 .av-parallax .av-parallax-inner{\nbackground-repeat:no-repeat;\nbackground-image:url(https:\/\/bergamatiyatrofestivali.com\/wp-content\/uploads\/2022\/03\/2.jpg);\nbackground-position:50% 100%;\nbackground-attachment:scroll;\n}\n.avia-section.av-cznta-4213b7d26a158eb9cec2a6b88a88aeb9 .av-section-color-overlay{\nopacity:0.3;\nbackground-color:#000000;\n}\n<\/style>\n<div id='av_section_1'  class='avia-section av-cznta-4213b7d26a158eb9cec2a6b88a88aeb9 main_color avia-section-huge avia-no-border-styling  avia-builder-el-0  el_before_av_one_half  avia-builder-el-first  avia-full-stretch av-parallax-section avia-bg-style-parallax av-section-color-overlay-active  av-minimum-height av-minimum-height-50  container_wrap sidebar_right'  data-section-bg-repeat='stretch' data-av_minimum_height_pc='50'><div class='av-parallax' data-avia-parallax-ratio='0.3' ><div class='av-parallax-inner main_color avia-full-stretch'><\/div><\/div><div class='av-section-color-overlay-wrap'><div class=\"av-section-color-overlay\"><\/div><a href='#next-section' title='' class='scroll-down-link' aria-hidden='true' data-av_icon='\ue877' data-av_iconfont='entypo-fontello'><\/a><div class='container av-section-cont-open' ><main  role=\"main\" itemprop=\"mainContentOfPage\"  class='template-page content  av-content-small alpha units'><div class='post-entry post-entry-type-page post-entry-14'><div class='entry-content-wrapper clearfix'>\n<div class='flex_column av-c3cdy-2d67815fcfd2c5abab2d5b7f3c7716bf av_one_fifth  avia-builder-el-1  el_before_av_three_fifth  avia-builder-el-first  first flex_column_div'   ><\/div><div class='flex_column av-bngs6-f3b396f8d20841a9aee4a0f9cc420396 av_three_fifth  avia-builder-el-2  el_after_av_one_fifth  el_before_av_one_fifth  flex_column_div'   ><style type=\"text\/css\" data-created_by=\"avia_inline_auto\" id=\"style-css-av-13mh6-626f1d650b6af835e35ba8767658bb53\">\n#top .av-special-heading.av-13mh6-626f1d650b6af835e35ba8767658bb53{\npadding-bottom:10px;\ncolor:#ffffff;\nfont-size:40px;\n}\n.av-special-heading.av-13mh6-626f1d650b6af835e35ba8767658bb53 .special-heading-inner-border{\nborder-color:#ffffff;\n}\n<\/style>\n<div  class='av-special-heading av-13mh6-626f1d650b6af835e35ba8767658bb53 av-special-heading-h1 custom-color-heading blockquote modern-quote modern-centered  avia-builder-el-3  avia-builder-el-no-sibling  av-inherit-size'><h1 class='av-special-heading-tag'  itemprop=\"headline\"  > <\/h1><div class='special-heading-border'><div class='special-heading-inner-border'><\/div><\/div><\/div><\/div><div class='flex_column av-zviu-097df492a5b1730c6c26fa63a015908f av_one_fifth  avia-builder-el-4  el_after_av_three_fifth  el_before_av_one_full  flex_column_div'   ><\/div><div class='flex_column av-1hadi-296b12dfecc2947b3dbd654bfe863593 av_one_full  avia-builder-el-5  el_after_av_one_fifth  el_before_av_one_full  first flex_column_div column-top-margin'   ><\/div><div class='flex_column av-y4si-59e94a7763b3c4d01d9bd5468506c08f av_one_full  avia-builder-el-6  el_after_av_one_full  avia-builder-el-last  first flex_column_div column-top-margin'   ><\/div>\n<\/div><\/div><\/main><!-- close content main element --><\/div><\/div><\/div><div id='after_section_1'  class='main_color av_default_container_wrap container_wrap sidebar_right'  ><div class='container av-section-cont-open' ><div class='template-page content  av-content-small alpha units'><div class='post-entry post-entry-type-page post-entry-14'><div class='entry-content-wrapper clearfix'>\n<div class='flex_column av-v0ai-dec1ebbedf95fce1f3d775975a47416d av_one_half  avia-builder-el-7  el_after_av_section  el_before_av_one_half  avia-builder-el-first  first flex_column_div'   ><section class=\"av_textblock_section\"  itemscope=\"itemscope\" itemtype=\"https:\/\/schema.org\/CreativeWork\" ><div class='avia_textblock'   itemprop=\"text\" ><p><span style=\"font-weight: 400;\">\u0130lki 2018\u2019de ger\u00e7ekle\u015ftirilen yenilik\u00e7i bir tarih, k\u00fclt\u00fcr ve \u015fehir festivali olarak kendini tan\u0131mlayan Bergama Tiyatro Festivali; Berlin ve Bergama aras\u0131nda, Zeus Altar\u0131\u2019n\u0131n tart\u0131\u015fmal\u0131 bir \u015fekilde Berlin\u2019e ta\u015f\u0131nmas\u0131 ile ba\u015flayan tarihi ve g\u00fcncel ba\u011fdan ilham alarak ortaya \u00e7\u0131kt\u0131. Yap\u0131c\u0131 tart\u0131\u015fmalara zemin yaratma hayalinin yan\u0131nda Festival, ayn\u0131 zamanda Bergama\u2019n\u0131n zengin tarihi dokusu ve k\u00f6kl\u00fc tiyatro gelene\u011fiyle kat\u0131l\u0131mc\u0131lar\u0131 i\u00e7in \u00f6zel bir deneyim alan\u0131 yaratmak i\u00e7in \u00e7al\u0131\u015f\u0131yor.<\/span><\/p>\n<p><span style=\"font-weight: 400;\">Bergama Tiyatro Festivali, program se\u00e7kisinde yer alan yerel ve uluslararas\u0131 i\u015flerin yan\u0131 s\u0131ra geli\u015ftirdi\u011fi ortak projeler ve kurdu\u011fu ili\u015fkilerle Bergama\u2019n\u0131n hem b\u00f6lgede hem de ulusal \u00e7apta k\u00fclt\u00fcr politikalar\u0131 ve tiyatro alan\u0131nda bir bulu\u015fma ve payla\u015fma noktas\u0131 olmas\u0131n\u0131 hedeflemektedir.<\/span><\/p>\n<p><span style=\"font-weight: 400;\">2024 y\u0131l\u0131nda ger\u00e7ekle\u015fen 5. edisyon s\u0131ras\u0131nda ve sonras\u0131nda ya\u015fanan geli\u015fmeler \u00fczerine festivalin karar alma, uygulama ve temsiliyet s\u00fcre\u00e7lerinde Bergamal\u0131lar ve gen\u00e7lerin merkezde oldu\u011fu yeni bir \u201cD\u00f6n\u00fc\u015f\u00fcm\u201d s\u00fcreci ba\u015flam\u0131\u015f ve 2025 edisyonubulu\u015fmas\u0131 bu d\u00f6n\u00fc\u015f\u00fcm\u00fcn ilk somut \u00e7\u0131kt\u0131s\u0131 olmu\u015ftur.\u00a0<\/span><\/p>\n<p><span style=\"font-weight: 400;\">Kentin festivali her anlamda sahiplendi\u011fi bu yeni d\u00f6nemde 2026 senesi, Ffestival\u2019in sadece festival g\u00fcnlerinde de\u011fil, \u2018Sene Boyu BTF\u2019 ad\u0131yla y\u0131l boyunca kenti k\u00fclt\u00fcr sanat alan\u0131nda besledi\u011fi bir sene olarak kurgulanmaktad\u0131r.<\/span><\/p>\n<\/div><\/section><\/div><div class='flex_column av-2gu8i-0c45d1b75111dcdbf6dcc06066800dd6 av_one_half  avia-builder-el-9  el_after_av_one_half  avia-builder-el-last  flex_column_div'   ><style type=\"text\/css\" data-created_by=\"avia_inline_auto\" id=\"style-css-av-216yq-b44d1a66727bb29cbc6ff781cc016f99\">\n.avia-image-container.av-216yq-b44d1a66727bb29cbc6ff781cc016f99 .av-image-caption-overlay-center{\ncolor:#ffffff;\n}\n<\/style>\n<div  class='avia-image-container av-216yq-b44d1a66727bb29cbc6ff781cc016f99 av-styling- avia_animated_image avia_animate_when_almost_visible pop-up avia-align-center  avia-builder-el-10  avia-builder-el-no-sibling'  itemprop=\"image\" itemscope=\"itemscope\" itemtype=\"https:\/\/schema.org\/ImageObject\" ><div class=\"avia-image-container-inner\"><div class=\"avia-image-overlay-wrap\"><img decoding=\"async\" class='wp-image-2063 avia-img-lazy-loading-not-2063 avia_image' src=\"https:\/\/bergamatiyatrofestivali.com\/wp-content\/uploads\/2022\/03\/1-495x400.png\" alt='' title=''  height=\"400\" width=\"495\"  itemprop=\"thumbnailUrl\" srcset=\"https:\/\/bergamatiyatrofestivali.com\/wp-content\/uploads\/2022\/03\/1-495x400.png 495w, https:\/\/bergamatiyatrofestivali.com\/wp-content\/uploads\/2022\/03\/1-845x684.png 845w\" sizes=\"(max-width: 495px) 100vw, 495px\" \/><\/div><\/div><\/div><\/div><\/p>","protected":false},"excerpt":{"rendered":"","protected":false},"author":1,"featured_media":0,"parent":0,"menu_order":0,"comment_status":"closed","ping_status":"closed","template":"","meta":{"footnotes":""},"class_list":["post-14","page","type-page","status-publish","hentry"],"_links":{"self":[{"href":"https:\/\/bergamatiyatrofestivali.com\/en\/wp-json\/wp\/v2\/pages\/14","targetHints":{"allow":["GET"]}}],"collection":[{"href":"https:\/\/bergamatiyatrofestivali.com\/en\/wp-json\/wp\/v2\/pages"}],"about":[{"href":"https:\/\/bergamatiyatrofestivali.com\/en\/wp-json\/wp\/v2\/types\/page"}],"author":[{"embeddable":true,"href":"https:\/\/bergamatiyatrofestivali.com\/en\/wp-json\/wp\/v2\/users\/1"}],"replies":[{"embeddable":true,"href":"https:\/\/bergamatiyatrofestivali.com\/en\/wp-json\/wp\/v2\/comments?post=14"}],"version-history":[{"count":71,"href":"https:\/\/bergamatiyatrofestivali.com\/en\/wp-json\/wp\/v2\/pages\/14\/revisions"}],"predecessor-version":[{"id":4844,"href":"https:\/\/bergamatiyatrofestivali.com\/en\/wp-json\/wp\/v2\/pages\/14\/revisions\/4844"}],"wp:attachment":[{"href":"https:\/\/bergamatiyatrofestivali.com\/en\/wp-json\/wp\/v2\/media?parent=14"}],"curies":[{"name":"wp","href":"https:\/\/api.w.org\/{rel}","templated":true}]}}